{"id":1260,"date":"2025-11-04T20:36:52","date_gmt":"2025-11-04T20:36:52","guid":{"rendered":"https:\/\/relatoshibridos.cl\/ElOyente\/?page_id=1260"},"modified":"2025-11-07T02:34:50","modified_gmt":"2025-11-07T02:34:50","slug":"napster-vs-metallica","status":"publish","type":"page","link":"https:\/\/relatoshibridos.cl\/ElOyente\/napster-vs-metallica\/","title":{"rendered":"Entrada: NAPSTER VS METALLICA"},"content":{"rendered":"\n<div class=\"wp-block-group alignfull has-background has-global-padding is-layout-constrained wp-container-core-group-is-layout-669513ed wp-block-group-is-layout-constrained\" style=\"background:linear-gradient(280deg,rgb(17,17,17) 0%,rgb(184,69,28) 35%,rgb(219,171,136) 100%);margin-top:0;margin-bottom:0;padding-top:var(--wp--preset--spacing--50);padding-right:var(--wp--preset--spacing--50);padding-bottom:var(--wp--preset--spacing--50);padding-left:var(--wp--preset--spacing--50)\">\n<div style=\"height:var(--wp--preset--spacing--40)\" aria-hidden=\"true\" class=\"wp-block-spacer\"><\/div>\n\n\n\n<figure class=\"wp-block-gallery alignwide has-nested-images columns-default is-cropped wp-block-gallery-2 is-layout-flex wp-block-gallery-is-layout-flex\">\n<figure class=\"wp-block-image size-large is-style-rounded is-style-rounded--1\"><img loading=\"lazy\" decoding=\"async\" width=\"640\" height=\"426\" data-id=\"1262\" src=\"https:\/\/relatoshibridos.cl\/ElOyente\/wp-content\/uploads\/2025\/11\/James_Hetfield_with_Metallica_-_7_October_2004.jpg\" alt=\"\" class=\"wp-image-1262\" srcset=\"https:\/\/relatoshibridos.cl\/ElOyente\/wp-content\/uploads\/2025\/11\/James_Hetfield_with_Metallica_-_7_October_2004.jpg 640w, https:\/\/relatoshibridos.cl\/ElOyente\/wp-content\/uploads\/2025\/11\/James_Hetfield_with_Metallica_-_7_October_2004-300x200.jpg 300w\" sizes=\"auto, (max-width: 640px) 100vw, 640px\" \/><\/figure>\n<\/figure>\n<\/div>\n\n\n\n<div class=\"wp-block-group alignfull has-base-background-color has-background has-global-padding is-layout-constrained wp-container-core-group-is-layout-d89aad35 wp-block-group-is-layout-constrained\" style=\"margin-top:0;margin-bottom:0;padding-top:var(--wp--preset--spacing--50);padding-right:var(--wp--preset--spacing--50);padding-bottom:var(--wp--preset--spacing--50);padding-left:var(--wp--preset--spacing--50)\">\n<div class=\"wp-block-columns alignwide are-vertically-aligned-top is-layout-flex wp-container-core-columns-is-layout-549b0c86 wp-block-columns-is-layout-flex\">\n<div class=\"wp-block-column is-vertically-aligned-top is-layout-flow wp-container-core-column-is-layout-119bc444 wp-block-column-is-layout-flow\" style=\"flex-basis:60%\">\n<p class=\"has-heading-font-family has-x-large-font-size\" style=\"line-height:1.2\"><strong>Napster vs. Metallica: el conflicto que cambi\u00f3 para siempre la forma de escuchar m\u00fasica<\/strong><\/p>\n\n\n\n<div class=\"wp-block-columns is-layout-flex wp-container-core-columns-is-layout-87beb0d0 wp-block-columns-is-layout-flex\">\n<div class=\"wp-block-column is-layout-flow wp-block-column-is-layout-flow\">\n<p class=\"wp-container-content-9cfa9a5a\"><strong><a href=\"https:\/\/elpais.com\/icon\/2025-04-12\/cuando-metallica-se-enfrento-a-napster-25-anos-del-juicio-que-cambio-la-industria-musical-para-siempre.html\">El cambio rotundo en la industria musical, pincha aqu\u00ed para verlo desde el futuro<\/a><\/strong><\/p>\n\n\n\n<p>A comienzos de los a\u00f1os 2000, el mundo de la m\u00fasica enfrent\u00f3 una revoluci\u00f3n sin precedentes. Internet se masificaba y con ella surg\u00edan nuevas formas de acceder a contenidos que antes parec\u00edan exclusivos. En ese contexto naci\u00f3 <strong>Napster<\/strong>, una plataforma pionera que permit\u00eda a millones de usuarios compartir y descargar archivos MP3 de manera gratuita. Lo que para muchos representaba un acto de libertad cultural, para otros era una amenaza directa al negocio musical. Y as\u00ed comenz\u00f3 una de las batallas m\u00e1s emblem\u00e1ticas de la era digital: <strong>Metallica vs. Napster<\/strong>.<\/p>\n\n\n\n<h3 class=\"wp-block-heading\"><strong>El origen del conflicto<\/strong><\/h3>\n\n\n\n<p>Napster fue creada en 1999 por Shawn Fanning, un joven programador estadounidense que buscaba una forma sencilla de intercambiar canciones entre usuarios. Su sistema <strong>P2P (peer to peer)<\/strong> revolucion\u00f3 la manera de consumir m\u00fasica: ya no era necesario comprar un CD para escuchar un tema, bastaba con conectarse a internet y descargarlo. En pocos meses, la plataforma alcanz\u00f3 m\u00e1s de 80 millones de usuarios. <\/p>\n\n\n\n<p>Pero el auge de Napster encendi\u00f3 las alarmas de la industria musical. Las discogr\u00e1ficas y varios artistas comenzaron a denunciar p\u00e9rdidas millonarias por la descarga gratuita de canciones. En ese contexto, <strong>Metallica<\/strong> \u2014una de las bandas m\u00e1s exitosas del mundo\u2014 decidi\u00f3 dar un golpe sobre la mesa. En el a\u00f1o 2000 demand\u00f3 a Napster por violar los derechos de autor y tambi\u00e9n incluy\u00f3 en la querella a miles de usuarios que compart\u00edan su m\u00fasica sin pagar.<\/p>\n\n\n\n<h3 class=\"wp-block-heading\"><strong>Metallica contra la pirater\u00eda: \u00bfdefensa justa o exceso?<\/strong><\/h3>\n\n\n\n<p>El gesto de Metallica dividi\u00f3 al p\u00fablico. Para algunos, la banda defend\u00eda un principio b\u00e1sico: los artistas merecen ser remunerados por su trabajo. Para otros, su reacci\u00f3n fue desproporcionada y desconectada de la realidad econ\u00f3mica de los fan\u00e1ticos.<\/p>\n\n\n\n<p>De acuerdo con los datos obtenidos en una encuesta realizada por nuestro sitio, <strong>solo un 7,6% de los encuestados se mostr\u00f3 \u201cmuy de acuerdo\u201d<\/strong> con la decisi\u00f3n del grupo de llevar el caso a tribunales, mientras que <strong>un 27,3% dijo estar de acuerdo<\/strong>. En cambio, <strong>el 33,3% se manifest\u00f3 en desacuerdo<\/strong> y <strong>un 6,1% muy en desacuerdo<\/strong>, reflejando un rechazo mayoritario hacia la postura de la banda. Un <strong>25,8% se mantuvo neutral<\/strong>, lo que muestra que, incluso dos d\u00e9cadas despu\u00e9s, la disputa sigue generando opiniones encontradas.<\/p>\n\n\n\n<figure class=\"wp-block-image\"><img decoding=\"async\" src=\"https:\/\/public.flourish.studio\/visualisation\/26033099\/thumbnail\" alt=\"pictogram visualization\"\/><\/figure>\n\n\n\n<h3 class=\"wp-block-heading\"><strong>Descargar m\u00fasica gratis: entre la pirater\u00eda y el acceso a la cultura<\/strong><\/h3>\n\n\n\n<p>Lo que para las discogr\u00e1ficas era un acto de pirater\u00eda, para muchos usuarios fue la primera vez que pudieron acceder libremente a la m\u00fasica. La encuesta tambi\u00e9n revela este cambio de percepci\u00f3n: <strong>un 66,7% est\u00e1 \u201cmuy de acuerdo\u201d y un 25,8% \u201cde acuerdo\u201d<\/strong> con la idea de que descargar m\u00fasica gratis era una forma v\u00e1lida de acceder a la cultura, sobre todo cuando los discos f\u00edsicos resultaban inaccesibles para gran parte de la poblaci\u00f3n.<\/p>\n\n\n\n<figure class=\"wp-block-image\"><img decoding=\"async\" src=\"https:\/\/public.flourish.studio\/visualisation\/26033226\/thumbnail\" alt=\"gauge visualization\"\/><\/figure>\n\n\n\n<p>En los a\u00f1os 2000, un CD pod\u00eda costar el equivalente a varias horas de trabajo, mientras que una conexi\u00f3n a internet ofrec\u00eda un cat\u00e1logo ilimitado y gratuito. En ese sentido, Napster represent\u00f3 una <strong>democratizaci\u00f3n del acceso cultural<\/strong>, sobre todo entre los j\u00f3venes, que encontraron en la red una manera de descubrir artistas sin las barreras del mercado.<\/p>\n\n\n\n<h3 class=\"wp-block-heading\"><strong>Del caos digital al streaming: el caso Spotify<\/strong><\/h3>\n\n\n\n<p>Tras la ca\u00edda de Napster en 2001 \u2014obligada por la presi\u00f3n judicial y las demandas\u2014, la industria comenz\u00f3 a buscar nuevas formas de adaptarse al entorno digital. La respuesta lleg\u00f3 algunos a\u00f1os despu\u00e9s con el <strong>streaming<\/strong>, un modelo que promet\u00eda ser la soluci\u00f3n justa para todos: acceso ilimitado para los oyentes y pago por reproducci\u00f3n para los artistas.<\/p>\n\n\n\n<p>Servicios como <strong>Spotify, Apple Music o Deezer<\/strong> transformaron nuevamente el consumo musical, ofreciendo planes gratuitos con publicidad o suscripciones mensuales. Sin embargo, la idea de justicia sigue en debate. Seg\u00fan la encuesta, <strong>un 16,7% est\u00e1 \u201cmuy de acuerdo\u201d y un 40,9% \u201cde acuerdo\u201d<\/strong> con que el streaming ofrece una soluci\u00f3n justa, mientras que <strong>el 21,2% se mantiene neutral<\/strong> y otro <strong>21,2% est\u00e1 en desacuerdo<\/strong>.<\/p>\n\n\n\n<figure class=\"wp-block-image\"><img decoding=\"async\" src=\"https:\/\/public.flourish.studio\/visualisation\/26033656\/thumbnail\" alt=\"pictogram visualization\"\/><\/figure>\n\n\n\n<p>Las cifras reflejan que, aunque la pirater\u00eda disminuy\u00f3 y escuchar m\u00fasica se volvi\u00f3 m\u00e1s accesible, muchos cuestionan los bajos pagos que reciben los artistas por reproducci\u00f3n. As\u00ed, el dilema \u00e9tico que comenz\u00f3 con Napster sigue sin resolverse completamente.<\/p>\n\n\n\n<h3 class=\"wp-block-heading\"><strong>Un legado que perdura<\/strong><\/h3>\n\n\n\n<p>La batalla entre Metallica y Napster no fue solo un conflicto legal: fue el punto de partida de un debate cultural y tecnol\u00f3gico que transform\u00f3 para siempre la industria musical. Represent\u00f3 el choque entre dos eras: la del control y la del acceso.<\/p>\n\n\n\n<p class=\"wp-container-content-9cfa9a5a\">M\u00e1s de veinte a\u00f1os despu\u00e9s, la m\u00fasica sigue enfrentando el mismo desaf\u00edo que en el 2000: <strong>c\u00f3mo equilibrar el arte, la econom\u00eda y la tecnolog\u00eda<\/strong>. Napster cay\u00f3, pero su impacto perdura en cada canci\u00f3n que hoy escuchamos en streaming. Y aunque el modelo cambi\u00f3, la pregunta sigue vigente: \u00bfa qui\u00e9n pertenece realmente la m\u00fasica?<\/p>\n\n\n\n<p class=\"wp-container-content-9cfa9a5a\"><strong>Para adentrarte a\u00fan m\u00e1s en la d\u00e9cada de los 2000&#8217;s, <a href=\"https:\/\/relatoshibridos.cl\/ElOyente\/el-encanto-de-los-2000\/\">\u00a1pulsa este link y te sumergir\u00e1s!<\/a><\/strong><\/p>\n<\/div>\n<\/div>\n<\/div>\n<\/div>\n<\/div>\n","protected":false},"excerpt":{"rendered":"<p>Napster vs. Metallica: el conflicto que cambi\u00f3 para siempre la forma de escuchar m\u00fasica El cambio rotundo en la industria musical, pincha aqu\u00ed para verlo desde el futuro A comienzos de los a\u00f1os 2000, el mundo de la m\u00fasica enfrent\u00f3 una revoluci\u00f3n sin precedentes. Internet se masificaba y con ella surg\u00edan nuevas formas de acceder [&hellip;]<\/p>\n","protected":false},"author":7,"featured_media":1262,"parent":0,"menu_order":0,"comment_status":"closed","ping_status":"closed","template":"","meta":{"om_disable_all_campaigns":false,"pagelayer_contact_templates":[],"_pagelayer_content":"","footnotes":""},"class_list":["post-1260","page","type-page","status-publish","has-post-thumbnail","hentry"],"yoast_head":"<!-- This site is optimized with the Yoast SEO plugin v27.1.1 - https:\/\/yoast.com\/product\/yoast-seo-wordpress\/ -->\n<title>Entrada: NAPSTER VS METALLICA - El Oyente<\/title>\n<meta name=\"robots\" content=\"index, follow, max-snippet:-1, max-image-preview:large, max-video-preview:-1\" \/>\n<link rel=\"canonical\" href=\"https:\/\/relatoshibridos.cl\/ElOyente\/napster-vs-metallica\/\" \/>\n<meta property=\"og:locale\" content=\"es_ES\" \/>\n<meta property=\"og:type\" content=\"article\" \/>\n<meta property=\"og:title\" content=\"Entrada: NAPSTER VS METALLICA - El Oyente\" \/>\n<meta property=\"og:description\" content=\"Napster vs. Metallica: el conflicto que cambi\u00f3 para siempre la forma de escuchar m\u00fasica El cambio rotundo en la industria musical, pincha aqu\u00ed para verlo desde el futuro A comienzos de los a\u00f1os 2000, el mundo de la m\u00fasica enfrent\u00f3 una revoluci\u00f3n sin precedentes. Internet se masificaba y con ella surg\u00edan nuevas formas de acceder [&hellip;]\" \/>\n<meta property=\"og:url\" content=\"https:\/\/relatoshibridos.cl\/ElOyente\/napster-vs-metallica\/\" \/>\n<meta property=\"og:site_name\" content=\"El Oyente\" \/>\n<meta property=\"article:modified_time\" content=\"2025-11-07T02:34:50+00:00\" \/>\n<meta property=\"og:image\" content=\"https:\/\/relatoshibridos.cl\/ElOyente\/wp-content\/uploads\/2025\/11\/James_Hetfield_with_Metallica_-_7_October_2004.jpg\" \/>\n\t<meta property=\"og:image:width\" content=\"640\" \/>\n\t<meta property=\"og:image:height\" content=\"426\" \/>\n\t<meta property=\"og:image:type\" content=\"image\/jpeg\" \/>\n<meta name=\"twitter:card\" content=\"summary_large_image\" \/>\n<meta name=\"twitter:label1\" content=\"Tiempo de lectura\" \/>\n\t<meta name=\"twitter:data1\" content=\"5 minutos\" \/>\n<script type=\"application\/ld+json\" class=\"yoast-schema-graph\">{\"@context\":\"https:\/\/schema.org\",\"@graph\":[{\"@type\":\"WebPage\",\"@id\":\"https:\/\/relatoshibridos.cl\/ElOyente\/napster-vs-metallica\/\",\"url\":\"https:\/\/relatoshibridos.cl\/ElOyente\/napster-vs-metallica\/\",\"name\":\"Entrada: NAPSTER VS METALLICA - El Oyente\",\"isPartOf\":{\"@id\":\"https:\/\/relatoshibridos.cl\/ElOyente\/#website\"},\"primaryImageOfPage\":{\"@id\":\"https:\/\/relatoshibridos.cl\/ElOyente\/napster-vs-metallica\/#primaryimage\"},\"image\":{\"@id\":\"https:\/\/relatoshibridos.cl\/ElOyente\/napster-vs-metallica\/#primaryimage\"},\"thumbnailUrl\":\"https:\/\/relatoshibridos.cl\/ElOyente\/wp-content\/uploads\/2025\/11\/James_Hetfield_with_Metallica_-_7_October_2004.jpg\",\"datePublished\":\"2025-11-04T20:36:52+00:00\",\"dateModified\":\"2025-11-07T02:34:50+00:00\",\"breadcrumb\":{\"@id\":\"https:\/\/relatoshibridos.cl\/ElOyente\/napster-vs-metallica\/#breadcrumb\"},\"inLanguage\":\"es\",\"potentialAction\":[{\"@type\":\"ReadAction\",\"target\":[\"https:\/\/relatoshibridos.cl\/ElOyente\/napster-vs-metallica\/\"]}]},{\"@type\":\"ImageObject\",\"inLanguage\":\"es\",\"@id\":\"https:\/\/relatoshibridos.cl\/ElOyente\/napster-vs-metallica\/#primaryimage\",\"url\":\"https:\/\/relatoshibridos.cl\/ElOyente\/wp-content\/uploads\/2025\/11\/James_Hetfield_with_Metallica_-_7_October_2004.jpg\",\"contentUrl\":\"https:\/\/relatoshibridos.cl\/ElOyente\/wp-content\/uploads\/2025\/11\/James_Hetfield_with_Metallica_-_7_October_2004.jpg\",\"width\":640,\"height\":426},{\"@type\":\"BreadcrumbList\",\"@id\":\"https:\/\/relatoshibridos.cl\/ElOyente\/napster-vs-metallica\/#breadcrumb\",\"itemListElement\":[{\"@type\":\"ListItem\",\"position\":1,\"name\":\"Portada\",\"item\":\"https:\/\/relatoshibridos.cl\/ElOyente\/\"},{\"@type\":\"ListItem\",\"position\":2,\"name\":\"Entrada: NAPSTER VS METALLICA\"}]},{\"@type\":\"WebSite\",\"@id\":\"https:\/\/relatoshibridos.cl\/ElOyente\/#website\",\"url\":\"https:\/\/relatoshibridos.cl\/ElOyente\/\",\"name\":\"El Oyente\",\"description\":\"En el Oyente viajamos a trav\u00e9s de las d\u00e9cadas para descubrir c\u00f3mo ha evolucionado el sonido que nos acompa\u00f1a. Desde los vibrantes a\u00f1os 70&#039;s hasta los virtuales 2020&#039;s, repasamos a los artistas m\u00e1s influyentes, los tracks que marcaron cada \u00e9poca y los g\u00e9neros que definieron tendencias.\",\"publisher\":{\"@id\":\"https:\/\/relatoshibridos.cl\/ElOyente\/#organization\"},\"potentialAction\":[{\"@type\":\"SearchAction\",\"target\":{\"@type\":\"EntryPoint\",\"urlTemplate\":\"https:\/\/relatoshibridos.cl\/ElOyente\/?s={search_term_string}\"},\"query-input\":{\"@type\":\"PropertyValueSpecification\",\"valueRequired\":true,\"valueName\":\"search_term_string\"}}],\"inLanguage\":\"es\"},{\"@type\":\"Organization\",\"@id\":\"https:\/\/relatoshibridos.cl\/ElOyente\/#organization\",\"name\":\"El Oyente\",\"url\":\"https:\/\/relatoshibridos.cl\/ElOyente\/\",\"logo\":{\"@type\":\"ImageObject\",\"inLanguage\":\"es\",\"@id\":\"https:\/\/relatoshibridos.cl\/ElOyente\/#\/schema\/logo\/image\/\",\"url\":\"https:\/\/relatoshibridos.cl\/ElOyente\/wp-content\/uploads\/2025\/08\/eloyo.png\",\"contentUrl\":\"https:\/\/relatoshibridos.cl\/ElOyente\/wp-content\/uploads\/2025\/08\/eloyo.png\",\"width\":855,\"height\":270,\"caption\":\"El Oyente\"},\"image\":{\"@id\":\"https:\/\/relatoshibridos.cl\/ElOyente\/#\/schema\/logo\/image\/\"}}]}<\/script>\n<!-- \/ Yoast SEO plugin. -->","yoast_head_json":{"title":"Entrada: NAPSTER VS METALLICA - El Oyente","robots":{"index":"index","follow":"follow","max-snippet":"max-snippet:-1","max-image-preview":"max-image-preview:large","max-video-preview":"max-video-preview:-1"},"canonical":"https:\/\/relatoshibridos.cl\/ElOyente\/napster-vs-metallica\/","og_locale":"es_ES","og_type":"article","og_title":"Entrada: NAPSTER VS METALLICA - El Oyente","og_description":"Napster vs. Metallica: el conflicto que cambi\u00f3 para siempre la forma de escuchar m\u00fasica El cambio rotundo en la industria musical, pincha aqu\u00ed para verlo desde el futuro A comienzos de los a\u00f1os 2000, el mundo de la m\u00fasica enfrent\u00f3 una revoluci\u00f3n sin precedentes. Internet se masificaba y con ella surg\u00edan nuevas formas de acceder [&hellip;]","og_url":"https:\/\/relatoshibridos.cl\/ElOyente\/napster-vs-metallica\/","og_site_name":"El Oyente","article_modified_time":"2025-11-07T02:34:50+00:00","og_image":[{"width":640,"height":426,"url":"https:\/\/relatoshibridos.cl\/ElOyente\/wp-content\/uploads\/2025\/11\/James_Hetfield_with_Metallica_-_7_October_2004.jpg","type":"image\/jpeg"}],"twitter_card":"summary_large_image","twitter_misc":{"Tiempo de lectura":"5 minutos"},"schema":{"@context":"https:\/\/schema.org","@graph":[{"@type":"WebPage","@id":"https:\/\/relatoshibridos.cl\/ElOyente\/napster-vs-metallica\/","url":"https:\/\/relatoshibridos.cl\/ElOyente\/napster-vs-metallica\/","name":"Entrada: NAPSTER VS METALLICA - El Oyente","isPartOf":{"@id":"https:\/\/relatoshibridos.cl\/ElOyente\/#website"},"primaryImageOfPage":{"@id":"https:\/\/relatoshibridos.cl\/ElOyente\/napster-vs-metallica\/#primaryimage"},"image":{"@id":"https:\/\/relatoshibridos.cl\/ElOyente\/napster-vs-metallica\/#primaryimage"},"thumbnailUrl":"https:\/\/relatoshibridos.cl\/ElOyente\/wp-content\/uploads\/2025\/11\/James_Hetfield_with_Metallica_-_7_October_2004.jpg","datePublished":"2025-11-04T20:36:52+00:00","dateModified":"2025-11-07T02:34:50+00:00","breadcrumb":{"@id":"https:\/\/relatoshibridos.cl\/ElOyente\/napster-vs-metallica\/#breadcrumb"},"inLanguage":"es","potentialAction":[{"@type":"ReadAction","target":["https:\/\/relatoshibridos.cl\/ElOyente\/napster-vs-metallica\/"]}]},{"@type":"ImageObject","inLanguage":"es","@id":"https:\/\/relatoshibridos.cl\/ElOyente\/napster-vs-metallica\/#primaryimage","url":"https:\/\/relatoshibridos.cl\/ElOyente\/wp-content\/uploads\/2025\/11\/James_Hetfield_with_Metallica_-_7_October_2004.jpg","contentUrl":"https:\/\/relatoshibridos.cl\/ElOyente\/wp-content\/uploads\/2025\/11\/James_Hetfield_with_Metallica_-_7_October_2004.jpg","width":640,"height":426},{"@type":"BreadcrumbList","@id":"https:\/\/relatoshibridos.cl\/ElOyente\/napster-vs-metallica\/#breadcrumb","itemListElement":[{"@type":"ListItem","position":1,"name":"Portada","item":"https:\/\/relatoshibridos.cl\/ElOyente\/"},{"@type":"ListItem","position":2,"name":"Entrada: NAPSTER VS METALLICA"}]},{"@type":"WebSite","@id":"https:\/\/relatoshibridos.cl\/ElOyente\/#website","url":"https:\/\/relatoshibridos.cl\/ElOyente\/","name":"El Oyente","description":"En el Oyente viajamos a trav\u00e9s de las d\u00e9cadas para descubrir c\u00f3mo ha evolucionado el sonido que nos acompa\u00f1a. Desde los vibrantes a\u00f1os 70&#039;s hasta los virtuales 2020&#039;s, repasamos a los artistas m\u00e1s influyentes, los tracks que marcaron cada \u00e9poca y los g\u00e9neros que definieron tendencias.","publisher":{"@id":"https:\/\/relatoshibridos.cl\/ElOyente\/#organization"},"potentialAction":[{"@type":"SearchAction","target":{"@type":"EntryPoint","urlTemplate":"https:\/\/relatoshibridos.cl\/ElOyente\/?s={search_term_string}"},"query-input":{"@type":"PropertyValueSpecification","valueRequired":true,"valueName":"search_term_string"}}],"inLanguage":"es"},{"@type":"Organization","@id":"https:\/\/relatoshibridos.cl\/ElOyente\/#organization","name":"El Oyente","url":"https:\/\/relatoshibridos.cl\/ElOyente\/","logo":{"@type":"ImageObject","inLanguage":"es","@id":"https:\/\/relatoshibridos.cl\/ElOyente\/#\/schema\/logo\/image\/","url":"https:\/\/relatoshibridos.cl\/ElOyente\/wp-content\/uploads\/2025\/08\/eloyo.png","contentUrl":"https:\/\/relatoshibridos.cl\/ElOyente\/wp-content\/uploads\/2025\/08\/eloyo.png","width":855,"height":270,"caption":"El Oyente"},"image":{"@id":"https:\/\/relatoshibridos.cl\/ElOyente\/#\/schema\/logo\/image\/"}}]}},"_links":{"self":[{"href":"https:\/\/relatoshibridos.cl\/ElOyente\/wp-json\/wp\/v2\/pages\/1260","targetHints":{"allow":["GET"]}}],"collection":[{"href":"https:\/\/relatoshibridos.cl\/ElOyente\/wp-json\/wp\/v2\/pages"}],"about":[{"href":"https:\/\/relatoshibridos.cl\/ElOyente\/wp-json\/wp\/v2\/types\/page"}],"author":[{"embeddable":true,"href":"https:\/\/relatoshibridos.cl\/ElOyente\/wp-json\/wp\/v2\/users\/7"}],"replies":[{"embeddable":true,"href":"https:\/\/relatoshibridos.cl\/ElOyente\/wp-json\/wp\/v2\/comments?post=1260"}],"version-history":[{"count":4,"href":"https:\/\/relatoshibridos.cl\/ElOyente\/wp-json\/wp\/v2\/pages\/1260\/revisions"}],"predecessor-version":[{"id":1335,"href":"https:\/\/relatoshibridos.cl\/ElOyente\/wp-json\/wp\/v2\/pages\/1260\/revisions\/1335"}],"wp:featuredmedia":[{"embeddable":true,"href":"https:\/\/relatoshibridos.cl\/ElOyente\/wp-json\/wp\/v2\/media\/1262"}],"wp:attachment":[{"href":"https:\/\/relatoshibridos.cl\/ElOyente\/wp-json\/wp\/v2\/media?parent=1260"}],"curies":[{"name":"wp","href":"https:\/\/api.w.org\/{rel}","templated":true}]}}