{"id":1272,"date":"2025-11-04T20:04:54","date_gmt":"2025-11-04T20:04:54","guid":{"rendered":"https:\/\/relatoshibridos.cl\/ElOyente\/?page_id=1272"},"modified":"2025-11-05T17:37:57","modified_gmt":"2025-11-05T17:37:57","slug":"2020-musical","status":"publish","type":"page","link":"https:\/\/relatoshibridos.cl\/ElOyente\/2020-musical\/","title":{"rendered":"LOS 2020"},"content":{"rendered":"\n<div class=\"wp-block-group alignfull has-background has-global-padding is-layout-constrained wp-container-core-group-is-layout-669513ed wp-block-group-is-layout-constrained\" style=\"background:linear-gradient(180deg,rgb(151,240,151) 0%,rgb(46,253,5) 100%);margin-top:0;margin-bottom:0;padding-top:var(--wp--preset--spacing--50);padding-right:var(--wp--preset--spacing--50);padding-bottom:var(--wp--preset--spacing--50);padding-left:var(--wp--preset--spacing--50)\">\n<h1><strong>LO M\u00c1S LLAMATIVO DE LOS 2020&#8217;S \u00bfCOLABORACIONES\/<\/strong><br><strong>MEZCLA DE G\u00c9NEROS?<\/strong><\/h1>\n\n\n\n<div class=\"wp-block-columns alignwide is-layout-flex wp-container-core-columns-is-layout-1da03c2a wp-block-columns-is-layout-flex\">\n<div class=\"wp-block-column is-vertically-aligned-stretch is-layout-flow wp-block-column-is-layout-flow\" style=\"flex-basis:50%\">\n<div class=\"wp-block-group is-vertical is-content-justification-center is-layout-flex wp-container-core-group-is-layout-b6c1f246 wp-block-group-is-layout-flex\" style=\"min-height:100%\">\n<p class=\"has-text-align-left has-heading-font-family\" style=\"font-size:clamp(0.984rem, 0.984rem + ((1vw - 0.2rem) * 0.86), 1.5rem);line-height:1.2\">El proceso de evoluci\u00f3n musical es algo que est\u00e1 en constante cambio, a los 2020&#8217;s se han podido evidenciar much\u00edsimos artistas que se han atrevido a probar nuevos estilos y g\u00e9neros. De estos \u00faltimos destacan el hyperpop, que es una mezcla musical de sonidos distorsionados y ritmos glitch con elementos del pop y electr\u00f3nica; el afrobeat latino, una fusi\u00f3n entre g\u00e9neros, el afrobeat y ritmos latinos; la cumbia b\u00e9lica, combina la cumbia tradicional con la tem\u00e1tica de los corridos, entre otros.&nbsp;<br><\/p>\n<\/div>\n<\/div>\n\n\n\n<div class=\"wp-block-column is-vertically-aligned-center is-layout-flow wp-block-column-is-layout-flow\" style=\"flex-basis:50%\">\n<figure class=\"wp-block-image size-large is-style-rounded is-style-rounded--1\"><img loading=\"lazy\" decoding=\"async\" width=\"819\" height=\"1024\" src=\"https:\/\/relatoshibridos.cl\/ElOyente\/wp-content\/uploads\/2025\/11\/pexels-ashutoshsonwani-1762578-819x1024.jpg\" alt=\"\" class=\"wp-image-1286\" style=\"aspect-ratio:3\/4;object-fit:cover\" srcset=\"https:\/\/relatoshibridos.cl\/ElOyente\/wp-content\/uploads\/2025\/11\/pexels-ashutoshsonwani-1762578-819x1024.jpg 819w, https:\/\/relatoshibridos.cl\/ElOyente\/wp-content\/uploads\/2025\/11\/pexels-ashutoshsonwani-1762578-240x300.jpg 240w, https:\/\/relatoshibridos.cl\/ElOyente\/wp-content\/uploads\/2025\/11\/pexels-ashutoshsonwani-1762578-768x960.jpg 768w, https:\/\/relatoshibridos.cl\/ElOyente\/wp-content\/uploads\/2025\/11\/pexels-ashutoshsonwani-1762578.jpg 960w\" sizes=\"auto, (max-width: 819px) 100vw, 819px\" \/><\/figure>\n<\/div>\n<\/div>\n\n\n\n<p><strong>Una de las principales exponentes del g\u00e9nero musical hyperpop es, por ejemplo, Charli XCX que en el a\u00f1o 2024 lanz\u00f3 su \u00e1lbum <em><a href=\"https:\/\/open.spotify.com\/intl-es\/album\/2lIZef4lzdvZkiiCzvPKj7?si=MsDXprG-RU-t6jy823TOVQ\">Brat<\/a><\/em>.<\/strong> <\/p>\n\n\n\n<p><strong>Con 15 canciones y un gran reconocimiento en el mundo y las redes sociales, se posicion\u00f3 en las listas de m\u00e1s reproducidos<\/strong>.<\/p>\n\n\n\n<p><strong>Este \u00e1lbum fue muy exitoso, Charli XCX gan\u00f3 tres premios Grammys y cinco premios Brit, adem\u00e1s de ser aclamada por cr\u00edticos.<\/strong><\/p>\n\n\n\n<figure class=\"wp-block-embed is-type-video is-provider-youtube wp-block-embed-youtube wp-embed-aspect-16-9 wp-has-aspect-ratio\"><div class=\"wp-block-embed__wrapper\">\n<iframe loading=\"lazy\" title=\"Charli xcx - Club classics (official lyric video)\" width=\"500\" height=\"281\" src=\"https:\/\/www.youtube.com\/embed\/rd1AZym4lEY?feature=oembed\" frameborder=\"0\" allow=\"accelerometer; autoplay; clipboard-write; encrypted-media; gyroscope; picture-in-picture; web-share\" referrerpolicy=\"strict-origin-when-cross-origin\" allowfullscreen><\/iframe>\n<\/div><\/figure>\n<\/div>\n\n\n\n<div class=\"wp-block-group alignfull has-background has-global-padding is-layout-constrained wp-container-core-group-is-layout-d89aad35 wp-block-group-is-layout-constrained\" style=\"background:linear-gradient(180deg,rgb(71,172,172) 21%,rgb(90,230,172) 68%);margin-top:0;margin-bottom:0;padding-top:var(--wp--preset--spacing--50);padding-right:var(--wp--preset--spacing--50);padding-bottom:var(--wp--preset--spacing--50);padding-left:var(--wp--preset--spacing--50)\">\n<h2><strong>RESULTADO DE ENCUESTA <\/strong><\/h2>\n\n\n\n<div class=\"wp-block-columns alignwide is-layout-flex wp-container-core-columns-is-layout-1da03c2a wp-block-columns-is-layout-flex\">\n<div class=\"wp-block-column is-vertically-aligned-center is-layout-flow wp-block-column-is-layout-flow\" style=\"flex-basis:60%\">\n<figure class=\"wp-block-embed is-type-wp-embed is-provider-flourish wp-block-embed-flourish\"><div class=\"wp-block-embed__wrapper\">\n<iframe loading=\"lazy\" class=\"wp-embedded-content\" sandbox=\"allow-scripts\" security=\"restricted\" title=\"Interactive or visual content\" src=\"https:\/\/flo.uri.sh\/visualisation\/25772359\/embed#?secret=7gJpikcySW\" data-secret=\"7gJpikcySW\" frameborder=\"0\" scrolling=\"no\" height=\"575\" width=\"500\"><\/iframe>\n<\/div><\/figure>\n<\/div>\n\n\n\n<div class=\"wp-block-column is-layout-flow wp-block-column-is-layout-flow\" style=\"flex-basis:40%\">\n<p><\/p>\n\n\n\n<p><\/p>\n\n\n\n<h3 class=\"wp-block-heading\">Se realiz\u00f3 una encuesta para conocer la opini\u00f3n musical a personas de edades y g\u00e9neros diferentes, respecto de la m\u00fasica de los 2020&#8217;s. <\/h3>\n\n\n\n<h4><br><strong>Una de las preguntas realizadas fue qu\u00e9 g\u00e9nero consideran que ha predominado en los 2020\u2019s. Este gr\u00e1fico refleja las opiniones de los entrevistados<\/strong>.<\/h4>\n\n\n\n<h4><br><strong>Se evidencia que existe una alta tendencia a la opci\u00f3n de que no existe s\u00f3lo un g\u00e9nero predominante, m\u00e1s bien es una mezcla de g\u00e9neros.<\/strong><\/h4>\n\n\n\n<p><\/p>\n\n\n\n<p><\/p>\n\n\n\n<p>.<br><\/p>\n<\/div>\n<\/div>\n<\/div>\n\n\n\n<div class=\"wp-block-group alignfull has-background has-global-padding is-content-justification-center is-layout-constrained wp-container-core-group-is-layout-07713731 wp-block-group-is-layout-constrained\" style=\"background:linear-gradient(180deg,rgb(227,3,3) 0%,rgb(219,218,136) 98%);margin-top:0;margin-bottom:0;padding-top:var(--wp--preset--spacing--50);padding-right:var(--wp--preset--spacing--50);padding-bottom:var(--wp--preset--spacing--50);padding-left:var(--wp--preset--spacing--50)\">\n<div class=\"wp-block-group is-vertical is-content-justification-center is-layout-flex wp-container-core-group-is-layout-ce155fab wp-block-group-is-layout-flex\">\n<h5 class=\"wp-block-heading has-text-align-center\" style=\"font-size:clamp(0.984rem, 0.984rem + ((1vw - 0.2rem) * 0.86), 1.5rem);\">Otra de las aristas que ha llamado la atenci\u00f3n en los \u00faltimos 5 a\u00f1os en el \u00e1mbito musical, son entonces las nuevas colaboraciones entre artistas nunca antes vistas que han ganado terreno. Asimismo, la transformaci\u00f3n en la m\u00fasica ha permitido la visibilizaci\u00f3n de nuevos artistas y un reconocimiento de artistas no angloparlantes. <\/h5>\n\n\n\n<div class=\"wp-block-group has-global-padding is-layout-constrained wp-block-group-is-layout-constrained\">\n<h5><strong>Lo cual llev\u00f3 a realizar la siguiente pregunta a los encuestados &#8220;\u00bfQu\u00e9 ha sido lo mejor que ha dejado esta \u00e9poca de los 2020&#8217;s en la m\u00fasica?&#8221; A continuaci\u00f3n se muestra un gr\u00e1fico sobre los principales t\u00e9rminos utilizados por los encuestados en sus respuestas:<\/strong><\/h5>\n<\/div>\n<\/div>\n\n\n\n<div class=\"wp-block-columns alignwide is-layout-flex wp-container-core-columns-is-layout-4935966c wp-block-columns-is-layout-flex\" style=\"padding-right:0;padding-left:0\">\n<div class=\"wp-block-column is-layout-flow wp-block-column-is-layout-flow\">\n<figure class=\"wp-block-embed aligncenter is-type-wp-embed is-provider-flourish wp-block-embed-flourish\"><div class=\"wp-block-embed__wrapper\">\n<iframe loading=\"lazy\" class=\"wp-embedded-content\" sandbox=\"allow-scripts\" security=\"restricted\" title=\"Interactive or visual content\" src=\"https:\/\/flo.uri.sh\/visualisation\/25899765\/embed#?secret=9Ti8UKnMew\" data-secret=\"9Ti8UKnMew\" frameborder=\"0\" scrolling=\"no\" height=\"575\" width=\"500\"><\/iframe>\n<\/div><\/figure>\n<\/div>\n<\/div>\n<\/div>\n\n\n\n<div class=\"wp-block-group alignfull has-base-color has-text-color has-background has-link-color wp-elements-e820d7d84a1f1f7c5ad6b5e0849f38a1 has-global-padding is-layout-constrained wp-container-core-group-is-layout-d89aad35 wp-block-group-is-layout-constrained\" style=\"background:linear-gradient(180deg,rgb(30,54,99) 1%,rgb(136,197,219) 100%);margin-top:0;margin-bottom:0;padding-top:var(--wp--preset--spacing--50);padding-right:var(--wp--preset--spacing--50);padding-bottom:var(--wp--preset--spacing--50);padding-left:var(--wp--preset--spacing--50)\">\n<h4 class=\"wp-block-heading alignwide has-text-align-center has-base-color has-text-color has-link-color wp-elements-c20c1eec9c0592e2c23fe181222c318e\" style=\"font-size:clamp(2.835rem, 2.835rem + ((1vw - 0.2rem) * 4.442), 5.5rem);letter-spacing:-0.02em\">EXPANSI\u00d3N DE LA M\u00daSICA LATINA<\/h4>\n\n\n\n<p><strong>Asimismo, se consult\u00f3 la opini\u00f3n de los encuestados respecto de su grado de acuerdo en si en los \u00faltimos 5 a\u00f1os la m\u00fasica latina ha generado un gran impacto mejor reconocimiento en la industria musical. De un 1 a un 5, qu\u00e9 tan de acuerdo est\u00e1s con esta afirmaci\u00f3n. Este fue entonces el resultado: <\/strong><\/p>\n\n\n\n<figure class=\"wp-block-embed is-type-wp-embed is-provider-flourish wp-block-embed-flourish\"><div class=\"wp-block-embed__wrapper\">\n<iframe loading=\"lazy\" class=\"wp-embedded-content\" sandbox=\"allow-scripts\" security=\"restricted\" title=\"Interactive or visual content\" src=\"https:\/\/flo.uri.sh\/visualisation\/25901339\/embed#?secret=UdB7CZlDRG\" data-secret=\"UdB7CZlDRG\" frameborder=\"0\" scrolling=\"no\" height=\"575\" width=\"500\"><\/iframe>\n<\/div><\/figure>\n\n\n\n<p class=\"has-contrast-color has-text-color has-link-color wp-elements-ecfdfdd9c4c74ad73d8724cfe31e5939\" style=\"font-size:clamp(1.039rem, 1.039rem + ((1vw - 0.2rem) * 0.935), 1.6rem);\"><strong>La m\u00fasica latina ha ganado terreno en la industria musicales en los \u00faltimos a\u00f1os. Seg\u00fan cifras del RIAA, la m\u00fasica latina rompi\u00f3 r\u00e9cords en 2024, en Estados Unidos con ingresos de $1400 millones de d\u00f3lares. Aportando un crecimiento econ\u00f3mico del 6%.<\/strong><\/p>\n\n\n\n<p class=\"has-contrast-color has-text-color has-link-color wp-elements-c4445ac969118345d895a7f10f943884\" style=\"font-size:clamp(1.039rem, 1.039rem + ((1vw - 0.2rem) * 0.935), 1.6rem);\"><strong>Seg\u00fan la revista Rolling Stones, la m\u00fasica latina se ha posicionado como una fuerza global de la m\u00fasica, con un 8,1% de la participaci\u00f3n en el mercado total de producciones grabadas en Estados Unidos.<\/strong><\/p>\n<\/div>\n\n\n\n<p class=\"has-text-align-center\">Si te gust\u00f3 esta nota revisa tambi\u00e9n:<a href=\"https:\/\/relatoshibridos.cl\/ElOyente\/siguen-vigentes-los-anos-70s-la-decada-que-palpita-libertad\/\"> LOS 70&#8217;S<\/a><\/p>\n","protected":false},"excerpt":{"rendered":"<p>El proceso de evoluci\u00f3n musical es algo que est\u00e1 en constante cambio, a los 2020&#8217;s se han podido evidenciar much\u00edsimos artistas que se han atrevido a probar nuevos estilos y g\u00e9neros. De estos \u00faltimos destacan el hyperpop, que es una mezcla musical de sonidos distorsionados y ritmos glitch con elementos del pop y electr\u00f3nica; el [&hellip;]<\/p>\n","protected":false},"author":5,"featured_media":0,"parent":0,"menu_order":0,"comment_status":"closed","ping_status":"closed","template":"","meta":{"om_disable_all_campaigns":false,"pagelayer_contact_templates":[],"_pagelayer_content":"","footnotes":""},"class_list":["post-1272","page","type-page","status-publish","hentry"],"yoast_head":"<!-- This site is optimized with the Yoast SEO plugin v27.1.1 - https:\/\/yoast.com\/product\/yoast-seo-wordpress\/ -->\n<title>LOS 2020 - El Oyente<\/title>\n<meta name=\"description\" content=\"El proceso de evoluci\u00f3n musical cambia constantemente y en los 2020&#039;s se ha evidenciado a muchos artistas que han experimentado en la m\u00fasica.\" \/>\n<meta name=\"robots\" content=\"index, follow, max-snippet:-1, max-image-preview:large, max-video-preview:-1\" \/>\n<link rel=\"canonical\" href=\"https:\/\/relatoshibridos.cl\/ElOyente\/2020-musical\/\" \/>\n<meta property=\"og:locale\" content=\"es_ES\" \/>\n<meta property=\"og:type\" content=\"article\" \/>\n<meta property=\"og:title\" content=\"LOS 2020 - El Oyente\" \/>\n<meta property=\"og:description\" content=\"El proceso de evoluci\u00f3n musical cambia constantemente y en los 2020&#039;s se ha evidenciado a muchos artistas que han experimentado en la m\u00fasica.\" \/>\n<meta property=\"og:url\" content=\"https:\/\/relatoshibridos.cl\/ElOyente\/2020-musical\/\" \/>\n<meta property=\"og:site_name\" content=\"El Oyente\" \/>\n<meta property=\"article:modified_time\" content=\"2025-11-05T17:37:57+00:00\" \/>\n<meta property=\"og:image\" content=\"https:\/\/relatoshibridos.cl\/ElOyente\/wp-content\/uploads\/2025\/11\/pexels-ashutoshsonwani-1762578.jpg\" \/>\n\t<meta property=\"og:image:width\" content=\"960\" \/>\n\t<meta property=\"og:image:height\" content=\"1200\" \/>\n\t<meta property=\"og:image:type\" content=\"image\/jpeg\" \/>\n<meta name=\"twitter:card\" content=\"summary_large_image\" \/>\n<meta name=\"twitter:label1\" content=\"Tiempo de lectura\" \/>\n\t<meta name=\"twitter:data1\" content=\"3 minutos\" \/>\n<script type=\"application\/ld+json\" class=\"yoast-schema-graph\">{\"@context\":\"https:\/\/schema.org\",\"@graph\":[{\"@type\":\"WebPage\",\"@id\":\"https:\/\/relatoshibridos.cl\/ElOyente\/2020-musical\/\",\"url\":\"https:\/\/relatoshibridos.cl\/ElOyente\/2020-musical\/\",\"name\":\"LOS 2020 - El Oyente\",\"isPartOf\":{\"@id\":\"https:\/\/relatoshibridos.cl\/ElOyente\/#website\"},\"primaryImageOfPage\":{\"@id\":\"https:\/\/relatoshibridos.cl\/ElOyente\/2020-musical\/#primaryimage\"},\"image\":{\"@id\":\"https:\/\/relatoshibridos.cl\/ElOyente\/2020-musical\/#primaryimage\"},\"thumbnailUrl\":\"https:\/\/relatoshibridos.cl\/ElOyente\/wp-content\/uploads\/2025\/11\/pexels-ashutoshsonwani-1762578-819x1024.jpg\",\"datePublished\":\"2025-11-04T20:04:54+00:00\",\"dateModified\":\"2025-11-05T17:37:57+00:00\",\"description\":\"El proceso de evoluci\u00f3n musical cambia constantemente y en los 2020's se ha evidenciado a muchos artistas que han experimentado en la m\u00fasica.\",\"breadcrumb\":{\"@id\":\"https:\/\/relatoshibridos.cl\/ElOyente\/2020-musical\/#breadcrumb\"},\"inLanguage\":\"es\",\"potentialAction\":[{\"@type\":\"ReadAction\",\"target\":[\"https:\/\/relatoshibridos.cl\/ElOyente\/2020-musical\/\"]}]},{\"@type\":\"ImageObject\",\"inLanguage\":\"es\",\"@id\":\"https:\/\/relatoshibridos.cl\/ElOyente\/2020-musical\/#primaryimage\",\"url\":\"https:\/\/relatoshibridos.cl\/ElOyente\/wp-content\/uploads\/2025\/11\/pexels-ashutoshsonwani-1762578.jpg\",\"contentUrl\":\"https:\/\/relatoshibridos.cl\/ElOyente\/wp-content\/uploads\/2025\/11\/pexels-ashutoshsonwani-1762578.jpg\",\"width\":960,\"height\":1200},{\"@type\":\"BreadcrumbList\",\"@id\":\"https:\/\/relatoshibridos.cl\/ElOyente\/2020-musical\/#breadcrumb\",\"itemListElement\":[{\"@type\":\"ListItem\",\"position\":1,\"name\":\"Portada\",\"item\":\"https:\/\/relatoshibridos.cl\/ElOyente\/\"},{\"@type\":\"ListItem\",\"position\":2,\"name\":\"LOS 2020\"}]},{\"@type\":\"WebSite\",\"@id\":\"https:\/\/relatoshibridos.cl\/ElOyente\/#website\",\"url\":\"https:\/\/relatoshibridos.cl\/ElOyente\/\",\"name\":\"El Oyente\",\"description\":\"En el Oyente viajamos a trav\u00e9s de las d\u00e9cadas para descubrir c\u00f3mo ha evolucionado el sonido que nos acompa\u00f1a. Desde los vibrantes a\u00f1os 70&#039;s hasta los virtuales 2020&#039;s, repasamos a los artistas m\u00e1s influyentes, los tracks que marcaron cada \u00e9poca y los g\u00e9neros que definieron tendencias.\",\"publisher\":{\"@id\":\"https:\/\/relatoshibridos.cl\/ElOyente\/#organization\"},\"potentialAction\":[{\"@type\":\"SearchAction\",\"target\":{\"@type\":\"EntryPoint\",\"urlTemplate\":\"https:\/\/relatoshibridos.cl\/ElOyente\/?s={search_term_string}\"},\"query-input\":{\"@type\":\"PropertyValueSpecification\",\"valueRequired\":true,\"valueName\":\"search_term_string\"}}],\"inLanguage\":\"es\"},{\"@type\":\"Organization\",\"@id\":\"https:\/\/relatoshibridos.cl\/ElOyente\/#organization\",\"name\":\"El Oyente\",\"url\":\"https:\/\/relatoshibridos.cl\/ElOyente\/\",\"logo\":{\"@type\":\"ImageObject\",\"inLanguage\":\"es\",\"@id\":\"https:\/\/relatoshibridos.cl\/ElOyente\/#\/schema\/logo\/image\/\",\"url\":\"https:\/\/relatoshibridos.cl\/ElOyente\/wp-content\/uploads\/2025\/08\/eloyo.png\",\"contentUrl\":\"https:\/\/relatoshibridos.cl\/ElOyente\/wp-content\/uploads\/2025\/08\/eloyo.png\",\"width\":855,\"height\":270,\"caption\":\"El Oyente\"},\"image\":{\"@id\":\"https:\/\/relatoshibridos.cl\/ElOyente\/#\/schema\/logo\/image\/\"}}]}<\/script>\n<!-- \/ Yoast SEO plugin. -->","yoast_head_json":{"title":"LOS 2020 - El Oyente","description":"El proceso de evoluci\u00f3n musical cambia constantemente y en los 2020's se ha evidenciado a muchos artistas que han experimentado en la m\u00fasica.","robots":{"index":"index","follow":"follow","max-snippet":"max-snippet:-1","max-image-preview":"max-image-preview:large","max-video-preview":"max-video-preview:-1"},"canonical":"https:\/\/relatoshibridos.cl\/ElOyente\/2020-musical\/","og_locale":"es_ES","og_type":"article","og_title":"LOS 2020 - El Oyente","og_description":"El proceso de evoluci\u00f3n musical cambia constantemente y en los 2020's se ha evidenciado a muchos artistas que han experimentado en la m\u00fasica.","og_url":"https:\/\/relatoshibridos.cl\/ElOyente\/2020-musical\/","og_site_name":"El Oyente","article_modified_time":"2025-11-05T17:37:57+00:00","og_image":[{"width":960,"height":1200,"url":"https:\/\/relatoshibridos.cl\/ElOyente\/wp-content\/uploads\/2025\/11\/pexels-ashutoshsonwani-1762578.jpg","type":"image\/jpeg"}],"twitter_card":"summary_large_image","twitter_misc":{"Tiempo de lectura":"3 minutos"},"schema":{"@context":"https:\/\/schema.org","@graph":[{"@type":"WebPage","@id":"https:\/\/relatoshibridos.cl\/ElOyente\/2020-musical\/","url":"https:\/\/relatoshibridos.cl\/ElOyente\/2020-musical\/","name":"LOS 2020 - El Oyente","isPartOf":{"@id":"https:\/\/relatoshibridos.cl\/ElOyente\/#website"},"primaryImageOfPage":{"@id":"https:\/\/relatoshibridos.cl\/ElOyente\/2020-musical\/#primaryimage"},"image":{"@id":"https:\/\/relatoshibridos.cl\/ElOyente\/2020-musical\/#primaryimage"},"thumbnailUrl":"https:\/\/relatoshibridos.cl\/ElOyente\/wp-content\/uploads\/2025\/11\/pexels-ashutoshsonwani-1762578-819x1024.jpg","datePublished":"2025-11-04T20:04:54+00:00","dateModified":"2025-11-05T17:37:57+00:00","description":"El proceso de evoluci\u00f3n musical cambia constantemente y en los 2020's se ha evidenciado a muchos artistas que han experimentado en la m\u00fasica.","breadcrumb":{"@id":"https:\/\/relatoshibridos.cl\/ElOyente\/2020-musical\/#breadcrumb"},"inLanguage":"es","potentialAction":[{"@type":"ReadAction","target":["https:\/\/relatoshibridos.cl\/ElOyente\/2020-musical\/"]}]},{"@type":"ImageObject","inLanguage":"es","@id":"https:\/\/relatoshibridos.cl\/ElOyente\/2020-musical\/#primaryimage","url":"https:\/\/relatoshibridos.cl\/ElOyente\/wp-content\/uploads\/2025\/11\/pexels-ashutoshsonwani-1762578.jpg","contentUrl":"https:\/\/relatoshibridos.cl\/ElOyente\/wp-content\/uploads\/2025\/11\/pexels-ashutoshsonwani-1762578.jpg","width":960,"height":1200},{"@type":"BreadcrumbList","@id":"https:\/\/relatoshibridos.cl\/ElOyente\/2020-musical\/#breadcrumb","itemListElement":[{"@type":"ListItem","position":1,"name":"Portada","item":"https:\/\/relatoshibridos.cl\/ElOyente\/"},{"@type":"ListItem","position":2,"name":"LOS 2020"}]},{"@type":"WebSite","@id":"https:\/\/relatoshibridos.cl\/ElOyente\/#website","url":"https:\/\/relatoshibridos.cl\/ElOyente\/","name":"El Oyente","description":"En el Oyente viajamos a trav\u00e9s de las d\u00e9cadas para descubrir c\u00f3mo ha evolucionado el sonido que nos acompa\u00f1a. Desde los vibrantes a\u00f1os 70&#039;s hasta los virtuales 2020&#039;s, repasamos a los artistas m\u00e1s influyentes, los tracks que marcaron cada \u00e9poca y los g\u00e9neros que definieron tendencias.","publisher":{"@id":"https:\/\/relatoshibridos.cl\/ElOyente\/#organization"},"potentialAction":[{"@type":"SearchAction","target":{"@type":"EntryPoint","urlTemplate":"https:\/\/relatoshibridos.cl\/ElOyente\/?s={search_term_string}"},"query-input":{"@type":"PropertyValueSpecification","valueRequired":true,"valueName":"search_term_string"}}],"inLanguage":"es"},{"@type":"Organization","@id":"https:\/\/relatoshibridos.cl\/ElOyente\/#organization","name":"El Oyente","url":"https:\/\/relatoshibridos.cl\/ElOyente\/","logo":{"@type":"ImageObject","inLanguage":"es","@id":"https:\/\/relatoshibridos.cl\/ElOyente\/#\/schema\/logo\/image\/","url":"https:\/\/relatoshibridos.cl\/ElOyente\/wp-content\/uploads\/2025\/08\/eloyo.png","contentUrl":"https:\/\/relatoshibridos.cl\/ElOyente\/wp-content\/uploads\/2025\/08\/eloyo.png","width":855,"height":270,"caption":"El Oyente"},"image":{"@id":"https:\/\/relatoshibridos.cl\/ElOyente\/#\/schema\/logo\/image\/"}}]}},"_links":{"self":[{"href":"https:\/\/relatoshibridos.cl\/ElOyente\/wp-json\/wp\/v2\/pages\/1272","targetHints":{"allow":["GET"]}}],"collection":[{"href":"https:\/\/relatoshibridos.cl\/ElOyente\/wp-json\/wp\/v2\/pages"}],"about":[{"href":"https:\/\/relatoshibridos.cl\/ElOyente\/wp-json\/wp\/v2\/types\/page"}],"author":[{"embeddable":true,"href":"https:\/\/relatoshibridos.cl\/ElOyente\/wp-json\/wp\/v2\/users\/5"}],"replies":[{"embeddable":true,"href":"https:\/\/relatoshibridos.cl\/ElOyente\/wp-json\/wp\/v2\/comments?post=1272"}],"version-history":[{"count":4,"href":"https:\/\/relatoshibridos.cl\/ElOyente\/wp-json\/wp\/v2\/pages\/1272\/revisions"}],"predecessor-version":[{"id":1330,"href":"https:\/\/relatoshibridos.cl\/ElOyente\/wp-json\/wp\/v2\/pages\/1272\/revisions\/1330"}],"wp:attachment":[{"href":"https:\/\/relatoshibridos.cl\/ElOyente\/wp-json\/wp\/v2\/media?parent=1272"}],"curies":[{"name":"wp","href":"https:\/\/api.w.org\/{rel}","templated":true}]}}