{"id":152,"date":"2025-08-29T03:27:29","date_gmt":"2025-08-29T03:27:29","guid":{"rendered":"https:\/\/relatoshibridos.cl\/ElOyente\/?page_id=152"},"modified":"2025-11-18T14:53:44","modified_gmt":"2025-11-18T14:53:44","slug":"la-banda-sonora-de-los-70","status":"publish","type":"page","link":"https:\/\/relatoshibridos.cl\/ElOyente\/la-banda-sonora-de-los-70\/","title":{"rendered":"La banda sonora de los 70"},"content":{"rendered":"\n<h1>Sonidos de una revoluci\u00f3n:<br>La banda sonora de los 70<\/h1>\n\n\n\n<div class=\"wp-block-group alignfull has-background has-global-padding is-layout-constrained wp-container-core-group-is-layout-d89aad35 wp-block-group-is-layout-constrained\" style=\"background-color:#b30b27;margin-top:0;margin-bottom:0;padding-top:var(--wp--preset--spacing--50);padding-right:var(--wp--preset--spacing--50);padding-bottom:var(--wp--preset--spacing--50);padding-left:var(--wp--preset--spacing--50)\">\n<div class=\"wp-block-columns alignwide is-layout-flex wp-container-core-columns-is-layout-1da03c2a wp-block-columns-is-layout-flex\">\n<div class=\"wp-block-column is-vertically-aligned-center is-layout-flow wp-block-column-is-layout-flow\" style=\"flex-basis:60%\">\n<figure class=\"wp-block-image size-large is-resized is-style-rounded wp-duotone-varpresetduotoneduotone-1-2 is-style-rounded--1\"><img decoding=\"async\" src=\"https:\/\/upload.wikimedia.org\/wikipedia\/commons\/2\/2c\/David_Bowie_-_TopPop_1974_08.png?20221029130815\" alt=\"David Bowie\" style=\"aspect-ratio:1.5;object-fit:cover;width:649px;height:auto\"\/><\/figure>\n\n\n\n<p class=\"has-text-align-center has-heading-font-family has-large-font-size\">David Bowie<\/p>\n<\/div>\n\n\n\n<div class=\"wp-block-column is-layout-flow wp-block-column-is-layout-flow\" style=\"flex-basis:40%\">\n<h2>Al navegar entre los sonidos de los setenta, cruzamos por un crisol de estilos y revoluciones. La Banda Sonora de los 70.<\/h2>\n\n\n\n<h2 class=\"wp-block-heading\" style=\"font-size:clamp(0.984rem, 0.984rem + ((1vw - 0.2rem) * 0.86), 1.5rem);\"><br>Esta d\u00e9cada sacudi\u00f3 el esqueleto al ritmo de g\u00e9neros que dejaron una huella imborrable en la historia, en un contexto donde la m\u00fasica pas\u00f3 a ser un espejo de las grandes revoluciones sociales y pol\u00edticas del globo. Atravesada por una amplia variedad de g\u00e9neros, la m\u00fasica de los 70 entreg\u00f3 el rock progresivo, el punk, el glam, el disco, el funk, el soul, y canciones de autores que acompa\u00f1aron a una generaci\u00f3n que buscaba expresarse y dejar huella en un mundo siempre en movimiento.<\/h2>\n<\/div>\n<\/div>\n<\/div>\n\n\n\n<div class=\"wp-block-group alignfull has-accent-2-background-color has-background has-global-padding is-layout-constrained wp-container-core-group-is-layout-669513ed wp-block-group-is-layout-constrained\" style=\"margin-top:0;margin-bottom:0;padding-top:var(--wp--preset--spacing--50);padding-right:var(--wp--preset--spacing--50);padding-bottom:var(--wp--preset--spacing--50);padding-left:var(--wp--preset--spacing--50)\">\n<h2>\u00a1Pulsa la imagen para chequear nuestra entrada introductoria a esta d\u00e9cada!<\/h2>\n\n\n\n<div style=\"height:var(--wp--preset--spacing--40)\" aria-hidden=\"true\" class=\"wp-block-spacer\"><\/div>\n\n\n\n<figure class=\"wp-block-image alignwide size-large is-style-rounded is-style-rounded--3\"><a href=\"https:\/\/relatoshibridos.cl\/ElOyente\/la-decada-de-los-70\/\"><img decoding=\"async\" src=\"https:\/\/upload.wikimedia.org\/wikipedia\/commons\/b\/be\/PinkFloyd1973_retouched.jpg?20100622174721\" alt=\"Pink Floyd\"\/><\/a><\/figure>\n\n\n\n<p class=\"has-text-align-center has-heading-font-family has-large-font-size\">Pink Floyd<\/p>\n<\/div>\n\n\n\n<div class=\"wp-block-group alignfull has-contrast-2-background-color has-background has-global-padding is-layout-constrained wp-container-core-group-is-layout-b25ccd55 wp-block-group-is-layout-constrained\" style=\"margin-top:0;margin-bottom:0;padding-top:var(--wp--preset--spacing--50);padding-right:var(--wp--preset--spacing--50);padding-bottom:var(--wp--preset--spacing--50);padding-left:var(--wp--preset--spacing--50)\">\n<h2>\u00a1Revisa nuestras entradas pulsando en las im\u00e1genes de los mayores \u00edconos de los setenta!<br><\/h2>\n\n\n\n<div class=\"wp-block-columns alignwide is-layout-flex wp-container-core-columns-is-layout-ff4b9c61 wp-block-columns-is-layout-flex\" style=\"margin-top:0;margin-bottom:0\">\n<div class=\"wp-block-column is-layout-flow wp-container-core-column-is-layout-8a368f38 wp-block-column-is-layout-flow\">\n<figure class=\"wp-block-image size-large is-style-rounded is-style-rounded--4\"><img decoding=\"async\" src=\"https:\/\/upload.wikimedia.org\/wikipedia\/commons\/0\/0f\/Black_Sabbath_1977.jpg?20130815070600\" alt=\"Black Sabbath\"\/><\/figure>\n\n\n\n<p class=\"has-text-align-center has-heading-font-family has-large-font-size\">Black Sabbath<\/p>\n\n\n\n<div style=\"height:var(--wp--preset--spacing--50)\" aria-hidden=\"true\" class=\"wp-block-spacer\"><\/div>\n<\/div>\n\n\n\n<div class=\"wp-block-column is-layout-flow wp-container-core-column-is-layout-8a368f38 wp-block-column-is-layout-flow\">\n<div style=\"height:var(--wp--preset--spacing--50)\" aria-hidden=\"true\" class=\"wp-block-spacer\"><\/div>\n\n\n\n<figure class=\"wp-block-image size-large is-style-rounded is-style-rounded--5\"><img decoding=\"async\" src=\"https:\/\/upload.wikimedia.org\/wikipedia\/commons\/thumb\/1\/11\/Stevie_Wonder_1975_%28cropped%29.jpg\/1032px-Stevie_Wonder_1975_%28cropped%29.jpg?20230611004829\" alt=\"Stevie Wonder\"\/><\/figure>\n\n\n\n<p class=\"has-text-align-center has-heading-font-family has-large-font-size\">Stevie Wonder<\/p>\n<\/div>\n\n\n\n<div class=\"wp-block-column is-layout-flow wp-container-core-column-is-layout-8a368f38 wp-block-column-is-layout-flow\">\n<figure class=\"wp-block-image size-large is-style-rounded is-style-rounded--6\"><img decoding=\"async\" src=\"https:\/\/upload.wikimedia.org\/wikipedia\/commons\/0\/08\/Sex_Pistols_June_4_1976.jpg?20230216174901\" alt=\"Sex Pistols\"\/><\/figure>\n\n\n\n<p class=\"has-text-align-center has-heading-font-family has-large-font-size\">Sex Pistols<\/p>\n\n\n\n<div style=\"height:var(--wp--preset--spacing--50)\" aria-hidden=\"true\" class=\"wp-block-spacer\"><\/div>\n<\/div>\n<\/div>\n<\/div>\n\n\n\n<div class=\"wp-block-group alignfull has-global-padding is-layout-constrained wp-container-core-group-is-layout-b25ccd55 wp-block-group-is-layout-constrained\" style=\"margin-top:0;margin-bottom:0;padding-top:var(--wp--preset--spacing--50);padding-right:var(--wp--preset--spacing--50);padding-bottom:var(--wp--preset--spacing--50);padding-left:var(--wp--preset--spacing--50)\">\n<div class=\"wp-block-columns alignwide is-layout-flex wp-container-core-columns-is-layout-ff4b9c61 wp-block-columns-is-layout-flex\" style=\"margin-top:0;margin-bottom:0\">\n<div class=\"wp-block-column is-layout-flow wp-container-core-column-is-layout-8a368f38 wp-block-column-is-layout-flow\">\n<figure class=\"wp-block-image size-large is-style-rounded is-style-rounded--7\"><img decoding=\"async\" src=\"https:\/\/upload.wikimedia.org\/wikipedia\/commons\/thumb\/6\/63\/Led_Zeppelin_-_promotional_image_%281971%29.jpg\/1200px-Led_Zeppelin_-_promotional_image_%281971%29.jpg?20240827203122\" alt=\"Led Zeppelin\"\/><\/figure>\n\n\n\n<p class=\"has-text-align-center has-heading-font-family has-large-font-size\">Led Zeppelin<\/p>\n\n\n\n<div style=\"height:var(--wp--preset--spacing--50)\" aria-hidden=\"true\" class=\"wp-block-spacer\"><\/div>\n\n\n\n<figure class=\"wp-block-image size-large is-style-rounded is-style-rounded--8\"><img decoding=\"async\" src=\"https:\/\/upload.wikimedia.org\/wikipedia\/commons\/d\/d3\/Victor_1%281%29.jpg?20041103203717\" alt=\"Victor Jara\"\/><\/figure>\n\n\n\n<p class=\"has-text-align-center has-heading-font-family has-large-font-size\">Victor Jara<\/p>\n\n\n\n<div style=\"height:var(--wp--preset--spacing--50)\" aria-hidden=\"true\" class=\"wp-block-spacer\"><\/div>\n<\/div>\n\n\n\n<div class=\"wp-block-column is-layout-flow wp-container-core-column-is-layout-8a368f38 wp-block-column-is-layout-flow\">\n<div style=\"height:var(--wp--preset--spacing--50)\" aria-hidden=\"true\" class=\"wp-block-spacer\"><\/div>\n\n\n\n<figure class=\"wp-block-image size-large is-style-rounded is-style-rounded--9\"><img decoding=\"async\" src=\"https:\/\/upload.wikimedia.org\/wikipedia\/commons\/c\/cb\/Gloria_Gaynor_%281976%29.jpg?20141222212313\" alt=\"Gloria Gaynor\"\/><\/figure>\n\n\n\n<p class=\"has-text-align-center has-heading-font-family has-large-font-size\">Gloria Gaynor<\/p>\n\n\n\n<div style=\"height:var(--wp--preset--spacing--50)\" aria-hidden=\"true\" class=\"wp-block-spacer\"><\/div>\n\n\n\n<figure class=\"wp-block-image size-large is-style-rounded is-style-rounded--10\"><img decoding=\"async\" src=\"https:\/\/upload.wikimedia.org\/wikipedia\/commons\/4\/4d\/Earth_Wind_and_Fire.jpg?20110508030728\" alt=\"Earth Wind and Fire\" style=\"aspect-ratio:4\/3;object-fit:cover\"\/><\/figure>\n\n\n\n<p class=\"has-text-align-center has-heading-font-family has-large-font-size\">Earth, Wind and Fire<\/p>\n\n\n\n<div style=\"height:var(--wp--preset--spacing--50)\" aria-hidden=\"true\" class=\"wp-block-spacer\"><\/div>\n<\/div>\n\n\n\n<div class=\"wp-block-column is-layout-flow wp-container-core-column-is-layout-8a368f38 wp-block-column-is-layout-flow\">\n<figure class=\"wp-block-image size-large is-style-rounded is-style-rounded--11\"><img decoding=\"async\" src=\"https:\/\/upload.wikimedia.org\/wikipedia\/commons\/3\/3a\/Ramones_Toronto_1976.jpg?20090521183256\" alt=\"Ramones\"\/><\/figure>\n\n\n\n<p class=\"has-text-align-center has-heading-font-family has-large-font-size\">Ramones<\/p>\n\n\n\n<div style=\"height:var(--wp--preset--spacing--50)\" aria-hidden=\"true\" class=\"wp-block-spacer\"><\/div>\n\n\n\n<figure class=\"wp-block-image size-large is-style-rounded is-style-rounded--12\"><img decoding=\"async\" src=\"https:\/\/upload.wikimedia.org\/wikipedia\/commons\/6\/6d\/Elton_John_1.jpg?20100722012959\" alt=\"Elton John\" style=\"aspect-ratio:3\/4;object-fit:cover\"\/><\/figure>\n\n\n\n<p class=\"has-text-align-center has-heading-font-family has-large-font-size\">Elton John<\/p>\n\n\n\n<div style=\"height:var(--wp--preset--spacing--50)\" aria-hidden=\"true\" class=\"wp-block-spacer\"><\/div>\n<\/div>\n\n\n\n<div class=\"wp-block-column is-layout-flow wp-container-core-column-is-layout-8a368f38 wp-block-column-is-layout-flow\">\n<div style=\"height:var(--wp--preset--spacing--50)\" aria-hidden=\"true\" class=\"wp-block-spacer\"><\/div>\n\n\n\n<figure class=\"wp-block-image size-large is-style-rounded is-style-rounded--13\"><img decoding=\"async\" src=\"https:\/\/upload.wikimedia.org\/wikipedia\/commons\/6\/68\/Bob-Marley_3.jpg?20140306032030\" alt=\"Bob Marley\"\/><\/figure>\n\n\n\n<p class=\"has-text-align-center has-heading-font-family has-large-font-size\">Bob Marley<\/p>\n\n\n\n<div style=\"height:var(--wp--preset--spacing--50)\" aria-hidden=\"true\" class=\"wp-block-spacer\"><\/div>\n\n\n\n<figure class=\"wp-block-image size-large is-style-rounded is-style-rounded--14\"><img decoding=\"async\" src=\"https:\/\/upload.wikimedia.org\/wikipedia\/commons\/3\/34\/Clash_21051980_12_800.jpg?20070401233214\" alt=\"The Clash\"\/><\/figure>\n\n\n\n<p class=\"has-text-align-center has-heading-font-family has-large-font-size\">The Clash<\/p>\n\n\n\n<div style=\"height:var(--wp--preset--spacing--50)\" aria-hidden=\"true\" class=\"wp-block-spacer\"><\/div>\n<\/div>\n<\/div>\n\n\n\n<p class=\"has-text-align-center\">Los setenta marcaron una \u00e9poca dorada donde la m\u00fasica se volvi\u00f3 m\u00e1s libre, m\u00e1s intensa y m\u00e1s diversa. Fue la d\u00e9cada en que el rock alcanz\u00f3 su m\u00e1xima fuerza con bandas como Queen, Led Zeppelin y Pink Floyd; el disco puso a todos a bailar con Bee Gees y Donna Summer; y el soul y el funk encendieron corazones con Stevie Wonder y James Brown. Una mezcla \u00fanica de estilos que todav\u00eda resuena y define la forma en que entendemos la m\u00fasica hoy.<\/p>\n\n\n\n<p class=\"has-text-align-center has-text-color has-link-color wp-elements-0009534bb0d9d28f56a4bf6f3f6e6c92\" style=\"color:#ab2c06;font-size:clamp(1.352rem, 1.352rem + ((1vw - 0.2rem) * 1.413), 2.2rem);\"><strong><a href=\"https:\/\/relatoshibridos.cl\/ElOyente\/siguen-vigentes-los-anos-70s-la-decada-que-palpita-libertad\/\">\u00a1Aqu\u00ed puedes revisar los datos arrojados por nuestra encuesta de opini\u00f3n sobre los 70&#8217;s!<\/a><\/strong><\/p>\n\n\n\n\n\n<figure class=\"wp-block-image aligncenter size-full is-style-rounded is-style-rounded--15\"><a href=\"https:\/\/relatoshibridos.cl\/ElOyente\/siguen-vigentes-los-anos-70s-la-decada-que-palpita-libertad\/\"><img loading=\"lazy\" decoding=\"async\" width=\"389\" height=\"492\" src=\"https:\/\/relatoshibridos.cl\/ElOyente\/wp-content\/uploads\/2025\/10\/FreddieMercuryNov1977.jpg\" alt=\"\" class=\"wp-image-1232\" srcset=\"https:\/\/relatoshibridos.cl\/ElOyente\/wp-content\/uploads\/2025\/10\/FreddieMercuryNov1977.jpg 389w, https:\/\/relatoshibridos.cl\/ElOyente\/wp-content\/uploads\/2025\/10\/FreddieMercuryNov1977-237x300.jpg 237w\" sizes=\"auto, (max-width: 389px) 100vw, 389px\" \/><\/a><\/figure>\n<\/div>\n\n\n\n<div class=\"wp-block-group alignfull has-background has-global-padding is-layout-constrained wp-container-core-group-is-layout-669513ed wp-block-group-is-layout-constrained\" style=\"background-color:#c51f1f;margin-top:0;margin-bottom:0;padding-top:var(--wp--preset--spacing--50);padding-right:var(--wp--preset--spacing--50);padding-bottom:var(--wp--preset--spacing--50);padding-left:var(--wp--preset--spacing--50)\">\n<h2>\u00bfCu\u00e1nto sabes de la d\u00e9cada de los setenta?<br><\/h2>\n\n\n\n<figure class=\"wp-block-embed is-type-wp-embed is-provider-flourish wp-block-embed-flourish\"><div class=\"wp-block-embed__wrapper\">\n<iframe loading=\"lazy\" class=\"wp-embedded-content\" sandbox=\"allow-scripts\" security=\"restricted\" title=\"Interactive or visual content\" src=\"https:\/\/flo.uri.sh\/visualisation\/24939995\/embed#?secret=h29A8Auw3v\" data-secret=\"h29A8Auw3v\" frameborder=\"0\" scrolling=\"no\" height=\"575\" width=\"500\"><\/iframe>\n<\/div><\/figure>\n\n\n\n<p class=\"has-text-align-center\">\u00a1\u00a1Quieres escuchar algo entretenido, cliquea aqu\u00ed!!<\/p>\n\n\n\n<p class=\"has-text-align-center\"><a href=\"https:\/\/www.youtube.com\/watch?v=dQw4w9WgXcQe\">https:\/\/www.youtube.com\/watch?v=dQw4w9WgXcQe<\/a><\/p>\n<\/div>\n","protected":false},"excerpt":{"rendered":"<p>David Bowie Esta d\u00e9cada sacudi\u00f3 el esqueleto al ritmo de g\u00e9neros que dejaron una huella imborrable en la historia, en un contexto donde la m\u00fasica pas\u00f3 a ser un espejo de las grandes revoluciones sociales y pol\u00edticas del globo. Atravesada por una amplia variedad de g\u00e9neros, la m\u00fasica de los 70 entreg\u00f3 el rock progresivo, [&hellip;]<\/p>\n","protected":false},"author":4,"featured_media":0,"parent":0,"menu_order":0,"comment_status":"closed","ping_status":"closed","template":"","meta":{"om_disable_all_campaigns":false,"pagelayer_contact_templates":[],"_pagelayer_content":"","footnotes":""},"class_list":["post-152","page","type-page","status-publish","hentry"],"yoast_head":"<!-- This site is optimized with the Yoast SEO plugin v27.1.1 - https:\/\/yoast.com\/product\/yoast-seo-wordpress\/ -->\n<title>La Banda Sonora de los 70<\/title>\n<meta name=\"description\" content=\"La banda Sonora de los 70, con David Bowie, Led Zeppelin y muchos otros grandes la musica mundial, con todo el color a nuestro fondo musical.\" \/>\n<meta name=\"robots\" content=\"index, follow, max-snippet:-1, max-image-preview:large, max-video-preview:-1\" \/>\n<link rel=\"canonical\" href=\"https:\/\/relatoshibridos.cl\/ElOyente\/la-banda-sonora-de-los-70\/\" \/>\n<meta property=\"og:locale\" content=\"es_ES\" \/>\n<meta property=\"og:type\" content=\"article\" \/>\n<meta property=\"og:title\" content=\"La Banda Sonora de los 70\" \/>\n<meta property=\"og:description\" content=\"La banda Sonora de los 70, con David Bowie, Led Zeppelin y muchos otros grandes la musica mundial, con todo el color a nuestro fondo musical.\" \/>\n<meta property=\"og:url\" content=\"https:\/\/relatoshibridos.cl\/ElOyente\/la-banda-sonora-de-los-70\/\" \/>\n<meta property=\"og:site_name\" content=\"El Oyente\" \/>\n<meta property=\"article:modified_time\" content=\"2025-11-18T14:53:44+00:00\" \/>\n<meta property=\"og:image\" content=\"https:\/\/upload.wikimedia.org\/wikipedia\/commons\/2\/2c\/David_Bowie_-_TopPop_1974_08.png?20221029130815\" \/>\n<meta name=\"twitter:card\" content=\"summary_large_image\" \/>\n<meta name=\"twitter:label1\" content=\"Tiempo de lectura\" \/>\n\t<meta name=\"twitter:data1\" content=\"5 minutos\" \/>\n<script type=\"application\/ld+json\" class=\"yoast-schema-graph\">{\"@context\":\"https:\/\/schema.org\",\"@graph\":[{\"@type\":\"WebPage\",\"@id\":\"https:\/\/relatoshibridos.cl\/ElOyente\/la-banda-sonora-de-los-70\/\",\"url\":\"https:\/\/relatoshibridos.cl\/ElOyente\/la-banda-sonora-de-los-70\/\",\"name\":\"La Banda Sonora de los 70\",\"isPartOf\":{\"@id\":\"https:\/\/relatoshibridos.cl\/ElOyente\/#website\"},\"primaryImageOfPage\":{\"@id\":\"https:\/\/relatoshibridos.cl\/ElOyente\/la-banda-sonora-de-los-70\/#primaryimage\"},\"image\":{\"@id\":\"https:\/\/relatoshibridos.cl\/ElOyente\/la-banda-sonora-de-los-70\/#primaryimage\"},\"thumbnailUrl\":\"https:\/\/upload.wikimedia.org\/wikipedia\/commons\/2\/2c\/David_Bowie_-_TopPop_1974_08.png?20221029130815\",\"datePublished\":\"2025-08-29T03:27:29+00:00\",\"dateModified\":\"2025-11-18T14:53:44+00:00\",\"description\":\"La banda Sonora de los 70, con David Bowie, Led Zeppelin y muchos otros grandes la musica mundial, con todo el color a nuestro fondo musical.\",\"breadcrumb\":{\"@id\":\"https:\/\/relatoshibridos.cl\/ElOyente\/la-banda-sonora-de-los-70\/#breadcrumb\"},\"inLanguage\":\"es\",\"potentialAction\":[{\"@type\":\"ReadAction\",\"target\":[\"https:\/\/relatoshibridos.cl\/ElOyente\/la-banda-sonora-de-los-70\/\"]}]},{\"@type\":\"ImageObject\",\"inLanguage\":\"es\",\"@id\":\"https:\/\/relatoshibridos.cl\/ElOyente\/la-banda-sonora-de-los-70\/#primaryimage\",\"url\":\"https:\/\/upload.wikimedia.org\/wikipedia\/commons\/2\/2c\/David_Bowie_-_TopPop_1974_08.png?20221029130815\",\"contentUrl\":\"https:\/\/upload.wikimedia.org\/wikipedia\/commons\/2\/2c\/David_Bowie_-_TopPop_1974_08.png?20221029130815\"},{\"@type\":\"BreadcrumbList\",\"@id\":\"https:\/\/relatoshibridos.cl\/ElOyente\/la-banda-sonora-de-los-70\/#breadcrumb\",\"itemListElement\":[{\"@type\":\"ListItem\",\"position\":1,\"name\":\"Portada\",\"item\":\"https:\/\/relatoshibridos.cl\/ElOyente\/\"},{\"@type\":\"ListItem\",\"position\":2,\"name\":\"La banda sonora de los 70\"}]},{\"@type\":\"WebSite\",\"@id\":\"https:\/\/relatoshibridos.cl\/ElOyente\/#website\",\"url\":\"https:\/\/relatoshibridos.cl\/ElOyente\/\",\"name\":\"El Oyente\",\"description\":\"En el Oyente viajamos a trav\u00e9s de las d\u00e9cadas para descubrir c\u00f3mo ha evolucionado el sonido que nos acompa\u00f1a. Desde los vibrantes a\u00f1os 70&#039;s hasta los virtuales 2020&#039;s, repasamos a los artistas m\u00e1s influyentes, los tracks que marcaron cada \u00e9poca y los g\u00e9neros que definieron tendencias.\",\"publisher\":{\"@id\":\"https:\/\/relatoshibridos.cl\/ElOyente\/#organization\"},\"potentialAction\":[{\"@type\":\"SearchAction\",\"target\":{\"@type\":\"EntryPoint\",\"urlTemplate\":\"https:\/\/relatoshibridos.cl\/ElOyente\/?s={search_term_string}\"},\"query-input\":{\"@type\":\"PropertyValueSpecification\",\"valueRequired\":true,\"valueName\":\"search_term_string\"}}],\"inLanguage\":\"es\"},{\"@type\":\"Organization\",\"@id\":\"https:\/\/relatoshibridos.cl\/ElOyente\/#organization\",\"name\":\"El Oyente\",\"url\":\"https:\/\/relatoshibridos.cl\/ElOyente\/\",\"logo\":{\"@type\":\"ImageObject\",\"inLanguage\":\"es\",\"@id\":\"https:\/\/relatoshibridos.cl\/ElOyente\/#\/schema\/logo\/image\/\",\"url\":\"https:\/\/relatoshibridos.cl\/ElOyente\/wp-content\/uploads\/2025\/08\/eloyo.png\",\"contentUrl\":\"https:\/\/relatoshibridos.cl\/ElOyente\/wp-content\/uploads\/2025\/08\/eloyo.png\",\"width\":855,\"height\":270,\"caption\":\"El Oyente\"},\"image\":{\"@id\":\"https:\/\/relatoshibridos.cl\/ElOyente\/#\/schema\/logo\/image\/\"}}]}<\/script>\n<!-- \/ Yoast SEO plugin. -->","yoast_head_json":{"title":"La Banda Sonora de los 70","description":"La banda Sonora de los 70, con David Bowie, Led Zeppelin y muchos otros grandes la musica mundial, con todo el color a nuestro fondo musical.","robots":{"index":"index","follow":"follow","max-snippet":"max-snippet:-1","max-image-preview":"max-image-preview:large","max-video-preview":"max-video-preview:-1"},"canonical":"https:\/\/relatoshibridos.cl\/ElOyente\/la-banda-sonora-de-los-70\/","og_locale":"es_ES","og_type":"article","og_title":"La Banda Sonora de los 70","og_description":"La banda Sonora de los 70, con David Bowie, Led Zeppelin y muchos otros grandes la musica mundial, con todo el color a nuestro fondo musical.","og_url":"https:\/\/relatoshibridos.cl\/ElOyente\/la-banda-sonora-de-los-70\/","og_site_name":"El Oyente","article_modified_time":"2025-11-18T14:53:44+00:00","og_image":[{"url":"https:\/\/upload.wikimedia.org\/wikipedia\/commons\/2\/2c\/David_Bowie_-_TopPop_1974_08.png?20221029130815","type":"","width":"","height":""}],"twitter_card":"summary_large_image","twitter_misc":{"Tiempo de lectura":"5 minutos"},"schema":{"@context":"https:\/\/schema.org","@graph":[{"@type":"WebPage","@id":"https:\/\/relatoshibridos.cl\/ElOyente\/la-banda-sonora-de-los-70\/","url":"https:\/\/relatoshibridos.cl\/ElOyente\/la-banda-sonora-de-los-70\/","name":"La Banda Sonora de los 70","isPartOf":{"@id":"https:\/\/relatoshibridos.cl\/ElOyente\/#website"},"primaryImageOfPage":{"@id":"https:\/\/relatoshibridos.cl\/ElOyente\/la-banda-sonora-de-los-70\/#primaryimage"},"image":{"@id":"https:\/\/relatoshibridos.cl\/ElOyente\/la-banda-sonora-de-los-70\/#primaryimage"},"thumbnailUrl":"https:\/\/upload.wikimedia.org\/wikipedia\/commons\/2\/2c\/David_Bowie_-_TopPop_1974_08.png?20221029130815","datePublished":"2025-08-29T03:27:29+00:00","dateModified":"2025-11-18T14:53:44+00:00","description":"La banda Sonora de los 70, con David Bowie, Led Zeppelin y muchos otros grandes la musica mundial, con todo el color a nuestro fondo musical.","breadcrumb":{"@id":"https:\/\/relatoshibridos.cl\/ElOyente\/la-banda-sonora-de-los-70\/#breadcrumb"},"inLanguage":"es","potentialAction":[{"@type":"ReadAction","target":["https:\/\/relatoshibridos.cl\/ElOyente\/la-banda-sonora-de-los-70\/"]}]},{"@type":"ImageObject","inLanguage":"es","@id":"https:\/\/relatoshibridos.cl\/ElOyente\/la-banda-sonora-de-los-70\/#primaryimage","url":"https:\/\/upload.wikimedia.org\/wikipedia\/commons\/2\/2c\/David_Bowie_-_TopPop_1974_08.png?20221029130815","contentUrl":"https:\/\/upload.wikimedia.org\/wikipedia\/commons\/2\/2c\/David_Bowie_-_TopPop_1974_08.png?20221029130815"},{"@type":"BreadcrumbList","@id":"https:\/\/relatoshibridos.cl\/ElOyente\/la-banda-sonora-de-los-70\/#breadcrumb","itemListElement":[{"@type":"ListItem","position":1,"name":"Portada","item":"https:\/\/relatoshibridos.cl\/ElOyente\/"},{"@type":"ListItem","position":2,"name":"La banda sonora de los 70"}]},{"@type":"WebSite","@id":"https:\/\/relatoshibridos.cl\/ElOyente\/#website","url":"https:\/\/relatoshibridos.cl\/ElOyente\/","name":"El Oyente","description":"En el Oyente viajamos a trav\u00e9s de las d\u00e9cadas para descubrir c\u00f3mo ha evolucionado el sonido que nos acompa\u00f1a. Desde los vibrantes a\u00f1os 70&#039;s hasta los virtuales 2020&#039;s, repasamos a los artistas m\u00e1s influyentes, los tracks que marcaron cada \u00e9poca y los g\u00e9neros que definieron tendencias.","publisher":{"@id":"https:\/\/relatoshibridos.cl\/ElOyente\/#organization"},"potentialAction":[{"@type":"SearchAction","target":{"@type":"EntryPoint","urlTemplate":"https:\/\/relatoshibridos.cl\/ElOyente\/?s={search_term_string}"},"query-input":{"@type":"PropertyValueSpecification","valueRequired":true,"valueName":"search_term_string"}}],"inLanguage":"es"},{"@type":"Organization","@id":"https:\/\/relatoshibridos.cl\/ElOyente\/#organization","name":"El Oyente","url":"https:\/\/relatoshibridos.cl\/ElOyente\/","logo":{"@type":"ImageObject","inLanguage":"es","@id":"https:\/\/relatoshibridos.cl\/ElOyente\/#\/schema\/logo\/image\/","url":"https:\/\/relatoshibridos.cl\/ElOyente\/wp-content\/uploads\/2025\/08\/eloyo.png","contentUrl":"https:\/\/relatoshibridos.cl\/ElOyente\/wp-content\/uploads\/2025\/08\/eloyo.png","width":855,"height":270,"caption":"El Oyente"},"image":{"@id":"https:\/\/relatoshibridos.cl\/ElOyente\/#\/schema\/logo\/image\/"}}]}},"_links":{"self":[{"href":"https:\/\/relatoshibridos.cl\/ElOyente\/wp-json\/wp\/v2\/pages\/152","targetHints":{"allow":["GET"]}}],"collection":[{"href":"https:\/\/relatoshibridos.cl\/ElOyente\/wp-json\/wp\/v2\/pages"}],"about":[{"href":"https:\/\/relatoshibridos.cl\/ElOyente\/wp-json\/wp\/v2\/types\/page"}],"author":[{"embeddable":true,"href":"https:\/\/relatoshibridos.cl\/ElOyente\/wp-json\/wp\/v2\/users\/4"}],"replies":[{"embeddable":true,"href":"https:\/\/relatoshibridos.cl\/ElOyente\/wp-json\/wp\/v2\/comments?post=152"}],"version-history":[{"count":5,"href":"https:\/\/relatoshibridos.cl\/ElOyente\/wp-json\/wp\/v2\/pages\/152\/revisions"}],"predecessor-version":[{"id":1408,"href":"https:\/\/relatoshibridos.cl\/ElOyente\/wp-json\/wp\/v2\/pages\/152\/revisions\/1408"}],"wp:attachment":[{"href":"https:\/\/relatoshibridos.cl\/ElOyente\/wp-json\/wp\/v2\/media?parent=152"}],"curies":[{"name":"wp","href":"https:\/\/api.w.org\/{rel}","templated":true}]}}