{"id":158,"date":"2025-08-29T03:29:20","date_gmt":"2025-08-29T03:29:20","guid":{"rendered":"https:\/\/relatoshibridos.cl\/ElOyente\/?page_id=158"},"modified":"2025-10-28T20:03:40","modified_gmt":"2025-10-28T20:03:40","slug":"la-decada-de-los-90","status":"publish","type":"page","link":"https:\/\/relatoshibridos.cl\/ElOyente\/la-decada-de-los-90\/","title":{"rendered":"As\u00ed sonaban los 90"},"content":{"rendered":"\n<div class=\"wp-block-group alignwide has-global-padding is-layout-constrained wp-block-group-is-layout-constrained\">\n<h1 class=\"wp-block-heading alignwide has-text-align-center has-xx-large-font-size\" style=\"line-height:1.2\">Voces raspadas, fusi\u00f3n de sonidos y vigencia del pop: As\u00ed sonaban La d\u00e9cada de los 90<\/h1>\n\n\n<a class=\"wp-block-read-more\" href=\"https:\/\/relatoshibridos.cl\/ElOyente\/la-decada-de-los-90\/\" target=\"_blank\">AQUI TE DEJAMOS UNA MUY BUENA PLAYLIST CON LA QUE ACOMPA\u00d1AR TU LECTURA <span class=\"screen-reader-text\">: As\u00ed sonaban los 90<\/span><\/a>\n\n\n<p class=\"has-text-align-center\"><\/p>\n\n\n\n<div class=\"wp-block-columns is-layout-flex wp-container-core-columns-is-layout-28f84493 wp-block-columns-is-layout-flex\">\n<div class=\"wp-block-column is-layout-flow wp-block-column-is-layout-flow\" style=\"flex-basis:100%\"><\/div>\n<\/div>\n<\/div>\n\n\n\n<div class=\"wp-block-group alignfull has-background has-global-padding is-layout-constrained wp-container-core-group-is-layout-d89aad35 wp-block-group-is-layout-constrained\" style=\"border-radius:100px;background:linear-gradient(135deg,rgb(165,0,0) 0%,rgb(224,213,81) 100%);margin-top:0;margin-bottom:0;padding-top:var(--wp--preset--spacing--50);padding-right:var(--wp--preset--spacing--50);padding-bottom:var(--wp--preset--spacing--50);padding-left:var(--wp--preset--spacing--50)\">\n<div class=\"wp-block-columns alignwide is-layout-flex wp-container-core-columns-is-layout-1da03c2a wp-block-columns-is-layout-flex\">\n<div class=\"wp-block-column is-vertically-aligned-center is-layout-flow wp-block-column-is-layout-flow\" style=\"flex-basis:60%\">\n<figure class=\"wp-block-gallery has-nested-images columns-default is-cropped wp-block-gallery-1 is-layout-flex wp-block-gallery-is-layout-flex\">\n<figure class=\"wp-block-image size-large\"><img loading=\"lazy\" decoding=\"async\" width=\"384\" height=\"451\" data-id=\"1216\" src=\"https:\/\/relatoshibridos.cl\/ElOyente\/wp-content\/uploads\/2025\/10\/image.png\" alt=\"\" class=\"wp-image-1216\" srcset=\"https:\/\/relatoshibridos.cl\/ElOyente\/wp-content\/uploads\/2025\/10\/image.png 384w, https:\/\/relatoshibridos.cl\/ElOyente\/wp-content\/uploads\/2025\/10\/image-255x300.png 255w\" sizes=\"auto, (max-width: 384px) 100vw, 384px\" \/><\/figure>\n<\/figure>\n\n\n\n<p class=\"has-text-align-center has-heading-font-family has-large-font-size\">Kurt Cobain<\/p>\n<\/div>\n\n\n\n<div class=\"wp-block-column is-layout-flow wp-block-column-is-layout-flow\" style=\"flex-basis:40%\">\n<h2 class=\"wp-block-heading has-text-align-right\">La \u00faltima d\u00e9cada del siglo XX signific\u00f3 el fin de la guerra fr\u00eda, la consolidaci\u00f3n del neoliberalismo a nivel mundial y por tanto, la globalizaci\u00f3n: La d\u00e9cada de los 90<\/h2>\n\n\n\n<p class=\"has-text-align-right has-heading-font-family\" style=\"font-size:clamp(14px, 0.875rem + ((1vw - 3.2px) * 0.521), 19px);\">Autor: Francisco Mella<\/p>\n\n\n\n<p class=\"has-text-align-right has-heading-font-family\" style=\"font-size:clamp(14px, 0.875rem + ((1vw - 3.2px) * 0.521), 19px);\">Los 90 fueron el auge del grunge, el rock alternativo, el rap y el nuevo pop, as\u00ed como los conciertos MTV Unplugged, donde bandas como Los Tres y La Ley marcaron hitos para la m\u00fasica chilena. Tambi\u00e9n, hubo una internacionalizaci\u00f3n de la m\u00fasica latinoamericana y la fusi\u00f3n de g\u00e9neros como una de las principales caracter\u00edsticas de la \u00e9poca. En definitiva, los 90 representaron una transformaci\u00f3n profunda en el sonido y la industria musical global.<br><\/p>\n<\/div>\n<\/div>\n<\/div>\n\n\n\n<div class=\"wp-block-group alignfull has-background has-global-padding is-layout-constrained wp-container-core-group-is-layout-80061d7a wp-block-group-is-layout-constrained\" style=\"border-style:none;border-width:0px;border-radius:100px;background:linear-gradient(135deg,rgb(227,22,7) 0%,rgb(224,208,81) 100%);margin-top:0;margin-bottom:0;padding-top:var(--wp--preset--spacing--50);padding-right:var(--wp--preset--spacing--50);padding-bottom:var(--wp--preset--spacing--50);padding-left:var(--wp--preset--spacing--50)\">\n<div class=\"wp-block-group has-global-padding is-layout-constrained wp-container-core-group-is-layout-650790e1 wp-block-group-is-layout-constrained\">\n<h2 class=\"wp-block-heading has-text-align-center has-x-large-font-size\">\u00a1Pulsa la imagen para chequear nuestra entrada introductoria a esta d\u00e9cada!<\/h2>\n<\/div>\n\n\n\n<div style=\"height:var(--wp--preset--spacing--30)\" aria-hidden=\"true\" class=\"wp-block-spacer\"><\/div>\n\n\n\n<figure class=\"wp-block-image alignwide size-large is-style-rounded is-style-rounded--2\"><a href=\"https:\/\/relatoshibridos.cl\/ElOyente\/709-2\/\"><img decoding=\"async\" src=\"https:\/\/upload.wikimedia.org\/wikipedia\/commons\/2\/26\/Backstreet_Boys.jpg?20070603134549\" alt=\"Backstreet Boys\"\/><\/a><\/figure>\n\n\n\n<p class=\"has-text-align-center has-heading-font-family has-large-font-size\">Backstreet Boys<\/p>\n<\/div>\n\n\n\n<div class=\"wp-block-group alignfull has-background has-global-padding is-layout-constrained wp-container-core-group-is-layout-11a79d46 wp-block-group-is-layout-constrained\" style=\"border-radius:100px;background:linear-gradient(135deg,rgb(67,14,4) 0%,rgb(224,81,120) 100%);min-height:0px;margin-top:0;margin-bottom:0;padding-top:var(--wp--preset--spacing--10);padding-right:var(--wp--preset--spacing--40);padding-bottom:var(--wp--preset--spacing--10);padding-left:var(--wp--preset--spacing--40)\">\n<h2>\u00a1Revisa nuestras entradas pulsando en las im\u00e1genes de los mayores \u00edconos de los noventa!<\/h2>\n\n\n\n<p class=\"has-text-align-center has-large-font-size\" style=\"border-radius:0px;padding-top:0;padding-right:0;padding-bottom:0;padding-left:0\"><strong>Aqu\u00ed te dejamos nuestras encuestas de los 90<\/strong><\/p>\n\n\n\n<figure class=\"wp-block-image size-large is-style-rounded is-style-rounded--3\"><a href=\"https:\/\/relatoshibridos.cl\/ElOyente\/los-90-no-murieron-siguen-sonando-en-nuestros-oidos\/\"><img decoding=\"async\" src=\"https:\/\/upload.wikimedia.org\/wikipedia\/commons\/thumb\/b\/bf\/Pearl_Jam_1991.jpg\/1200px-Pearl_Jam_1991.jpg?20210109122408\" alt=\"Pearl Jam\"\/><\/a><\/figure>\n\n\n\n<p class=\"has-text-align-center has-large-font-size\"><strong>Pearl Jam<\/strong><\/p>\n\n\n\n<div style=\"height:var(--wp--preset--spacing--30)\" aria-hidden=\"true\" class=\"wp-block-spacer\"><\/div>\n\n\n\n<div class=\"wp-block-columns alignwide is-layout-flex wp-container-core-columns-is-layout-ff4b9c61 wp-block-columns-is-layout-flex\" style=\"margin-top:0;margin-bottom:0\">\n<div class=\"wp-block-column is-layout-flow wp-container-core-column-is-layout-8a368f38 wp-block-column-is-layout-flow\">\n<div style=\"height:var(--wp--preset--spacing--50)\" aria-hidden=\"true\" class=\"wp-block-spacer\"><\/div>\n\n\n\n<figure class=\"wp-block-image size-large is-style-rounded is-style-rounded--4\"><img decoding=\"async\" src=\"https:\/\/upload.wikimedia.org\/wikipedia\/commons\/thumb\/4\/46\/MariahRAH270519-51_%2849620845103%29_%28cropped%29.jpg\/960px-MariahRAH270519-51_%2849620845103%29_%28cropped%29.jpg?20200410095427\" alt=\"Los Fabulosos Cadillacs at Z\u00f3calo\"\/><\/figure>\n\n\n\n<p class=\"has-text-align-center has-heading-font-family has-large-font-size\">Mariah Carey<\/p>\n<\/div>\n\n\n\n<div class=\"wp-block-column is-layout-flow wp-container-core-column-is-layout-8a368f38 wp-block-column-is-layout-flow\">\n<figure class=\"wp-block-image size-large is-style-rounded is-style-rounded--5\"><img decoding=\"async\" src=\"https:\/\/upload.wikimedia.org\/wikipedia\/commons\/9\/98\/Ricky_Martin_%282005%29.jpg?20110203233402\" alt=\"Ricky Martin\" style=\"aspect-ratio:3\/4;object-fit:cover\"\/><\/figure>\n\n\n\n<p class=\"has-text-align-center has-heading-font-family has-large-font-size\">Ricky Martin<\/p>\n<\/div>\n\n\n\n<div class=\"wp-block-column is-layout-flow wp-container-core-column-is-layout-8a368f38 wp-block-column-is-layout-flow\">\n<div style=\"height:var(--wp--preset--spacing--50)\" aria-hidden=\"true\" class=\"wp-block-spacer\"><\/div>\n\n\n\n<figure class=\"wp-block-image size-large is-style-rounded is-style-rounded--6\"><img decoding=\"async\" src=\"https:\/\/upload.wikimedia.org\/wikipedia\/commons\/c\/c6\/Thom_Yorke_1998.jpg?20190630142004\" alt=\"Thom Yorke\"\/><\/figure>\n\n\n\n<p class=\"has-text-align-center has-heading-font-family has-large-font-size\">Thom Yorke<\/p>\n<\/div>\n<\/div>\n<\/div>\n\n\n\n<div class=\"wp-block-group alignfull has-global-padding is-layout-constrained wp-container-core-group-is-layout-b25ccd55 wp-block-group-is-layout-constrained\" style=\"margin-top:0;margin-bottom:0;padding-top:var(--wp--preset--spacing--50);padding-right:var(--wp--preset--spacing--50);padding-bottom:var(--wp--preset--spacing--50);padding-left:var(--wp--preset--spacing--50)\">\n<div class=\"wp-block-columns alignwide is-layout-flex wp-container-core-columns-is-layout-ff4b9c61 wp-block-columns-is-layout-flex\" style=\"margin-top:0;margin-bottom:0\">\n<div class=\"wp-block-column is-layout-flow wp-container-core-column-is-layout-8a368f38 wp-block-column-is-layout-flow\">\n<div style=\"height:var(--wp--preset--spacing--50)\" aria-hidden=\"true\" class=\"wp-block-spacer\"><\/div>\n\n\n\n<figure class=\"wp-block-image size-large is-style-rounded is-style-rounded--7\"><img decoding=\"async\" src=\"https:\/\/upload.wikimedia.org\/wikipedia\/commons\/thumb\/7\/7d\/Fabulosos_Cadillacs_at_Z%C3%B3calo%2C_2023_%2852954630733%29.jpg\/1200px-Fabulosos_Cadillacs_at_Z%C3%B3calo%2C_2023_%2852954630733%29.jpg?20230723185335\" alt=\"Los Fabulosos Cadillacs\"\/><\/figure>\n\n\n\n<p class=\"has-text-align-center has-heading-font-family has-large-font-size\">Los Fabulosos Cadillacs<\/p>\n\n\n\n<div style=\"height:var(--wp--preset--spacing--50)\" aria-hidden=\"true\" class=\"wp-block-spacer\"><\/div>\n<\/div>\n\n\n\n<div class=\"wp-block-column is-layout-flow wp-container-core-column-is-layout-8a368f38 wp-block-column-is-layout-flow\">\n<div style=\"height:var(--wp--preset--spacing--50)\" aria-hidden=\"true\" class=\"wp-block-spacer\"><\/div>\n\n\n\n<figure class=\"wp-block-image size-large is-style-rounded is-style-rounded--8\"><img decoding=\"async\" src=\"https:\/\/upload.wikimedia.org\/wikipedia\/commons\/thumb\/0\/00\/Chris_Cornell_%28212441909%29.jpeg\/720px-Chris_Cornell_%28212441909%29.jpeg?20181101222618\" alt=\"Chris Cornell\"\/><\/figure>\n\n\n\n<p class=\"has-text-align-center has-heading-font-family has-large-font-size\">Chris Cornell<\/p>\n\n\n\n<div style=\"height:var(--wp--preset--spacing--50)\" aria-hidden=\"true\" class=\"wp-block-spacer\"><\/div>\n\n\n\n<figure class=\"wp-block-image size-large is-style-rounded is-style-rounded--9\"><img decoding=\"async\" src=\"https:\/\/upload.wikimedia.org\/wikipedia\/commons\/thumb\/3\/30\/Snoop_dog-02.jpg\/1199px-Snoop_dog-02.jpg?20150204135048\" alt=\"Snoop dog\"\/><\/figure>\n\n\n\n<p class=\"has-text-align-center has-heading-font-family has-large-font-size\">Snoop dog<\/p>\n\n\n\n<div style=\"height:var(--wp--preset--spacing--50)\" aria-hidden=\"true\" class=\"wp-block-spacer\"><\/div>\n<\/div>\n\n\n\n<div class=\"wp-block-column is-layout-flow wp-container-core-column-is-layout-8a368f38 wp-block-column-is-layout-flow\">\n<figure class=\"wp-block-image size-large is-style-rounded is-style-rounded--10\"><img decoding=\"async\" src=\"https:\/\/upload.wikimedia.org\/wikipedia\/commons\/thumb\/6\/62\/Chayanne_-_51099859974_%28cropped%29.jpg\/960px-Chayanne_-_51099859974_%28cropped%29.jpg?20250212203442\" alt=\"Chayanne\"\/><\/figure>\n\n\n\n<p class=\"has-text-align-center has-heading-font-family has-large-font-size\">Chayanne<\/p>\n\n\n\n<div style=\"height:var(--wp--preset--spacing--50)\" aria-hidden=\"true\" class=\"wp-block-spacer\"><\/div>\n\n\n\n<div style=\"height:var(--wp--preset--spacing--50)\" aria-hidden=\"true\" class=\"wp-block-spacer\"><\/div>\n\n\n\n<figure class=\"wp-block-image size-large is-style-rounded is-style-rounded--11\"><img decoding=\"async\" src=\"https:\/\/upload.wikimedia.org\/wikipedia\/commons\/thumb\/c\/cd\/Eminem-01-mika.jpg\/1200px-Eminem-01-mika.jpg?20120308100121\" alt=\"Eminem\" style=\"aspect-ratio:16\/9;object-fit:cover\"\/><\/figure>\n\n\n\n<p class=\"has-text-align-center has-heading-font-family has-large-font-size\">Eminem<\/p>\n<\/div>\n\n\n\n<div class=\"wp-block-column is-layout-flow wp-container-core-column-is-layout-8a368f38 wp-block-column-is-layout-flow\">\n<div style=\"height:var(--wp--preset--spacing--50)\" aria-hidden=\"true\" class=\"wp-block-spacer\"><\/div>\n\n\n\n<figure class=\"wp-block-image size-large is-style-rounded is-style-rounded--12\"><img decoding=\"async\" src=\"https:\/\/upload.wikimedia.org\/wikipedia\/commons\/0\/03\/Oasis_Noel_and_Liam_WF.jpg?20120802000019\" alt=\"Oasis\" style=\"aspect-ratio:1;object-fit:cover\"\/><\/figure>\n\n\n\n<p class=\"has-text-align-center has-heading-font-family has-large-font-size\">Oasis<\/p>\n\n\n\n<div style=\"height:var(--wp--preset--spacing--50)\" aria-hidden=\"true\" class=\"wp-block-spacer\"><\/div>\n\n\n\n<figure class=\"wp-block-image size-large is-style-rounded is-style-rounded--13\"><img decoding=\"async\" src=\"https:\/\/upload.wikimedia.org\/wikipedia\/commons\/f\/f6\/Lostres.jpg?20071122035817\" alt=\"Los Tres\" style=\"aspect-ratio:16\/9;object-fit:cover\"\/><\/figure>\n\n\n\n<p class=\"has-text-align-center has-heading-font-family has-large-font-size\">Los Tres<\/p>\n\n\n\n<div style=\"height:var(--wp--preset--spacing--50)\" aria-hidden=\"true\" class=\"wp-block-spacer\"><\/div>\n<\/div>\n<\/div>\n\n\n\n<p>Creemos que te va a gustar: <a href=\"https:\/\/www.youtube.com\/watch?v=dQw4w9WgXcQ\">https:\/\/www.youtube.com\/watch?v=dQw4w9WgXcQ<\/a><\/p>\n<\/div>\n\n\n\n<figure class=\"wp-block-embed is-type-video is-provider-youtube wp-block-embed-youtube wp-embed-aspect-16-9 wp-has-aspect-ratio\"><div class=\"wp-block-embed__wrapper\">\n<iframe loading=\"lazy\" title=\"Guns N&#039; Roses - November Rain\" width=\"500\" height=\"281\" src=\"https:\/\/www.youtube.com\/embed\/8SbUC-UaAxE?list=PLDE7DDED6558EC4CA\" frameborder=\"0\" allow=\"accelerometer; autoplay; clipboard-write; encrypted-media; gyroscope; picture-in-picture; web-share\" referrerpolicy=\"strict-origin-when-cross-origin\" allowfullscreen><\/iframe>\n<\/div><\/figure>\n","protected":false},"excerpt":{"rendered":"<p>Voces raspadas, fusi\u00f3n de sonidos y vigencia del pop: As\u00ed sonaban La d\u00e9cada de los 90 Kurt Cobain La \u00faltima d\u00e9cada del siglo XX signific\u00f3 el fin de la guerra fr\u00eda, la consolidaci\u00f3n del neoliberalismo a nivel mundial y por tanto, la globalizaci\u00f3n: La d\u00e9cada de los 90 Autor: Francisco Mella Los 90 fueron el [&hellip;]<\/p>\n","protected":false},"author":2,"featured_media":0,"parent":0,"menu_order":0,"comment_status":"closed","ping_status":"closed","template":"","meta":{"om_disable_all_campaigns":false,"pagelayer_contact_templates":[],"_pagelayer_content":"","footnotes":""},"class_list":["post-158","page","type-page","status-publish","hentry"],"yoast_head":"<!-- This site is optimized with the Yoast SEO plugin v27.1.1 - https:\/\/yoast.com\/product\/yoast-seo-wordpress\/ -->\n<title>La d\u00e9cada de los 90 en la M\u00fasica y su Evoluci\u00f3n<\/title>\n<meta name=\"description\" content=\"La d\u00e9cada de los 90, explora la d\u00e9cada de los 90 en la m\u00fasica y c\u00f3mo los cl\u00e1sicos perduran, revive la magia del rock y grandes leyendas.\" \/>\n<meta name=\"robots\" content=\"index, follow, max-snippet:-1, max-image-preview:large, max-video-preview:-1\" \/>\n<link rel=\"canonical\" href=\"https:\/\/relatoshibridos.cl\/ElOyente\/la-decada-de-los-90\/\" \/>\n<meta property=\"og:locale\" content=\"es_ES\" \/>\n<meta property=\"og:type\" content=\"article\" \/>\n<meta property=\"og:title\" content=\"La d\u00e9cada de los 90 en la M\u00fasica y su Evoluci\u00f3n\" \/>\n<meta property=\"og:description\" content=\"La d\u00e9cada de los 90, explora la d\u00e9cada de los 90 en la m\u00fasica y c\u00f3mo los cl\u00e1sicos perduran, revive la magia del rock y grandes leyendas.\" \/>\n<meta property=\"og:url\" content=\"https:\/\/relatoshibridos.cl\/ElOyente\/la-decada-de-los-90\/\" \/>\n<meta property=\"og:site_name\" content=\"El Oyente\" \/>\n<meta property=\"article:modified_time\" content=\"2025-10-28T20:03:40+00:00\" \/>\n<meta property=\"og:image\" content=\"https:\/\/relatoshibridos.cl\/ElOyente\/wp-content\/uploads\/2025\/10\/image.png\" \/>\n\t<meta property=\"og:image:width\" content=\"384\" \/>\n\t<meta property=\"og:image:height\" content=\"451\" \/>\n\t<meta property=\"og:image:type\" content=\"image\/png\" \/>\n<meta name=\"twitter:card\" content=\"summary_large_image\" \/>\n<meta name=\"twitter:label1\" content=\"Tiempo de lectura\" \/>\n\t<meta name=\"twitter:data1\" content=\"4 minutos\" \/>\n<script type=\"application\/ld+json\" class=\"yoast-schema-graph\">{\"@context\":\"https:\/\/schema.org\",\"@graph\":[{\"@type\":\"WebPage\",\"@id\":\"https:\/\/relatoshibridos.cl\/ElOyente\/la-decada-de-los-90\/\",\"url\":\"https:\/\/relatoshibridos.cl\/ElOyente\/la-decada-de-los-90\/\",\"name\":\"La d\u00e9cada de los 90 en la M\u00fasica y su Evoluci\u00f3n\",\"isPartOf\":{\"@id\":\"https:\/\/relatoshibridos.cl\/ElOyente\/#website\"},\"primaryImageOfPage\":{\"@id\":\"https:\/\/relatoshibridos.cl\/ElOyente\/la-decada-de-los-90\/#primaryimage\"},\"image\":{\"@id\":\"https:\/\/relatoshibridos.cl\/ElOyente\/la-decada-de-los-90\/#primaryimage\"},\"thumbnailUrl\":\"https:\/\/relatoshibridos.cl\/ElOyente\/wp-content\/uploads\/2025\/10\/image.png\",\"datePublished\":\"2025-08-29T03:29:20+00:00\",\"dateModified\":\"2025-10-28T20:03:40+00:00\",\"description\":\"La d\u00e9cada de los 90, explora la d\u00e9cada de los 90 en la m\u00fasica y c\u00f3mo los cl\u00e1sicos perduran, revive la magia del rock y grandes leyendas.\",\"breadcrumb\":{\"@id\":\"https:\/\/relatoshibridos.cl\/ElOyente\/la-decada-de-los-90\/#breadcrumb\"},\"inLanguage\":\"es\",\"potentialAction\":[{\"@type\":\"ReadAction\",\"target\":[\"https:\/\/relatoshibridos.cl\/ElOyente\/la-decada-de-los-90\/\"]}]},{\"@type\":\"ImageObject\",\"inLanguage\":\"es\",\"@id\":\"https:\/\/relatoshibridos.cl\/ElOyente\/la-decada-de-los-90\/#primaryimage\",\"url\":\"https:\/\/relatoshibridos.cl\/ElOyente\/wp-content\/uploads\/2025\/10\/image.png\",\"contentUrl\":\"https:\/\/relatoshibridos.cl\/ElOyente\/wp-content\/uploads\/2025\/10\/image.png\",\"width\":384,\"height\":451},{\"@type\":\"BreadcrumbList\",\"@id\":\"https:\/\/relatoshibridos.cl\/ElOyente\/la-decada-de-los-90\/#breadcrumb\",\"itemListElement\":[{\"@type\":\"ListItem\",\"position\":1,\"name\":\"Portada\",\"item\":\"https:\/\/relatoshibridos.cl\/ElOyente\/\"},{\"@type\":\"ListItem\",\"position\":2,\"name\":\"As\u00ed sonaban los 90\"}]},{\"@type\":\"WebSite\",\"@id\":\"https:\/\/relatoshibridos.cl\/ElOyente\/#website\",\"url\":\"https:\/\/relatoshibridos.cl\/ElOyente\/\",\"name\":\"El Oyente\",\"description\":\"En el Oyente viajamos a trav\u00e9s de las d\u00e9cadas para descubrir c\u00f3mo ha evolucionado el sonido que nos acompa\u00f1a. Desde los vibrantes a\u00f1os 70&#039;s hasta los virtuales 2020&#039;s, repasamos a los artistas m\u00e1s influyentes, los tracks que marcaron cada \u00e9poca y los g\u00e9neros que definieron tendencias.\",\"publisher\":{\"@id\":\"https:\/\/relatoshibridos.cl\/ElOyente\/#organization\"},\"potentialAction\":[{\"@type\":\"SearchAction\",\"target\":{\"@type\":\"EntryPoint\",\"urlTemplate\":\"https:\/\/relatoshibridos.cl\/ElOyente\/?s={search_term_string}\"},\"query-input\":{\"@type\":\"PropertyValueSpecification\",\"valueRequired\":true,\"valueName\":\"search_term_string\"}}],\"inLanguage\":\"es\"},{\"@type\":\"Organization\",\"@id\":\"https:\/\/relatoshibridos.cl\/ElOyente\/#organization\",\"name\":\"El Oyente\",\"url\":\"https:\/\/relatoshibridos.cl\/ElOyente\/\",\"logo\":{\"@type\":\"ImageObject\",\"inLanguage\":\"es\",\"@id\":\"https:\/\/relatoshibridos.cl\/ElOyente\/#\/schema\/logo\/image\/\",\"url\":\"https:\/\/relatoshibridos.cl\/ElOyente\/wp-content\/uploads\/2025\/08\/eloyo.png\",\"contentUrl\":\"https:\/\/relatoshibridos.cl\/ElOyente\/wp-content\/uploads\/2025\/08\/eloyo.png\",\"width\":855,\"height\":270,\"caption\":\"El Oyente\"},\"image\":{\"@id\":\"https:\/\/relatoshibridos.cl\/ElOyente\/#\/schema\/logo\/image\/\"}}]}<\/script>\n<!-- \/ Yoast SEO plugin. -->","yoast_head_json":{"title":"La d\u00e9cada de los 90 en la M\u00fasica y su Evoluci\u00f3n","description":"La d\u00e9cada de los 90, explora la d\u00e9cada de los 90 en la m\u00fasica y c\u00f3mo los cl\u00e1sicos perduran, revive la magia del rock y grandes leyendas.","robots":{"index":"index","follow":"follow","max-snippet":"max-snippet:-1","max-image-preview":"max-image-preview:large","max-video-preview":"max-video-preview:-1"},"canonical":"https:\/\/relatoshibridos.cl\/ElOyente\/la-decada-de-los-90\/","og_locale":"es_ES","og_type":"article","og_title":"La d\u00e9cada de los 90 en la M\u00fasica y su Evoluci\u00f3n","og_description":"La d\u00e9cada de los 90, explora la d\u00e9cada de los 90 en la m\u00fasica y c\u00f3mo los cl\u00e1sicos perduran, revive la magia del rock y grandes leyendas.","og_url":"https:\/\/relatoshibridos.cl\/ElOyente\/la-decada-de-los-90\/","og_site_name":"El Oyente","article_modified_time":"2025-10-28T20:03:40+00:00","og_image":[{"width":384,"height":451,"url":"https:\/\/relatoshibridos.cl\/ElOyente\/wp-content\/uploads\/2025\/10\/image.png","type":"image\/png"}],"twitter_card":"summary_large_image","twitter_misc":{"Tiempo de lectura":"4 minutos"},"schema":{"@context":"https:\/\/schema.org","@graph":[{"@type":"WebPage","@id":"https:\/\/relatoshibridos.cl\/ElOyente\/la-decada-de-los-90\/","url":"https:\/\/relatoshibridos.cl\/ElOyente\/la-decada-de-los-90\/","name":"La d\u00e9cada de los 90 en la M\u00fasica y su Evoluci\u00f3n","isPartOf":{"@id":"https:\/\/relatoshibridos.cl\/ElOyente\/#website"},"primaryImageOfPage":{"@id":"https:\/\/relatoshibridos.cl\/ElOyente\/la-decada-de-los-90\/#primaryimage"},"image":{"@id":"https:\/\/relatoshibridos.cl\/ElOyente\/la-decada-de-los-90\/#primaryimage"},"thumbnailUrl":"https:\/\/relatoshibridos.cl\/ElOyente\/wp-content\/uploads\/2025\/10\/image.png","datePublished":"2025-08-29T03:29:20+00:00","dateModified":"2025-10-28T20:03:40+00:00","description":"La d\u00e9cada de los 90, explora la d\u00e9cada de los 90 en la m\u00fasica y c\u00f3mo los cl\u00e1sicos perduran, revive la magia del rock y grandes leyendas.","breadcrumb":{"@id":"https:\/\/relatoshibridos.cl\/ElOyente\/la-decada-de-los-90\/#breadcrumb"},"inLanguage":"es","potentialAction":[{"@type":"ReadAction","target":["https:\/\/relatoshibridos.cl\/ElOyente\/la-decada-de-los-90\/"]}]},{"@type":"ImageObject","inLanguage":"es","@id":"https:\/\/relatoshibridos.cl\/ElOyente\/la-decada-de-los-90\/#primaryimage","url":"https:\/\/relatoshibridos.cl\/ElOyente\/wp-content\/uploads\/2025\/10\/image.png","contentUrl":"https:\/\/relatoshibridos.cl\/ElOyente\/wp-content\/uploads\/2025\/10\/image.png","width":384,"height":451},{"@type":"BreadcrumbList","@id":"https:\/\/relatoshibridos.cl\/ElOyente\/la-decada-de-los-90\/#breadcrumb","itemListElement":[{"@type":"ListItem","position":1,"name":"Portada","item":"https:\/\/relatoshibridos.cl\/ElOyente\/"},{"@type":"ListItem","position":2,"name":"As\u00ed sonaban los 90"}]},{"@type":"WebSite","@id":"https:\/\/relatoshibridos.cl\/ElOyente\/#website","url":"https:\/\/relatoshibridos.cl\/ElOyente\/","name":"El Oyente","description":"En el Oyente viajamos a trav\u00e9s de las d\u00e9cadas para descubrir c\u00f3mo ha evolucionado el sonido que nos acompa\u00f1a. Desde los vibrantes a\u00f1os 70&#039;s hasta los virtuales 2020&#039;s, repasamos a los artistas m\u00e1s influyentes, los tracks que marcaron cada \u00e9poca y los g\u00e9neros que definieron tendencias.","publisher":{"@id":"https:\/\/relatoshibridos.cl\/ElOyente\/#organization"},"potentialAction":[{"@type":"SearchAction","target":{"@type":"EntryPoint","urlTemplate":"https:\/\/relatoshibridos.cl\/ElOyente\/?s={search_term_string}"},"query-input":{"@type":"PropertyValueSpecification","valueRequired":true,"valueName":"search_term_string"}}],"inLanguage":"es"},{"@type":"Organization","@id":"https:\/\/relatoshibridos.cl\/ElOyente\/#organization","name":"El Oyente","url":"https:\/\/relatoshibridos.cl\/ElOyente\/","logo":{"@type":"ImageObject","inLanguage":"es","@id":"https:\/\/relatoshibridos.cl\/ElOyente\/#\/schema\/logo\/image\/","url":"https:\/\/relatoshibridos.cl\/ElOyente\/wp-content\/uploads\/2025\/08\/eloyo.png","contentUrl":"https:\/\/relatoshibridos.cl\/ElOyente\/wp-content\/uploads\/2025\/08\/eloyo.png","width":855,"height":270,"caption":"El Oyente"},"image":{"@id":"https:\/\/relatoshibridos.cl\/ElOyente\/#\/schema\/logo\/image\/"}}]}},"_links":{"self":[{"href":"https:\/\/relatoshibridos.cl\/ElOyente\/wp-json\/wp\/v2\/pages\/158","targetHints":{"allow":["GET"]}}],"collection":[{"href":"https:\/\/relatoshibridos.cl\/ElOyente\/wp-json\/wp\/v2\/pages"}],"about":[{"href":"https:\/\/relatoshibridos.cl\/ElOyente\/wp-json\/wp\/v2\/types\/page"}],"author":[{"embeddable":true,"href":"https:\/\/relatoshibridos.cl\/ElOyente\/wp-json\/wp\/v2\/users\/2"}],"replies":[{"embeddable":true,"href":"https:\/\/relatoshibridos.cl\/ElOyente\/wp-json\/wp\/v2\/comments?post=158"}],"version-history":[{"count":4,"href":"https:\/\/relatoshibridos.cl\/ElOyente\/wp-json\/wp\/v2\/pages\/158\/revisions"}],"predecessor-version":[{"id":1234,"href":"https:\/\/relatoshibridos.cl\/ElOyente\/wp-json\/wp\/v2\/pages\/158\/revisions\/1234"}],"wp:attachment":[{"href":"https:\/\/relatoshibridos.cl\/ElOyente\/wp-json\/wp\/v2\/media?parent=158"}],"curies":[{"name":"wp","href":"https:\/\/api.w.org\/{rel}","templated":true}]}}