{"id":161,"date":"2025-08-29T03:30:07","date_gmt":"2025-08-29T03:30:07","guid":{"rendered":"https:\/\/relatoshibridos.cl\/ElOyente\/?page_id=161"},"modified":"2025-11-18T15:02:08","modified_gmt":"2025-11-18T15:02:08","slug":"el-encanto-de-los-2000","status":"publish","type":"page","link":"https:\/\/relatoshibridos.cl\/ElOyente\/el-encanto-de-los-2000\/","title":{"rendered":"Los 2000&#8217;s y el nuevo siglo"},"content":{"rendered":"\n<h1>El encanto de los 2000:<br>La d\u00e9cada que cambi\u00f3 la m\u00fasica<\/h1>\n\n\n\n<div class=\"wp-block-group alignfull has-background has-global-padding is-layout-constrained wp-container-core-group-is-layout-669513ed wp-block-group-is-layout-constrained\" style=\"background-color:#2eaa4d;margin-top:0;margin-bottom:0;padding-top:var(--wp--preset--spacing--50);padding-right:var(--wp--preset--spacing--50);padding-bottom:var(--wp--preset--spacing--50);padding-left:var(--wp--preset--spacing--50)\">\n<div class=\"wp-block-columns alignwide is-layout-flex wp-container-core-columns-is-layout-1da03c2a wp-block-columns-is-layout-flex\">\n<div class=\"wp-block-column is-vertically-aligned-stretch is-layout-flow wp-block-column-is-layout-flow\" style=\"flex-basis:50%\">\n<div class=\"wp-block-group is-vertical is-content-justification-stretch is-layout-flex wp-container-core-group-is-layout-444d5ee8 wp-block-group-is-layout-flex\" style=\"min-height:100%\">\n<p class=\"has-heading-font-family has-large-font-size\" style=\"line-height:1.2\"><br>Los 2000\u2019s cambiaron para siempre la m\u00fasica: Napster, iTunes y YouTube abrieron la era digital y global. Mientras el mundo enfrentaba el 11-S y la crisis del 2008, sonaban Britney, Beyonc\u00e9 y Coldplay, pero tambi\u00e9n Eminem y Kanye con letras de cr\u00edtica. Desde Am\u00e9rica Latina, Daddy Yankee encend\u00eda el reguet\u00f3n con \u201cGasolina\u201d y Shakira conquistaba el pop internacional.<br><br>En Chile, la Revoluci\u00f3n Ping\u00fcina encontr\u00f3 su eco en Los Bunkers y el hip hop de GuerrillerOkulto, mientras Kudai daba voz a una juventud en transici\u00f3n. Fue una d\u00e9cada de cambios, donde la m\u00fasica funcion\u00f3 a la vez como refugio, protesta y celebraci\u00f3n.<\/p>\n<\/div>\n<\/div>\n\n\n\n<div class=\"wp-block-column is-vertically-aligned-center is-layout-flow wp-block-column-is-layout-flow\" style=\"flex-basis:50%\">\n<figure class=\"wp-block-image size-large is-style-rounded is-style-rounded--1\"><img decoding=\"async\" src=\"https:\/\/upload.wikimedia.org\/wikipedia\/commons\/thumb\/4\/48\/Shakira_-_Rock_in_Rio_2008_02.jpg\/960px-Shakira_-_Rock_in_Rio_2008_02.jpg?20091228230225\" alt=\"Shakira\" style=\"aspect-ratio:3\/4;object-fit:cover\"\/><\/figure>\n\n\n\n<p class=\"has-text-align-center has-heading-font-family has-large-font-size\">Shakira<\/p>\n<\/div>\n<\/div>\n<\/div>\n\n\n\n<div class=\"wp-block-group alignfull has-global-padding is-layout-constrained wp-container-core-group-is-layout-490fa1db wp-block-group-is-layout-constrained\" style=\"padding-top:var(--wp--preset--spacing--50);padding-right:var(--wp--preset--spacing--50);padding-bottom:var(--wp--preset--spacing--50);padding-left:var(--wp--preset--spacing--50)\">\n<div class=\"wp-block-group has-global-padding is-layout-constrained wp-container-core-group-is-layout-650790e1 wp-block-group-is-layout-constrained\">\n<h2 class=\"wp-block-heading has-text-align-center has-x-large-font-size\">\u00a1Pulsa la imagen para chequear nuestra entrada introductoria a esta d\u00e9cada!<\/h2>\n<\/div>\n\n\n\n<div style=\"height:var(--wp--preset--spacing--30)\" aria-hidden=\"true\" class=\"wp-block-spacer\"><\/div>\n\n\n\n<figure class=\"wp-block-image alignwide size-large is-style-rounded is-style-rounded--2\"><a href=\"https:\/\/relatoshibridos.cl\/ElOyente\/la-decada-de-los-2000-en-la-musica-y-su-evolucion\/\"><img decoding=\"async\" src=\"https:\/\/upload.wikimedia.org\/wikipedia\/commons\/thumb\/b\/b5\/Britney_Spears_%27Piece_of_Me%27_-_Las_Vegas_IMG_6738_%2827415348192%29.jpg\/1200px-Britney_Spears_%27Piece_of_Me%27_-_Las_Vegas_IMG_6738_%2827415348192%29.jpg?20161021011643\" alt=\"Merchandising de Britney Spears\"\/><\/a><\/figure>\n<\/div>\n\n\n\n<div class=\"wp-block-group alignfull has-background has-global-padding is-layout-constrained wp-container-core-group-is-layout-b25ccd55 wp-block-group-is-layout-constrained\" style=\"background-color:#00b3ad;margin-top:0;margin-bottom:0;padding-top:var(--wp--preset--spacing--50);padding-right:var(--wp--preset--spacing--50);padding-bottom:var(--wp--preset--spacing--50);padding-left:var(--wp--preset--spacing--50)\">\n<h2>\u00a1Revisa nuestras entradas pulsando en las im\u00e1genes de los mayores \u00edconos <br>del encanto de los 2000!<br><\/h2>\n\n\n\n<div style=\"height:47px\" aria-hidden=\"true\" class=\"wp-block-spacer\"><\/div>\n\n\n\n<div class=\"wp-block-columns alignwide is-layout-flex wp-container-core-columns-is-layout-ff4b9c61 wp-block-columns-is-layout-flex\" style=\"margin-top:0;margin-bottom:0\">\n<div class=\"wp-block-column is-layout-flow wp-container-core-column-is-layout-8a368f38 wp-block-column-is-layout-flow\">\n<figure class=\"wp-block-image size-large is-style-rounded is-style-rounded--3\"><img decoding=\"async\" src=\"https:\/\/upload.wikimedia.org\/wikipedia\/commons\/thumb\/4\/42\/Linkin_Park_20150825_007.jpg\/1200px-Linkin_Park_20150825_007.jpg?20210409112705\" alt=\"Linkin Park\" style=\"aspect-ratio:4\/3;object-fit:cover\"\/><\/figure>\n\n\n\n<p class=\"has-text-align-center has-heading-font-family has-medium-font-size\">Linkin Park<\/p>\n\n\n\n<div style=\"height:var(--wp--preset--spacing--50)\" aria-hidden=\"true\" class=\"wp-block-spacer\"><\/div>\n<\/div>\n\n\n\n<div class=\"wp-block-column is-layout-flow wp-container-core-column-is-layout-8a368f38 wp-block-column-is-layout-flow\">\n<div style=\"height:var(--wp--preset--spacing--50)\" aria-hidden=\"true\" class=\"wp-block-spacer\"><\/div>\n\n\n\n<figure class=\"wp-block-image size-large is-style-rounded is-style-rounded--4\"><img decoding=\"async\" src=\"https:\/\/upload.wikimedia.org\/wikipedia\/commons\/e\/e2\/Britney_Spears_Navy.jpg?20091010034429\" alt=\"Britney Spears\" style=\"aspect-ratio:3\/4;object-fit:cover\"\/><\/figure>\n\n\n\n<p class=\"has-text-align-center has-heading-font-family has-medium-font-size\">Britney Spears<\/p>\n<\/div>\n\n\n\n<div class=\"wp-block-column is-layout-flow wp-container-core-column-is-layout-8a368f38 wp-block-column-is-layout-flow\">\n<p class=\"has-text-align-center has-heading-font-family has-large-font-size\">\u00bfNapster y Nirvana?<\/p>\n\n\n\n<figure class=\"wp-block-image size-large is-style-rounded is-style-rounded--5\"><a href=\"https:\/\/relatoshibridos.cl\/ElOyente\/napster-vs-metallica\/\"><img decoding=\"async\" src=\"https:\/\/upload.wikimedia.org\/wikipedia\/commons\/thumb\/f\/f8\/James_Hetfield_with_Metallica_--_7_October_2004.jpg\/640px-James_Hetfield_with_Metallica_--_7_October_2004.jpg\" alt=\"Daddy Yankee\" style=\"aspect-ratio:3\/4;object-fit:cover\"\/><\/a><\/figure>\n\n\n\n<p class=\"has-text-align-center has-heading-font-family has-medium-font-size\">Metallica<\/p>\n\n\n\n<div style=\"height:var(--wp--preset--spacing--50)\" aria-hidden=\"true\" class=\"wp-block-spacer\"><\/div>\n<\/div>\n<\/div>\n\n\n\n<p>Nunca esta de m\u00e1s escuchar: <a href=\"https:\/\/www.youtube.com\/watch?v=dQw4w9WgXcQ\">https:\/\/www.youtube.com\/watch?v=dQw4w9WgXcQ<\/a><\/p>\n<\/div>\n\n\n\n<div class=\"wp-block-group alignfull has-global-padding is-layout-constrained wp-container-core-group-is-layout-b25ccd55 wp-block-group-is-layout-constrained\" style=\"margin-top:0;margin-bottom:0;padding-top:var(--wp--preset--spacing--50);padding-right:var(--wp--preset--spacing--50);padding-bottom:var(--wp--preset--spacing--50);padding-left:var(--wp--preset--spacing--50)\">\n<div class=\"wp-block-columns alignwide is-layout-flex wp-container-core-columns-is-layout-ff4b9c61 wp-block-columns-is-layout-flex\" style=\"margin-top:0;margin-bottom:0\">\n<div class=\"wp-block-column is-layout-flow wp-container-core-column-is-layout-8a368f38 wp-block-column-is-layout-flow\">\n<figure class=\"wp-block-image size-large is-style-rounded is-style-rounded--6\"><img decoding=\"async\" src=\"https:\/\/upload.wikimedia.org\/wikipedia\/commons\/f\/f2\/Kanye_West_%40_MoMA_%28A%29.jpg?20201023142035\" alt=\"Kanye West\" style=\"aspect-ratio:4\/3;object-fit:cover\"\/><\/figure>\n\n\n\n<p class=\"has-text-align-center has-heading-font-family has-medium-font-size\">Kanye West<\/p>\n\n\n\n<div style=\"height:var(--wp--preset--spacing--50)\" aria-hidden=\"true\" class=\"wp-block-spacer\"><\/div>\n\n\n\n<figure class=\"wp-block-image size-large is-style-rounded is-style-rounded--7\"><img decoding=\"async\" src=\"https:\/\/upload.wikimedia.org\/wikipedia\/commons\/thumb\/8\/81\/Coldplay_-_Global-Citizen-Festival_Hamburg_14.jpg\/1200px-Coldplay_-_Global-Citizen-Festival_Hamburg_14.jpg?20170711173832\" alt=\"Coldplay\" style=\"aspect-ratio:3\/4;object-fit:cover\"\/><\/figure>\n\n\n\n<p class=\"has-text-align-center has-heading-font-family has-medium-font-size\">Coldplay<\/p>\n\n\n\n<div style=\"height:var(--wp--preset--spacing--50)\" aria-hidden=\"true\" class=\"wp-block-spacer\"><\/div>\n<\/div>\n\n\n\n<div class=\"wp-block-column is-layout-flow wp-container-core-column-is-layout-8a368f38 wp-block-column-is-layout-flow\">\n<div style=\"height:var(--wp--preset--spacing--50)\" aria-hidden=\"true\" class=\"wp-block-spacer\"><\/div>\n\n\n\n<figure class=\"wp-block-image size-large is-style-rounded is-style-rounded--8\"><img decoding=\"async\" src=\"https:\/\/upload.wikimedia.org\/wikipedia\/commons\/thumb\/6\/67\/Christina_Aguilera_-_Back_to_Basics_Tour_-_Ain%27t_No_Other_Man.jpg\/675px-Christina_Aguilera_-_Back_to_Basics_Tour_-_Ain%27t_No_Other_Man.jpg?20100213172800\" alt=\"Christina Aguilera\" style=\"aspect-ratio:3\/4;object-fit:cover\"\/><\/figure>\n\n\n\n<p class=\"has-text-align-center has-heading-font-family has-medium-font-size\">Christina Aguilera<\/p>\n\n\n\n<div style=\"height:var(--wp--preset--spacing--50)\" aria-hidden=\"true\" class=\"wp-block-spacer\"><\/div>\n\n\n\n<figure class=\"wp-block-image size-large is-style-rounded is-style-rounded--9\"><img decoding=\"async\" src=\"https:\/\/upload.wikimedia.org\/wikipedia\/commons\/thumb\/c\/cd\/Eminem-01-mika.jpg\/1200px-Eminem-01-mika.jpg?20120308100121\" alt=\"Eminem\"\/><\/figure>\n\n\n\n<p class=\"has-text-align-center has-heading-font-family has-medium-font-size\">Eminem<\/p>\n\n\n\n<div style=\"height:var(--wp--preset--spacing--50)\" aria-hidden=\"true\" class=\"wp-block-spacer\"><\/div>\n<\/div>\n\n\n\n<div class=\"wp-block-column is-layout-flow wp-container-core-column-is-layout-8a368f38 wp-block-column-is-layout-flow\">\n<figure class=\"wp-block-image size-large is-style-rounded is-style-rounded--10\"><img decoding=\"async\" src=\"https:\/\/upload.wikimedia.org\/wikipedia\/commons\/thumb\/1\/19\/50_cent_en_concierto_%28cropped%29.jpg\/599px-50_cent_en_concierto_%28cropped%29.jpg?20211114082637\" alt=\"50 cent\" style=\"aspect-ratio:3\/4;object-fit:cover\"\/><\/figure>\n\n\n\n<p class=\"has-text-align-center has-heading-font-family has-medium-font-size\">50 cent<\/p>\n\n\n\n<div style=\"height:var(--wp--preset--spacing--50)\" aria-hidden=\"true\" class=\"wp-block-spacer\"><\/div>\n\n\n\n<figure class=\"wp-block-image size-large is-style-rounded is-style-rounded--11\"><img decoding=\"async\" src=\"https:\/\/upload.wikimedia.org\/wikipedia\/commons\/thumb\/d\/d9\/Justin_Timberlake%2C_V_Festival_2014%2C_Chelmsford_%2814788635900%29.jpg\/960px-Justin_Timberlake%2C_V_Festival_2014%2C_Chelmsford_%2814788635900%29.jpg?20161017020832\" alt=\"Justin Timberlake\"\/><\/figure>\n\n\n\n<p class=\"has-text-align-center has-heading-font-family has-medium-font-size\">Justin Timberlake<\/p>\n\n\n\n<div style=\"height:var(--wp--preset--spacing--50)\" aria-hidden=\"true\" class=\"wp-block-spacer\"><\/div>\n<\/div>\n\n\n\n<div class=\"wp-block-column is-layout-flow wp-container-core-column-is-layout-8a368f38 wp-block-column-is-layout-flow\">\n<div style=\"height:var(--wp--preset--spacing--50)\" aria-hidden=\"true\" class=\"wp-block-spacer\"><\/div>\n\n\n\n<figure class=\"wp-block-image size-large is-style-rounded is-style-rounded--12\"><img decoding=\"async\" src=\"https:\/\/upload.wikimedia.org\/wikipedia\/commons\/f\/f2\/Beyonce_-_The_Formation_World_Tour%2C_at_Wembley_Stadium_in_London%2C_England.jpg?20230905195903\" alt=\"Beyonc\u00e9\"\/><\/figure>\n\n\n\n<p class=\"has-text-align-center has-heading-font-family has-medium-font-size\">Beyonc\u00e9<\/p>\n\n\n\n<div style=\"height:var(--wp--preset--spacing--50)\" aria-hidden=\"true\" class=\"wp-block-spacer\"><\/div>\n\n\n\n<figure class=\"wp-block-image size-large is-style-rounded is-style-rounded--13\"><img decoding=\"async\" src=\"https:\/\/upload.wikimedia.org\/wikipedia\/commons\/1\/1e\/KUDAI_-_live_2005_-_02.jpg?20090825123729\" alt=\"KUDAI\"\/><\/figure>\n\n\n\n<p class=\"has-text-align-center has-heading-font-family has-medium-font-size\">KUDAI<\/p>\n\n\n\n<div style=\"height:var(--wp--preset--spacing--50)\" aria-hidden=\"true\" class=\"wp-block-spacer\"><\/div>\n<\/div>\n<\/div>\n<\/div>\n","protected":false},"excerpt":{"rendered":"<p>Los 2000\u2019s cambiaron para siempre la m\u00fasica: Napster, iTunes y YouTube abrieron la era digital y global. Mientras el mundo enfrentaba el 11-S y la crisis del 2008, sonaban Britney, Beyonc\u00e9 y Coldplay, pero tambi\u00e9n Eminem y Kanye con letras de cr\u00edtica. Desde Am\u00e9rica Latina, Daddy Yankee encend\u00eda el reguet\u00f3n con \u201cGasolina\u201d y Shakira conquistaba [&hellip;]<\/p>\n","protected":false},"author":1,"featured_media":0,"parent":0,"menu_order":0,"comment_status":"closed","ping_status":"closed","template":"","meta":{"om_disable_all_campaigns":false,"pagelayer_contact_templates":[],"_pagelayer_content":"","footnotes":""},"class_list":["post-161","page","type-page","status-publish","hentry"],"yoast_head":"<!-- This site is optimized with the Yoast SEO plugin v27.1.1 - https:\/\/yoast.com\/product\/yoast-seo-wordpress\/ -->\n<title>El encanto de los 2000<\/title>\n<meta name=\"description\" content=\"Revive el encanto de los 2000: pop, rock alternativo, reggaet\u00f3n y los que marcaron la era digital y cambiaron la forma de escuchar m\u00fasica.\" \/>\n<meta name=\"robots\" content=\"index, follow, max-snippet:-1, max-image-preview:large, max-video-preview:-1\" \/>\n<link rel=\"canonical\" href=\"https:\/\/relatoshibridos.cl\/ElOyente\/el-encanto-de-los-2000\/\" \/>\n<meta property=\"og:locale\" content=\"es_ES\" \/>\n<meta property=\"og:type\" content=\"article\" \/>\n<meta property=\"og:title\" content=\"El encanto de los 2000\" \/>\n<meta property=\"og:description\" content=\"Revive el encanto de los 2000: pop, rock alternativo, reggaet\u00f3n y los que marcaron la era digital y cambiaron la forma de escuchar m\u00fasica.\" \/>\n<meta property=\"og:url\" content=\"https:\/\/relatoshibridos.cl\/ElOyente\/el-encanto-de-los-2000\/\" \/>\n<meta property=\"og:site_name\" content=\"El Oyente\" \/>\n<meta property=\"article:modified_time\" content=\"2025-11-18T15:02:08+00:00\" \/>\n<meta property=\"og:image\" content=\"https:\/\/upload.wikimedia.org\/wikipedia\/commons\/thumb\/4\/48\/Shakira_-_Rock_in_Rio_2008_02.jpg\/960px-Shakira_-_Rock_in_Rio_2008_02.jpg?20091228230225\" \/>\n<meta name=\"twitter:card\" content=\"summary_large_image\" \/>\n<meta name=\"twitter:label1\" content=\"Tiempo de lectura\" \/>\n\t<meta name=\"twitter:data1\" content=\"4 minutos\" \/>\n<script type=\"application\/ld+json\" class=\"yoast-schema-graph\">{\"@context\":\"https:\/\/schema.org\",\"@graph\":[{\"@type\":\"WebPage\",\"@id\":\"https:\/\/relatoshibridos.cl\/ElOyente\/el-encanto-de-los-2000\/\",\"url\":\"https:\/\/relatoshibridos.cl\/ElOyente\/el-encanto-de-los-2000\/\",\"name\":\"El encanto de los 2000\",\"isPartOf\":{\"@id\":\"https:\/\/relatoshibridos.cl\/ElOyente\/#website\"},\"primaryImageOfPage\":{\"@id\":\"https:\/\/relatoshibridos.cl\/ElOyente\/el-encanto-de-los-2000\/#primaryimage\"},\"image\":{\"@id\":\"https:\/\/relatoshibridos.cl\/ElOyente\/el-encanto-de-los-2000\/#primaryimage\"},\"thumbnailUrl\":\"https:\/\/upload.wikimedia.org\/wikipedia\/commons\/thumb\/4\/48\/Shakira_-_Rock_in_Rio_2008_02.jpg\/960px-Shakira_-_Rock_in_Rio_2008_02.jpg?20091228230225\",\"datePublished\":\"2025-08-29T03:30:07+00:00\",\"dateModified\":\"2025-11-18T15:02:08+00:00\",\"description\":\"Revive el encanto de los 2000: pop, rock alternativo, reggaet\u00f3n y los que marcaron la era digital y cambiaron la forma de escuchar m\u00fasica.\",\"breadcrumb\":{\"@id\":\"https:\/\/relatoshibridos.cl\/ElOyente\/el-encanto-de-los-2000\/#breadcrumb\"},\"inLanguage\":\"es\",\"potentialAction\":[{\"@type\":\"ReadAction\",\"target\":[\"https:\/\/relatoshibridos.cl\/ElOyente\/el-encanto-de-los-2000\/\"]}]},{\"@type\":\"ImageObject\",\"inLanguage\":\"es\",\"@id\":\"https:\/\/relatoshibridos.cl\/ElOyente\/el-encanto-de-los-2000\/#primaryimage\",\"url\":\"https:\/\/upload.wikimedia.org\/wikipedia\/commons\/thumb\/4\/48\/Shakira_-_Rock_in_Rio_2008_02.jpg\/960px-Shakira_-_Rock_in_Rio_2008_02.jpg?20091228230225\",\"contentUrl\":\"https:\/\/upload.wikimedia.org\/wikipedia\/commons\/thumb\/4\/48\/Shakira_-_Rock_in_Rio_2008_02.jpg\/960px-Shakira_-_Rock_in_Rio_2008_02.jpg?20091228230225\"},{\"@type\":\"BreadcrumbList\",\"@id\":\"https:\/\/relatoshibridos.cl\/ElOyente\/el-encanto-de-los-2000\/#breadcrumb\",\"itemListElement\":[{\"@type\":\"ListItem\",\"position\":1,\"name\":\"Portada\",\"item\":\"https:\/\/relatoshibridos.cl\/ElOyente\/\"},{\"@type\":\"ListItem\",\"position\":2,\"name\":\"Los 2000&#8217;s y el nuevo siglo\"}]},{\"@type\":\"WebSite\",\"@id\":\"https:\/\/relatoshibridos.cl\/ElOyente\/#website\",\"url\":\"https:\/\/relatoshibridos.cl\/ElOyente\/\",\"name\":\"El Oyente\",\"description\":\"En el Oyente viajamos a trav\u00e9s de las d\u00e9cadas para descubrir c\u00f3mo ha evolucionado el sonido que nos acompa\u00f1a. Desde los vibrantes a\u00f1os 70&#039;s hasta los virtuales 2020&#039;s, repasamos a los artistas m\u00e1s influyentes, los tracks que marcaron cada \u00e9poca y los g\u00e9neros que definieron tendencias.\",\"publisher\":{\"@id\":\"https:\/\/relatoshibridos.cl\/ElOyente\/#organization\"},\"potentialAction\":[{\"@type\":\"SearchAction\",\"target\":{\"@type\":\"EntryPoint\",\"urlTemplate\":\"https:\/\/relatoshibridos.cl\/ElOyente\/?s={search_term_string}\"},\"query-input\":{\"@type\":\"PropertyValueSpecification\",\"valueRequired\":true,\"valueName\":\"search_term_string\"}}],\"inLanguage\":\"es\"},{\"@type\":\"Organization\",\"@id\":\"https:\/\/relatoshibridos.cl\/ElOyente\/#organization\",\"name\":\"El Oyente\",\"url\":\"https:\/\/relatoshibridos.cl\/ElOyente\/\",\"logo\":{\"@type\":\"ImageObject\",\"inLanguage\":\"es\",\"@id\":\"https:\/\/relatoshibridos.cl\/ElOyente\/#\/schema\/logo\/image\/\",\"url\":\"https:\/\/relatoshibridos.cl\/ElOyente\/wp-content\/uploads\/2025\/08\/eloyo.png\",\"contentUrl\":\"https:\/\/relatoshibridos.cl\/ElOyente\/wp-content\/uploads\/2025\/08\/eloyo.png\",\"width\":855,\"height\":270,\"caption\":\"El Oyente\"},\"image\":{\"@id\":\"https:\/\/relatoshibridos.cl\/ElOyente\/#\/schema\/logo\/image\/\"}}]}<\/script>\n<!-- \/ Yoast SEO plugin. -->","yoast_head_json":{"title":"El encanto de los 2000","description":"Revive el encanto de los 2000: pop, rock alternativo, reggaet\u00f3n y los que marcaron la era digital y cambiaron la forma de escuchar m\u00fasica.","robots":{"index":"index","follow":"follow","max-snippet":"max-snippet:-1","max-image-preview":"max-image-preview:large","max-video-preview":"max-video-preview:-1"},"canonical":"https:\/\/relatoshibridos.cl\/ElOyente\/el-encanto-de-los-2000\/","og_locale":"es_ES","og_type":"article","og_title":"El encanto de los 2000","og_description":"Revive el encanto de los 2000: pop, rock alternativo, reggaet\u00f3n y los que marcaron la era digital y cambiaron la forma de escuchar m\u00fasica.","og_url":"https:\/\/relatoshibridos.cl\/ElOyente\/el-encanto-de-los-2000\/","og_site_name":"El Oyente","article_modified_time":"2025-11-18T15:02:08+00:00","og_image":[{"url":"https:\/\/upload.wikimedia.org\/wikipedia\/commons\/thumb\/4\/48\/Shakira_-_Rock_in_Rio_2008_02.jpg\/960px-Shakira_-_Rock_in_Rio_2008_02.jpg?20091228230225","type":"","width":"","height":""}],"twitter_card":"summary_large_image","twitter_misc":{"Tiempo de lectura":"4 minutos"},"schema":{"@context":"https:\/\/schema.org","@graph":[{"@type":"WebPage","@id":"https:\/\/relatoshibridos.cl\/ElOyente\/el-encanto-de-los-2000\/","url":"https:\/\/relatoshibridos.cl\/ElOyente\/el-encanto-de-los-2000\/","name":"El encanto de los 2000","isPartOf":{"@id":"https:\/\/relatoshibridos.cl\/ElOyente\/#website"},"primaryImageOfPage":{"@id":"https:\/\/relatoshibridos.cl\/ElOyente\/el-encanto-de-los-2000\/#primaryimage"},"image":{"@id":"https:\/\/relatoshibridos.cl\/ElOyente\/el-encanto-de-los-2000\/#primaryimage"},"thumbnailUrl":"https:\/\/upload.wikimedia.org\/wikipedia\/commons\/thumb\/4\/48\/Shakira_-_Rock_in_Rio_2008_02.jpg\/960px-Shakira_-_Rock_in_Rio_2008_02.jpg?20091228230225","datePublished":"2025-08-29T03:30:07+00:00","dateModified":"2025-11-18T15:02:08+00:00","description":"Revive el encanto de los 2000: pop, rock alternativo, reggaet\u00f3n y los que marcaron la era digital y cambiaron la forma de escuchar m\u00fasica.","breadcrumb":{"@id":"https:\/\/relatoshibridos.cl\/ElOyente\/el-encanto-de-los-2000\/#breadcrumb"},"inLanguage":"es","potentialAction":[{"@type":"ReadAction","target":["https:\/\/relatoshibridos.cl\/ElOyente\/el-encanto-de-los-2000\/"]}]},{"@type":"ImageObject","inLanguage":"es","@id":"https:\/\/relatoshibridos.cl\/ElOyente\/el-encanto-de-los-2000\/#primaryimage","url":"https:\/\/upload.wikimedia.org\/wikipedia\/commons\/thumb\/4\/48\/Shakira_-_Rock_in_Rio_2008_02.jpg\/960px-Shakira_-_Rock_in_Rio_2008_02.jpg?20091228230225","contentUrl":"https:\/\/upload.wikimedia.org\/wikipedia\/commons\/thumb\/4\/48\/Shakira_-_Rock_in_Rio_2008_02.jpg\/960px-Shakira_-_Rock_in_Rio_2008_02.jpg?20091228230225"},{"@type":"BreadcrumbList","@id":"https:\/\/relatoshibridos.cl\/ElOyente\/el-encanto-de-los-2000\/#breadcrumb","itemListElement":[{"@type":"ListItem","position":1,"name":"Portada","item":"https:\/\/relatoshibridos.cl\/ElOyente\/"},{"@type":"ListItem","position":2,"name":"Los 2000&#8217;s y el nuevo siglo"}]},{"@type":"WebSite","@id":"https:\/\/relatoshibridos.cl\/ElOyente\/#website","url":"https:\/\/relatoshibridos.cl\/ElOyente\/","name":"El Oyente","description":"En el Oyente viajamos a trav\u00e9s de las d\u00e9cadas para descubrir c\u00f3mo ha evolucionado el sonido que nos acompa\u00f1a. Desde los vibrantes a\u00f1os 70&#039;s hasta los virtuales 2020&#039;s, repasamos a los artistas m\u00e1s influyentes, los tracks que marcaron cada \u00e9poca y los g\u00e9neros que definieron tendencias.","publisher":{"@id":"https:\/\/relatoshibridos.cl\/ElOyente\/#organization"},"potentialAction":[{"@type":"SearchAction","target":{"@type":"EntryPoint","urlTemplate":"https:\/\/relatoshibridos.cl\/ElOyente\/?s={search_term_string}"},"query-input":{"@type":"PropertyValueSpecification","valueRequired":true,"valueName":"search_term_string"}}],"inLanguage":"es"},{"@type":"Organization","@id":"https:\/\/relatoshibridos.cl\/ElOyente\/#organization","name":"El Oyente","url":"https:\/\/relatoshibridos.cl\/ElOyente\/","logo":{"@type":"ImageObject","inLanguage":"es","@id":"https:\/\/relatoshibridos.cl\/ElOyente\/#\/schema\/logo\/image\/","url":"https:\/\/relatoshibridos.cl\/ElOyente\/wp-content\/uploads\/2025\/08\/eloyo.png","contentUrl":"https:\/\/relatoshibridos.cl\/ElOyente\/wp-content\/uploads\/2025\/08\/eloyo.png","width":855,"height":270,"caption":"El Oyente"},"image":{"@id":"https:\/\/relatoshibridos.cl\/ElOyente\/#\/schema\/logo\/image\/"}}]}},"_links":{"self":[{"href":"https:\/\/relatoshibridos.cl\/ElOyente\/wp-json\/wp\/v2\/pages\/161","targetHints":{"allow":["GET"]}}],"collection":[{"href":"https:\/\/relatoshibridos.cl\/ElOyente\/wp-json\/wp\/v2\/pages"}],"about":[{"href":"https:\/\/relatoshibridos.cl\/ElOyente\/wp-json\/wp\/v2\/types\/page"}],"author":[{"embeddable":true,"href":"https:\/\/relatoshibridos.cl\/ElOyente\/wp-json\/wp\/v2\/users\/1"}],"replies":[{"embeddable":true,"href":"https:\/\/relatoshibridos.cl\/ElOyente\/wp-json\/wp\/v2\/comments?post=161"}],"version-history":[{"count":5,"href":"https:\/\/relatoshibridos.cl\/ElOyente\/wp-json\/wp\/v2\/pages\/161\/revisions"}],"predecessor-version":[{"id":1412,"href":"https:\/\/relatoshibridos.cl\/ElOyente\/wp-json\/wp\/v2\/pages\/161\/revisions\/1412"}],"wp:attachment":[{"href":"https:\/\/relatoshibridos.cl\/ElOyente\/wp-json\/wp\/v2\/media?parent=161"}],"curies":[{"name":"wp","href":"https:\/\/api.w.org\/{rel}","templated":true}]}}