{"id":700,"date":"2025-09-08T00:49:29","date_gmt":"2025-09-08T00:49:29","guid":{"rendered":"https:\/\/relatoshibridos.cl\/ElOyente\/?page_id=700"},"modified":"2025-11-18T15:01:30","modified_gmt":"2025-11-18T15:01:30","slug":"la-voz-de-los-80","status":"publish","type":"page","link":"https:\/\/relatoshibridos.cl\/ElOyente\/la-voz-de-los-80\/","title":{"rendered":"Entrada: La voz de los 80"},"content":{"rendered":"\n<h1>La Voz de los 80: Una d\u00e9cada de experimentaci\u00f3n y expansi\u00f3n global<\/h1>\n\n\n\n<div class=\"wp-block-group alignfull has-background has-global-padding is-layout-constrained wp-container-core-group-is-layout-669513ed wp-block-group-is-layout-constrained\" style=\"background-color:#882c7a;margin-top:0;margin-bottom:0;padding-top:var(--wp--preset--spacing--50);padding-right:var(--wp--preset--spacing--50);padding-bottom:var(--wp--preset--spacing--50);padding-left:var(--wp--preset--spacing--50)\">\n<div class=\"wp-block-columns alignwide is-layout-flex wp-container-core-columns-is-layout-1da03c2a wp-block-columns-is-layout-flex\">\n<div class=\"wp-block-column is-vertically-aligned-stretch is-layout-flow wp-block-column-is-layout-flow\" style=\"flex-basis:50%\">\n<div class=\"wp-block-group is-vertical is-content-justification-stretch is-layout-flex wp-container-core-group-is-layout-444d5ee8 wp-block-group-is-layout-flex\" style=\"min-height:100%\">\n<p class=\"has-heading-font-family has-large-font-size\" style=\"line-height:1.2\">La d\u00e9cada de los 80 en la historia de la m\u00fasica signific\u00f3 un verdadero punto de inflexi\u00f3n.<br><br>La innovaci\u00f3n musical a trav\u00e9s del uso de sintetizadores, el surgimiento de los videos musicales y la grabaciones digitales, permitieron la consolidaci\u00f3n de variopintos artistas de diferentes g\u00e9neros.<br><br>Michael Jackson, Madonna, Cyndi Lauper, Metallica, M\u00f6tley Cr\u00fce, Guns N&#8217; Roses, Depeche Mode, A-ha, Soda Stereo, Los Prisioneros, Luis Miguel, son solo los \u00edconos de esta gran&nbsp;variedad musical.<br><br>Este es un breve repaso por una de las d\u00e9cadas m\u00e1s emblem\u00e1ticas de la historia de la m\u00fasica.<\/p>\n<\/div>\n<\/div>\n\n\n\n<div class=\"wp-block-column is-vertically-aligned-center is-layout-flow wp-block-column-is-layout-flow\" style=\"flex-basis:50%\">\n<figure class=\"wp-block-image size-large is-resized is-style-rounded is-style-rounded--1\"><img decoding=\"async\" src=\"https:\/\/upload.wikimedia.org\/wikipedia\/commons\/thumb\/1\/13\/Cyndi_Lauper_-_The_Roanoke_Times_%281984%29.jpg\/500px-Cyndi_Lauper_-_The_Roanoke_Times_%281984%29.jpg?20240907142314\" alt=\"Cyndi Lauper\" style=\"aspect-ratio:2\/3;object-fit:cover;width:396px;height:auto\"\/><\/figure>\n\n\n\n<p class=\"has-text-align-center has-heading-font-family has-large-font-size\">Cyndi Lauper<\/p>\n\n\n\n<p class=\"has-text-align-center has-heading-font-family has-medium-font-size\"><\/p>\n<\/div>\n<\/div>\n\n\n\n<p class=\"has-text-align-center\">\u00a1\u00a1Quieres escuchar algo entretenido, cliquea aqu\u00ed!!<\/p>\n\n\n\n<p class=\"has-text-align-center\"><a href=\"https:\/\/www.youtube.com\/watch?v=dQw4w9WgXcQe\">https:\/\/www.youtube.com\/watch?v=dQw4w9WgXcQe<\/a><\/p>\n<\/div>\n\n\n\n<div class=\"wp-block-group alignfull has-global-padding is-layout-constrained wp-container-core-group-is-layout-d89aad35 wp-block-group-is-layout-constrained\" style=\"margin-top:0;margin-bottom:0;padding-top:var(--wp--preset--spacing--50);padding-right:var(--wp--preset--spacing--50);padding-bottom:var(--wp--preset--spacing--50);padding-left:var(--wp--preset--spacing--50)\">\n<div class=\"wp-block-columns alignwide is-layout-flex wp-container-core-columns-is-layout-549b0c86 wp-block-columns-is-layout-flex\">\n<div class=\"wp-block-column has-global-padding is-content-justification-left is-layout-constrained wp-container-core-column-is-layout-4f15e8fe wp-block-column-is-layout-constrained\" style=\"flex-basis:40%\">\n<p class=\"has-heading-font-family\">Nos encontramos en la d\u00e9cada de los 80, una \u00e9poca marcada por profundas transformaciones sociales y pol\u00edticas. La guerra fr\u00eda se encontraba ad portas de su t\u00e9rmino, por lo que el auge neoliberal alrededor del mundo se convirti\u00f3 en una tendencia. En Estados Unidos y Reino Unido, bajo los gobiernos conservadores de Ronald Reagan y Margaret Thatcher respectivamente, impulsaron pol\u00edticas neoliberales que ocasionaron una profunda desigualdad social y econ\u00f3mica. En consecuencia, distintos artistas anglo comenzaron a utilizar la m\u00fasica como un instrumento de cr\u00edtica, tocando temas como la guerra, la pobreza, el racismo y la decadencia social.&nbsp;<br><\/p>\n<\/div>\n\n\n\n<div class=\"wp-block-column is-layout-flow wp-container-core-column-is-layout-119bc444 wp-block-column-is-layout-flow\" style=\"flex-basis:60%\">\n<p class=\"has-heading-font-family has-large-font-size\" style=\"line-height:1.2\">En Am\u00e9rica Latina la situaci\u00f3n no era tan diferente, ya que en su mayor\u00eda se encontraba en el ocaso de sus respectivas dictaduras, lo que permiti\u00f3 la aparici\u00f3n de diferentes artistas cuya tem\u00e1tica musical era la desigualdad, la cr\u00edtica social y el desaf\u00edo a las estructuras de poder imperantes.<\/p>\n\n\n\n<div class=\"wp-block-columns is-layout-flex wp-container-core-columns-is-layout-87beb0d0 wp-block-columns-is-layout-flex\">\n<div class=\"wp-block-column is-layout-flow wp-block-column-is-layout-flow\">\n<p class=\"has-heading-font-family wp-container-content-9cfa9a5a\">Por otro lado, la aparici\u00f3n de MTV (Music Television) en 1981 caus\u00f3 un profundo cambio en la industria. Ya que se dio inicio a la era de los videos musicales, una nueva forma de consumir y producir m\u00fasica en la que se le comenz\u00f3 a dar&nbsp; importancia a la est\u00e9tica audiovisual con un claro mensaje cultural en los trabajos de los artistas, a pesar de que algunos se resistieron a este fen\u00f3meno al considerarlo comercial (Metallica), con el tiempo terminaron uni\u00e9ndose a la masa.<br><\/p>\n<\/div>\n\n\n\n<div class=\"wp-block-column is-layout-flow wp-block-column-is-layout-flow\">\n<p class=\"has-heading-font-family\">Como mencionamos anteriormente, este per\u00edodo se caracteriz\u00f3 por la variada cantidad de artistas y g\u00e9neros que surgieron producto de la innovaci\u00f3n musical. El uso de sintetizadores en las producciones musicales signific\u00f3 una verdadera revoluci\u00f3n musical a trav\u00e9s de la m\u00fasica pop, marcando el sonido y la tendencia de la \u00e9poca con Michael Jackson y Madonna como los denominados reyes del g\u00e9nero.<\/p>\n<\/div>\n<\/div>\n<\/div>\n<\/div>\n<\/div>\n\n\n\n<div class=\"wp-block-group alignfull has-background has-global-padding is-layout-constrained wp-container-core-group-is-layout-d89aad35 wp-block-group-is-layout-constrained\" style=\"background-color:#9c1616;margin-top:0;margin-bottom:0;padding-top:var(--wp--preset--spacing--50);padding-right:var(--wp--preset--spacing--50);padding-bottom:var(--wp--preset--spacing--50);padding-left:var(--wp--preset--spacing--50)\">\n<div class=\"wp-block-columns alignwide is-layout-flex wp-container-core-columns-is-layout-1da03c2a wp-block-columns-is-layout-flex\">\n<div class=\"wp-block-column is-vertically-aligned-center is-layout-flow wp-block-column-is-layout-flow\" style=\"flex-basis:60%\">\n<figure class=\"wp-block-image size-large is-style-rounded wp-duotone-varpresetduotoneduotone-1-3 is-style-rounded--2\"><img decoding=\"async\" src=\"https:\/\/upload.wikimedia.org\/wikipedia\/commons\/thumb\/0\/0f\/Charly_Garc%C3%ADa_-_Argentina_-_En_Casa_Rosada_-_3JUN05_-presidenciagovar_%282%29.jpg\/1200px-Charly_Garc%C3%ADa_-_Argentina_-_En_Casa_Rosada_-_3JUN05_-presidenciagovar_%282%29.jpg?20060815181603\" alt=\"Charly Garc\u00eda\" style=\"aspect-ratio:3\/4;object-fit:cover\"\/><\/figure>\n\n\n\n<p class=\"has-text-align-center has-heading-font-family has-large-font-size\">Charly Garc\u00eda<\/p>\n<\/div>\n\n\n\n<div class=\"wp-block-column is-layout-flow wp-block-column-is-layout-flow\" style=\"flex-basis:40%\">\n<p class=\"has-heading-font-family\">Por otro lado, surgi\u00f3 el llamado new wave, que se le considera una evoluci\u00f3n mel\u00f3dica del punk junto con un estilo m\u00e1s pulido. Algunas bandas que se enmarcaron con este estilo&nbsp; fueron Depeche Mode, The Cure y Talking Heads. Tambi\u00e9n, el heavy metal vivi\u00f3 sus a\u00f1os dorados, tanto Metallica como Iron Maiden y Megadeth, vivieron sus a\u00f1os dorados, en un g\u00e9nero que en los a\u00f1os 90 comenz\u00f3 a decaer pero que sentaron las bases para otros sub g\u00e9neros. Por \u00faltimo, el glam tuvo sus a\u00f1os pr\u00f3speros con Bon Jovi y Motley Crue. Este particular estilo que sobresaltaba la est\u00e9tica de los integrantes a trav\u00e9s del maquillaje, particulares peinados, ropa con colores llamativos y con un sonido cl\u00e1sico de rock and roll adaptado a la \u00e9poca.&nbsp;<\/p>\n\n\n\n<p class=\"has-heading-font-family has-large-font-size\"><br>En el plano latinoam\u00e9ricano, los \u00edconos del rock argentino como Fito P\u00e1ez, Charly Garc\u00eda como solista&nbsp; y Soda Stereo marcaron \u00e9poca, mientras que el rock nacional estuvo encabezado por el esp\u00edritu juvenil y revolucionario de Los Prisioneros.<\/p>\n<\/div>\n<\/div>\n<\/div>\n\n\n\n<div class=\"wp-block-group alignfull has-global-padding is-layout-constrained wp-container-core-group-is-layout-7cd14b77 wp-block-group-is-layout-constrained\" style=\"margin-top:0;margin-bottom:0;padding-top:var(--wp--preset--spacing--60);padding-right:var(--wp--preset--spacing--60);padding-bottom:var(--wp--preset--spacing--60);padding-left:var(--wp--preset--spacing--60)\">\n<div class=\"wp-block-group alignwide is-layout-flow wp-block-group-is-layout-flow\">\n<p class=\"has-text-align-center has-heading-font-family has-x-large-font-size\" style=\"font-style:normal;font-weight:400;line-height:1.2\">En definitiva, la m\u00fasica de los 80 signific\u00f3 un antes y un despu\u00e9s en la historia de la m\u00fasica, ya que logr\u00f3 transformar el sonido, la imagen y la identidad art\u00edstica. Fue una \u00e9poca marcada por la experimentaci\u00f3n tecnol\u00f3gica a trav\u00e9s del uso de sintetizadores, cajas de ritmos y de la expansi\u00f3n global de la m\u00fasica, cuyo impacto se refleja hasta la actualidad, en la moda, el cine y la cultura.<\/p>\n<\/div>\n<\/div>\n\n\n\n<div class=\"wp-block-group alignfull has-global-padding is-layout-constrained wp-container-core-group-is-layout-7cd14b77 wp-block-group-is-layout-constrained\" style=\"margin-top:0;margin-bottom:0;padding-top:var(--wp--preset--spacing--60);padding-right:var(--wp--preset--spacing--60);padding-bottom:var(--wp--preset--spacing--60);padding-left:var(--wp--preset--spacing--60)\">\n<div class=\"wp-block-group alignwide is-layout-flow wp-block-group-is-layout-flow\">\n<p class=\"has-text-align-center has-heading-font-family has-large-font-size\" style=\"font-style:normal;font-weight:400;line-height:1.2\">\u00a1\u00a1Revisa nuestra selecci\u00f3n de videoclips recomendados por d\u00e9cada!!<\/p>\n<\/div>\n\n\n\n<figure class=\"wp-block-embed is-type-video is-provider-youtube wp-block-embed-youtube wp-embed-aspect-16-9 wp-has-aspect-ratio\"><div class=\"wp-block-embed__wrapper\">\n<iframe loading=\"lazy\" title=\"Dire Straits - Money For Nothing (Official Music Video)\" width=\"500\" height=\"281\" src=\"https:\/\/www.youtube.com\/embed\/wTP2RUD_cL0?feature=oembed\" frameborder=\"0\" allow=\"accelerometer; autoplay; clipboard-write; encrypted-media; gyroscope; picture-in-picture; web-share\" referrerpolicy=\"strict-origin-when-cross-origin\" allowfullscreen><\/iframe>\n<\/div><\/figure>\n\n\n\n<figure class=\"wp-block-embed is-type-video is-provider-youtube wp-block-embed-youtube wp-embed-aspect-4-3 wp-has-aspect-ratio\"><div class=\"wp-block-embed__wrapper\">\n<iframe loading=\"lazy\" title=\"a-ha - Take On Me (Official Video) [4K]\" width=\"500\" height=\"375\" src=\"https:\/\/www.youtube.com\/embed\/djV11Xbc914?feature=oembed\" frameborder=\"0\" allow=\"accelerometer; autoplay; clipboard-write; encrypted-media; gyroscope; picture-in-picture; web-share\" referrerpolicy=\"strict-origin-when-cross-origin\" allowfullscreen><\/iframe>\n<\/div><\/figure>\n\n\n\n<figure class=\"wp-block-embed is-type-video is-provider-youtube wp-block-embed-youtube wp-embed-aspect-4-3 wp-has-aspect-ratio\"><div class=\"wp-block-embed__wrapper\">\n<iframe loading=\"lazy\" title=\"Michael Jackson - Thriller (Official 4K Video)\" width=\"500\" height=\"375\" src=\"https:\/\/www.youtube.com\/embed\/sOnqjkJTMaA?feature=oembed\" frameborder=\"0\" allow=\"accelerometer; autoplay; clipboard-write; encrypted-media; gyroscope; picture-in-picture; web-share\" referrerpolicy=\"strict-origin-when-cross-origin\" allowfullscreen><\/iframe>\n<\/div><\/figure>\n\n\n\n<p class=\"has-text-align-center\"><strong>Si te gusto este contenido te recomendamos leer este:&nbsp;<a href=\"https:\/\/relatoshibridos.cl\/ElOyente\/sintetizadores-maquillajes-llamativos-y-heavy-metal-bienvenidos-a-los-80-la-decada-de-los-80-en-la-musica-y-su-evolucion\/\">https:\/\/relatoshibridos.cl\/ElOyente\/la-decada-de-los-90\/<\/a><\/strong><\/p>\n<\/div>\n","protected":false},"excerpt":{"rendered":"<p>La d\u00e9cada de los 80 en la historia de la m\u00fasica signific\u00f3 un verdadero punto de inflexi\u00f3n. La innovaci\u00f3n musical a trav\u00e9s del uso de sintetizadores, el surgimiento de los videos musicales y la grabaciones digitales, permitieron la consolidaci\u00f3n de variopintos artistas de diferentes g\u00e9neros. Michael Jackson, Madonna, Cyndi Lauper, Metallica, M\u00f6tley Cr\u00fce, Guns N&#8217; [&hellip;]<\/p>\n","protected":false},"author":1,"featured_media":644,"parent":0,"menu_order":0,"comment_status":"closed","ping_status":"closed","template":"","meta":{"om_disable_all_campaigns":false,"pagelayer_contact_templates":[],"_pagelayer_content":"","footnotes":""},"class_list":["post-700","page","type-page","status-publish","has-post-thumbnail","hentry"],"yoast_head":"<!-- This site is optimized with the Yoast SEO plugin v27.1.1 - https:\/\/yoast.com\/product\/yoast-seo-wordpress\/ -->\n<title>La voz de los 80<\/title>\n<meta name=\"description\" content=\"Descubre la voz de los 80: artistas, canciones y videoclips que marcaron la d\u00e9cada del pop, el rock y el nacimiento del MTV.\" \/>\n<meta name=\"robots\" content=\"index, follow, max-snippet:-1, max-image-preview:large, max-video-preview:-1\" \/>\n<link rel=\"canonical\" href=\"https:\/\/relatoshibridos.cl\/ElOyente\/la-voz-de-los-80\/\" \/>\n<meta property=\"og:locale\" content=\"es_ES\" \/>\n<meta property=\"og:type\" content=\"article\" \/>\n<meta property=\"og:title\" content=\"La voz de los 80\" \/>\n<meta property=\"og:description\" content=\"Descubre la voz de los 80: artistas, canciones y videoclips que marcaron la d\u00e9cada del pop, el rock y el nacimiento del MTV.\" \/>\n<meta property=\"og:url\" content=\"https:\/\/relatoshibridos.cl\/ElOyente\/la-voz-de-los-80\/\" \/>\n<meta property=\"og:site_name\" content=\"El Oyente\" \/>\n<meta property=\"article:modified_time\" content=\"2025-11-18T15:01:30+00:00\" \/>\n<meta property=\"og:image\" content=\"https:\/\/relatoshibridos.cl\/ElOyente\/wp-content\/uploads\/2025\/09\/2009-Rock_Of_80s.jpg\" \/>\n\t<meta property=\"og:image:width\" content=\"807\" \/>\n\t<meta property=\"og:image:height\" content=\"807\" \/>\n\t<meta property=\"og:image:type\" content=\"image\/jpeg\" \/>\n<meta name=\"twitter:card\" content=\"summary_large_image\" \/>\n<meta name=\"twitter:label1\" content=\"Tiempo de lectura\" \/>\n\t<meta name=\"twitter:data1\" content=\"4 minutos\" \/>\n<script type=\"application\/ld+json\" class=\"yoast-schema-graph\">{\"@context\":\"https:\/\/schema.org\",\"@graph\":[{\"@type\":\"WebPage\",\"@id\":\"https:\/\/relatoshibridos.cl\/ElOyente\/la-voz-de-los-80\/\",\"url\":\"https:\/\/relatoshibridos.cl\/ElOyente\/la-voz-de-los-80\/\",\"name\":\"La voz de los 80\",\"isPartOf\":{\"@id\":\"https:\/\/relatoshibridos.cl\/ElOyente\/#website\"},\"primaryImageOfPage\":{\"@id\":\"https:\/\/relatoshibridos.cl\/ElOyente\/la-voz-de-los-80\/#primaryimage\"},\"image\":{\"@id\":\"https:\/\/relatoshibridos.cl\/ElOyente\/la-voz-de-los-80\/#primaryimage\"},\"thumbnailUrl\":\"https:\/\/relatoshibridos.cl\/ElOyente\/wp-content\/uploads\/2025\/09\/2009-Rock_Of_80s.jpg\",\"datePublished\":\"2025-09-08T00:49:29+00:00\",\"dateModified\":\"2025-11-18T15:01:30+00:00\",\"description\":\"Descubre la voz de los 80: artistas, canciones y videoclips que marcaron la d\u00e9cada del pop, el rock y el nacimiento del MTV.\",\"breadcrumb\":{\"@id\":\"https:\/\/relatoshibridos.cl\/ElOyente\/la-voz-de-los-80\/#breadcrumb\"},\"inLanguage\":\"es\",\"potentialAction\":[{\"@type\":\"ReadAction\",\"target\":[\"https:\/\/relatoshibridos.cl\/ElOyente\/la-voz-de-los-80\/\"]}]},{\"@type\":\"ImageObject\",\"inLanguage\":\"es\",\"@id\":\"https:\/\/relatoshibridos.cl\/ElOyente\/la-voz-de-los-80\/#primaryimage\",\"url\":\"https:\/\/relatoshibridos.cl\/ElOyente\/wp-content\/uploads\/2025\/09\/2009-Rock_Of_80s.jpg\",\"contentUrl\":\"https:\/\/relatoshibridos.cl\/ElOyente\/wp-content\/uploads\/2025\/09\/2009-Rock_Of_80s.jpg\",\"width\":807,\"height\":807,\"caption\":\"Rock de los 80\"},{\"@type\":\"BreadcrumbList\",\"@id\":\"https:\/\/relatoshibridos.cl\/ElOyente\/la-voz-de-los-80\/#breadcrumb\",\"itemListElement\":[{\"@type\":\"ListItem\",\"position\":1,\"name\":\"Portada\",\"item\":\"https:\/\/relatoshibridos.cl\/ElOyente\/\"},{\"@type\":\"ListItem\",\"position\":2,\"name\":\"Entrada: La voz de los 80\"}]},{\"@type\":\"WebSite\",\"@id\":\"https:\/\/relatoshibridos.cl\/ElOyente\/#website\",\"url\":\"https:\/\/relatoshibridos.cl\/ElOyente\/\",\"name\":\"El Oyente\",\"description\":\"En el Oyente viajamos a trav\u00e9s de las d\u00e9cadas para descubrir c\u00f3mo ha evolucionado el sonido que nos acompa\u00f1a. Desde los vibrantes a\u00f1os 70&#039;s hasta los virtuales 2020&#039;s, repasamos a los artistas m\u00e1s influyentes, los tracks que marcaron cada \u00e9poca y los g\u00e9neros que definieron tendencias.\",\"publisher\":{\"@id\":\"https:\/\/relatoshibridos.cl\/ElOyente\/#organization\"},\"potentialAction\":[{\"@type\":\"SearchAction\",\"target\":{\"@type\":\"EntryPoint\",\"urlTemplate\":\"https:\/\/relatoshibridos.cl\/ElOyente\/?s={search_term_string}\"},\"query-input\":{\"@type\":\"PropertyValueSpecification\",\"valueRequired\":true,\"valueName\":\"search_term_string\"}}],\"inLanguage\":\"es\"},{\"@type\":\"Organization\",\"@id\":\"https:\/\/relatoshibridos.cl\/ElOyente\/#organization\",\"name\":\"El Oyente\",\"url\":\"https:\/\/relatoshibridos.cl\/ElOyente\/\",\"logo\":{\"@type\":\"ImageObject\",\"inLanguage\":\"es\",\"@id\":\"https:\/\/relatoshibridos.cl\/ElOyente\/#\/schema\/logo\/image\/\",\"url\":\"https:\/\/relatoshibridos.cl\/ElOyente\/wp-content\/uploads\/2025\/08\/eloyo.png\",\"contentUrl\":\"https:\/\/relatoshibridos.cl\/ElOyente\/wp-content\/uploads\/2025\/08\/eloyo.png\",\"width\":855,\"height\":270,\"caption\":\"El Oyente\"},\"image\":{\"@id\":\"https:\/\/relatoshibridos.cl\/ElOyente\/#\/schema\/logo\/image\/\"}}]}<\/script>\n<!-- \/ Yoast SEO plugin. -->","yoast_head_json":{"title":"La voz de los 80","description":"Descubre la voz de los 80: artistas, canciones y videoclips que marcaron la d\u00e9cada del pop, el rock y el nacimiento del MTV.","robots":{"index":"index","follow":"follow","max-snippet":"max-snippet:-1","max-image-preview":"max-image-preview:large","max-video-preview":"max-video-preview:-1"},"canonical":"https:\/\/relatoshibridos.cl\/ElOyente\/la-voz-de-los-80\/","og_locale":"es_ES","og_type":"article","og_title":"La voz de los 80","og_description":"Descubre la voz de los 80: artistas, canciones y videoclips que marcaron la d\u00e9cada del pop, el rock y el nacimiento del MTV.","og_url":"https:\/\/relatoshibridos.cl\/ElOyente\/la-voz-de-los-80\/","og_site_name":"El Oyente","article_modified_time":"2025-11-18T15:01:30+00:00","og_image":[{"width":807,"height":807,"url":"https:\/\/relatoshibridos.cl\/ElOyente\/wp-content\/uploads\/2025\/09\/2009-Rock_Of_80s.jpg","type":"image\/jpeg"}],"twitter_card":"summary_large_image","twitter_misc":{"Tiempo de lectura":"4 minutos"},"schema":{"@context":"https:\/\/schema.org","@graph":[{"@type":"WebPage","@id":"https:\/\/relatoshibridos.cl\/ElOyente\/la-voz-de-los-80\/","url":"https:\/\/relatoshibridos.cl\/ElOyente\/la-voz-de-los-80\/","name":"La voz de los 80","isPartOf":{"@id":"https:\/\/relatoshibridos.cl\/ElOyente\/#website"},"primaryImageOfPage":{"@id":"https:\/\/relatoshibridos.cl\/ElOyente\/la-voz-de-los-80\/#primaryimage"},"image":{"@id":"https:\/\/relatoshibridos.cl\/ElOyente\/la-voz-de-los-80\/#primaryimage"},"thumbnailUrl":"https:\/\/relatoshibridos.cl\/ElOyente\/wp-content\/uploads\/2025\/09\/2009-Rock_Of_80s.jpg","datePublished":"2025-09-08T00:49:29+00:00","dateModified":"2025-11-18T15:01:30+00:00","description":"Descubre la voz de los 80: artistas, canciones y videoclips que marcaron la d\u00e9cada del pop, el rock y el nacimiento del MTV.","breadcrumb":{"@id":"https:\/\/relatoshibridos.cl\/ElOyente\/la-voz-de-los-80\/#breadcrumb"},"inLanguage":"es","potentialAction":[{"@type":"ReadAction","target":["https:\/\/relatoshibridos.cl\/ElOyente\/la-voz-de-los-80\/"]}]},{"@type":"ImageObject","inLanguage":"es","@id":"https:\/\/relatoshibridos.cl\/ElOyente\/la-voz-de-los-80\/#primaryimage","url":"https:\/\/relatoshibridos.cl\/ElOyente\/wp-content\/uploads\/2025\/09\/2009-Rock_Of_80s.jpg","contentUrl":"https:\/\/relatoshibridos.cl\/ElOyente\/wp-content\/uploads\/2025\/09\/2009-Rock_Of_80s.jpg","width":807,"height":807,"caption":"Rock de los 80"},{"@type":"BreadcrumbList","@id":"https:\/\/relatoshibridos.cl\/ElOyente\/la-voz-de-los-80\/#breadcrumb","itemListElement":[{"@type":"ListItem","position":1,"name":"Portada","item":"https:\/\/relatoshibridos.cl\/ElOyente\/"},{"@type":"ListItem","position":2,"name":"Entrada: La voz de los 80"}]},{"@type":"WebSite","@id":"https:\/\/relatoshibridos.cl\/ElOyente\/#website","url":"https:\/\/relatoshibridos.cl\/ElOyente\/","name":"El Oyente","description":"En el Oyente viajamos a trav\u00e9s de las d\u00e9cadas para descubrir c\u00f3mo ha evolucionado el sonido que nos acompa\u00f1a. Desde los vibrantes a\u00f1os 70&#039;s hasta los virtuales 2020&#039;s, repasamos a los artistas m\u00e1s influyentes, los tracks que marcaron cada \u00e9poca y los g\u00e9neros que definieron tendencias.","publisher":{"@id":"https:\/\/relatoshibridos.cl\/ElOyente\/#organization"},"potentialAction":[{"@type":"SearchAction","target":{"@type":"EntryPoint","urlTemplate":"https:\/\/relatoshibridos.cl\/ElOyente\/?s={search_term_string}"},"query-input":{"@type":"PropertyValueSpecification","valueRequired":true,"valueName":"search_term_string"}}],"inLanguage":"es"},{"@type":"Organization","@id":"https:\/\/relatoshibridos.cl\/ElOyente\/#organization","name":"El Oyente","url":"https:\/\/relatoshibridos.cl\/ElOyente\/","logo":{"@type":"ImageObject","inLanguage":"es","@id":"https:\/\/relatoshibridos.cl\/ElOyente\/#\/schema\/logo\/image\/","url":"https:\/\/relatoshibridos.cl\/ElOyente\/wp-content\/uploads\/2025\/08\/eloyo.png","contentUrl":"https:\/\/relatoshibridos.cl\/ElOyente\/wp-content\/uploads\/2025\/08\/eloyo.png","width":855,"height":270,"caption":"El Oyente"},"image":{"@id":"https:\/\/relatoshibridos.cl\/ElOyente\/#\/schema\/logo\/image\/"}}]}},"_links":{"self":[{"href":"https:\/\/relatoshibridos.cl\/ElOyente\/wp-json\/wp\/v2\/pages\/700","targetHints":{"allow":["GET"]}}],"collection":[{"href":"https:\/\/relatoshibridos.cl\/ElOyente\/wp-json\/wp\/v2\/pages"}],"about":[{"href":"https:\/\/relatoshibridos.cl\/ElOyente\/wp-json\/wp\/v2\/types\/page"}],"author":[{"embeddable":true,"href":"https:\/\/relatoshibridos.cl\/ElOyente\/wp-json\/wp\/v2\/users\/1"}],"replies":[{"embeddable":true,"href":"https:\/\/relatoshibridos.cl\/ElOyente\/wp-json\/wp\/v2\/comments?post=700"}],"version-history":[{"count":5,"href":"https:\/\/relatoshibridos.cl\/ElOyente\/wp-json\/wp\/v2\/pages\/700\/revisions"}],"predecessor-version":[{"id":1411,"href":"https:\/\/relatoshibridos.cl\/ElOyente\/wp-json\/wp\/v2\/pages\/700\/revisions\/1411"}],"wp:featuredmedia":[{"embeddable":true,"href":"https:\/\/relatoshibridos.cl\/ElOyente\/wp-json\/wp\/v2\/media\/644"}],"wp:attachment":[{"href":"https:\/\/relatoshibridos.cl\/ElOyente\/wp-json\/wp\/v2\/media?parent=700"}],"curies":[{"name":"wp","href":"https:\/\/api.w.org\/{rel}","templated":true}]}}