{"id":709,"date":"2025-09-08T01:16:07","date_gmt":"2025-09-08T01:16:07","guid":{"rendered":"https:\/\/relatoshibridos.cl\/ElOyente\/?page_id=709"},"modified":"2025-10-21T19:24:08","modified_gmt":"2025-10-21T19:24:08","slug":"los-90-unplugged-y-globalizacion","status":"publish","type":"page","link":"https:\/\/relatoshibridos.cl\/ElOyente\/los-90-unplugged-y-globalizacion\/","title":{"rendered":"Entrada: Los 90: Unplugged, fusiones y globalizaci\u00f3n musical"},"content":{"rendered":"\n<p>Lorem Ipsum has been the industry&#8217;s standard dummy text ever since the 1500s.<\/p>\n\n\n\n<h1>\u00a0\u00a0\u00a0Los 90: Unplugged, fusiones y globalizaci\u00f3n musical<\/h1>\n\n\n\n<p>Lorem Ipsum has been the industry&#8217;s standard dummy text ever since the 1500s.<\/p>\n\n\n\n<div class=\"wp-block-group alignfull has-background has-global-padding is-layout-constrained wp-container-core-group-is-layout-669513ed wp-block-group-is-layout-constrained\" style=\"background-color:#ac3611;margin-top:0;margin-bottom:0;padding-top:var(--wp--preset--spacing--50);padding-right:var(--wp--preset--spacing--50);padding-bottom:var(--wp--preset--spacing--50);padding-left:var(--wp--preset--spacing--50)\">\n<div class=\"wp-block-columns alignwide is-layout-flex wp-container-core-columns-is-layout-1da03c2a wp-block-columns-is-layout-flex\">\n<div class=\"wp-block-column is-vertically-aligned-stretch is-layout-flow wp-block-column-is-layout-flow\" style=\"flex-basis:50%\">\n<div class=\"wp-block-group is-vertical is-content-justification-stretch is-layout-flex wp-container-core-group-is-layout-444d5ee8 wp-block-group-is-layout-flex\" style=\"min-height:100%\">\n<figure class=\"wp-block-image size-large is-style-rounded is-style-rounded--1\"><img decoding=\"async\" src=\"https:\/\/upload.wikimedia.org\/wikipedia\/commons\/f\/f6\/Lostres.jpg?20071122035817\" alt=\"Una rampa a lo largo de una pared curva en el Museo Kiasma, Helsinki, Finlandia\"\/><\/figure>\n\n\n\n<p class=\"has-text-align-center has-heading-font-family has-large-font-size\">Los Tres<\/p>\n<\/div>\n<\/div>\n\n\n\n<div class=\"wp-block-column is-vertically-aligned-center is-layout-flow wp-block-column-is-layout-flow\" style=\"flex-basis:50%\">\n<p class=\"has-heading-font-family has-large-font-size\" style=\"line-height:1.2\">Nada m\u00e1s emblem\u00e1tico de los a\u00f1os 90 que los MTV Unplugged, con Los Tres como la primera banda chilena en realizarlo, marcando un hito cultural en aquellos a\u00f1os. Esta d\u00e9cada est\u00e1 marcada por el cambio generacional del pop, el surgimiento del grunge y del rock alternativo, junto con la aparici\u00f3n del rap norteamericano. En Chile, el rock logr\u00f3 posicionarse en el mercado internacional. Bienvenido al repaso de la d\u00e9cada que marc\u00f3 el precedente definitivo de la revoluci\u00f3n tecnol\u00f3gica musical.<\/p>\n<\/div>\n<\/div>\n<\/div>\n\n\n\n<div class=\"wp-block-group alignfull has-global-padding is-layout-constrained wp-container-core-group-is-layout-d89aad35 wp-block-group-is-layout-constrained\" style=\"margin-top:0;margin-bottom:0;padding-top:var(--wp--preset--spacing--50);padding-right:var(--wp--preset--spacing--50);padding-bottom:var(--wp--preset--spacing--50);padding-left:var(--wp--preset--spacing--50)\">\n<div class=\"wp-block-columns alignwide is-layout-flex wp-container-core-columns-is-layout-549b0c86 wp-block-columns-is-layout-flex\">\n<div class=\"wp-block-column has-global-padding is-content-justification-left is-layout-constrained wp-container-core-column-is-layout-4f15e8fe wp-block-column-is-layout-constrained\" style=\"flex-basis:40%\">\n<p class=\"has-heading-font-family\">Los a\u00f1os 90 est\u00e1n marcados por diferentes acontecimientos sociopol\u00edticos. La guerra fr\u00eda hab\u00eda llegado a su&nbsp; fin despu\u00e9s de casi 50 a\u00f1os, con la disoluci\u00f3n definitiva de la Uni\u00f3n Sovi\u00e9tica. Por otro lado, la expansi\u00f3n del neoliberalismo por el mundo fue absoluta, tanto en el antiguo bloque oriental europeo controlado por la URSS&nbsp; como en Am\u00e9rica Latina, con el fin de sus dictaduras y retornos a la democracia. Adem\u00e1s de aquello, la globalizaci\u00f3n tambi\u00e9n fue un factor clave, cambiando la manera en que se efectuaban las relaciones internacionales y la econom\u00eda mundial. Ante estos fen\u00f3menos, la m\u00fasica tambi\u00e9n pudo posicionarse en todo los mercados, y tambi\u00e9n un fiel reflejo de lo que acontec\u00eda y del sentir de la sociedad, sobre todo la de los j\u00f3venes. Ya que sent\u00edan un evidente desencanto con el mundo, los nuevos g\u00e9neros musicales ven\u00edan con letras depresivas y con un profundo descontento con la sociedad (grunge y rock alternativo). Mientras que en Chile, con el retorno a la democracia y la globalizaci\u00f3n, la m\u00fasica comenz\u00f3 a tomar referencias extranjeras, experimentando sonidos e incluso g\u00e9neros debido a la ayuda de las discogr\u00e1ficas internacionales (Sony Music y Warner)&nbsp; hacia los artistas chilenos para proyectar su m\u00fasica hacia el extranjero.<br><\/p>\n<\/div>\n\n\n\n<div class=\"wp-block-column is-layout-flow wp-container-core-column-is-layout-119bc444 wp-block-column-is-layout-flow\" style=\"flex-basis:60%\">\n<p class=\"has-heading-font-family has-x-large-font-size\" style=\"line-height:1.2\">En lo musical, la d\u00e9cada de los 90 continu\u00f3 el camino de su d\u00e9cada antecesora a trav\u00e9s de la experimentaci\u00f3n y fusi\u00f3n de diversos g\u00e9neros y estilos. En ese sentido, el pop continu\u00f3 siendo la tendencia, aunque con un cambio generacional, encabezado por artistas como Mariah Carrey y Backstreet Boys.<\/p>\n\n\n\n<div class=\"wp-block-columns is-layout-flex wp-container-core-columns-is-layout-87beb0d0 wp-block-columns-is-layout-flex\">\n<div class=\"wp-block-column is-layout-flow wp-block-column-is-layout-flow\">\n<p class=\"has-heading-font-family wp-container-content-9cfa9a5a\">Sin embargo, uno de los acontecimientos m\u00e1s significativos fue el surgimiento del grunge, en la ciudad de Seattle. Este nuevo g\u00e9nero encabezado por Nirvana, Soundgarden, Pearl Jam, y&nbsp; Alice in Chains revolucion\u00f3 la m\u00fasica, con un estilo rockero pero con letras introspectivas y melanc\u00f3licas. Por otra parte, el rock alternativo supo fusionar diferentes g\u00e9neros, como el rock con el funk y el rap (Red Hot Chili Peppers), el rock con el pop (Oasis)&nbsp; y el rock con el jazz y la electr\u00f3nica (Radiohead). El hip hop y\/o el rap tambi\u00e9n supo marcar \u00e9poca, con el surgimiento de los artistas m\u00e1s emblem\u00e1ticos de su historia como 2pac, Ice Cube, Dr Dree, Snoop Dog, y The Notorious Big.<br><\/p>\n<\/div>\n\n\n\n<div class=\"wp-block-column is-layout-flow wp-block-column-is-layout-flow\">\n<p class=\"has-heading-font-family\">En Am\u00e9rica Latina, el pop y sus fusiones fueron el g\u00e9nero m\u00e1s popular, con artistas como Ricky Martin, Chayanne, Enrique Iglesias, Gloria Trevi, etc. De hecho, el \u00e9xito global de&nbsp; Ricky Martin hizo que la FIFA lo escogiera para que fuera el cantante de la canci\u00f3n del mundial de Francia 98, llamada \u201cLa Copa de la Vida\u201d. Mientras que el rock continu\u00f3 sacando artistas de renombre, tales como Los Rodriguez, Los Fabulosos Cadillacs (formados en los 80 pero consolidados en los 90), Molotov, Caifanes, Cafe Tacvba, etc.<\/p>\n\n\n\n<p class=\"has-heading-font-family\">Mientras que la escena musical chilena tuvo una clara influencia internacional, con una gran variedad de estilos y combinaciones de g\u00e9neros. Es el caso de La Ley y Los Tres, que tuvieron sus respectivas participaciones en el programa de MTV Unplugged. Adem\u00e1s de otros artistas como Lucybell, Los Tetas, Chancho en Piedra, Tiro de Gracia, Gondwana, etc.<\/p>\n<\/div>\n<\/div>\n<\/div>\n<\/div>\n\n\n\n<p>Esta cancion te cambiara la vida: <a href=\"https:\/\/www.youtube.com\/watch?v=dQw4w9WgXcQ\">https:\/\/www.youtube.com\/watch?v=dQw4w9WgXcQ<\/a><\/p>\n<\/div>\n\n\n\n<div class=\"wp-block-group alignfull has-base-2-background-color has-background is-vertical is-content-justification-center is-layout-flex wp-container-core-group-is-layout-623b1cb9 wp-block-group-is-layout-flex\" style=\"min-height:100vh;margin-top:0;margin-bottom:0;padding-top:var(--wp--preset--spacing--60);padding-right:var(--wp--preset--spacing--50);padding-bottom:var(--wp--preset--spacing--60);padding-left:var(--wp--preset--spacing--50)\">\n<div class=\"wp-block-group has-global-padding is-layout-constrained wp-block-group-is-layout-constrained\">\n<h2 class=\"wp-block-heading has-text-align-center has-contrast-color has-text-color has-link-color has-large-font-size wp-elements-f96b9b7cbc02eb712d8ff051f164d06f\" style=\"margin-right:0;margin-left:0;padding-right:0;padding-left:0\">La \u00e9poca de los 90 fue una etapa de profunda transformaci\u00f3n y fusi\u00f3n musical. La globalizaci\u00f3n permiti\u00f3 la apertura de la m\u00fasica a todos los mercados del mundo.<br><br>El auge del grunge, el nuevo pop, el rap y el hip hop y el siempre vigente rock, dejaron una huella imborrable, mientras la combinaci\u00f3n de estilos abrieron paso a la m\u00fasica del nuevo milenio. Sin lugar a dudas, los 90 cerraron el siglo XX con un legado musical que perdura hasta nuestros d\u00edas.<\/h2>\n\n\n\n<div style=\"height:var(--wp--preset--spacing--10)\" aria-hidden=\"true\" class=\"wp-block-spacer\"><\/div>\n<\/div>\n<\/div>\n\n\n\n<div class=\"wp-block-group alignfull is-vertical is-content-justification-center is-layout-flex wp-container-core-group-is-layout-623b1cb9 wp-block-group-is-layout-flex\" style=\"min-height:100vh;margin-top:0;margin-bottom:0;padding-top:var(--wp--preset--spacing--60);padding-right:var(--wp--preset--spacing--50);padding-bottom:var(--wp--preset--spacing--60);padding-left:var(--wp--preset--spacing--50)\">\n<div class=\"wp-block-group has-global-padding is-layout-constrained wp-block-group-is-layout-constrained\">\n<div style=\"height:var(--wp--preset--spacing--10)\" aria-hidden=\"true\" class=\"wp-block-spacer\"><\/div>\n\n\n\n<h2 class=\"wp-block-heading has-text-align-center has-contrast-color has-text-color has-link-color has-large-font-size wp-elements-906fafb17ffff29787d6c4b769394777\" style=\"margin-right:0;margin-left:0;padding-right:0;padding-left:0\">\u00a1\u00a1Revisa nuestra selecci\u00f3n de videoclips recomendados por d\u00e9cada!!<br><br><\/h2>\n\n\n\n<div style=\"height:16px\" aria-hidden=\"true\" class=\"wp-block-spacer\"><\/div>\n\n\n\n<figure class=\"wp-block-embed is-type-video is-provider-youtube wp-block-embed-youtube wp-embed-aspect-4-3 wp-has-aspect-ratio\"><div class=\"wp-block-embed__wrapper\">\n<iframe loading=\"lazy\" title=\"TLC - Waterfalls (Official HD Video)\" width=\"500\" height=\"375\" src=\"https:\/\/www.youtube.com\/embed\/8WEtxJ4-sh4?feature=oembed\" frameborder=\"0\" allow=\"accelerometer; autoplay; clipboard-write; encrypted-media; gyroscope; picture-in-picture; web-share\" referrerpolicy=\"strict-origin-when-cross-origin\" allowfullscreen><\/iframe>\n<\/div><\/figure>\n\n\n\n<figure class=\"wp-block-embed is-type-video is-provider-youtube wp-block-embed-youtube wp-embed-aspect-16-9 wp-has-aspect-ratio\"><div class=\"wp-block-embed__wrapper\">\n<iframe loading=\"lazy\" title=\"Nirvana - Smells Like Teen Spirit (Official Music Video)\" width=\"500\" height=\"281\" src=\"https:\/\/www.youtube.com\/embed\/hTWKbfoikeg?feature=oembed\" frameborder=\"0\" allow=\"accelerometer; autoplay; clipboard-write; encrypted-media; gyroscope; picture-in-picture; web-share\" referrerpolicy=\"strict-origin-when-cross-origin\" allowfullscreen><\/iframe>\n<\/div><\/figure>\n\n\n\n<figure class=\"wp-block-embed is-type-video is-provider-youtube wp-block-embed-youtube wp-embed-aspect-4-3 wp-has-aspect-ratio\"><div class=\"wp-block-embed__wrapper\">\n<iframe loading=\"lazy\" title=\"Jamiroquai - Virtual Insanity (Official Video)\" width=\"500\" height=\"375\" src=\"https:\/\/www.youtube.com\/embed\/4JkIs37a2JE?feature=oembed\" frameborder=\"0\" allow=\"accelerometer; autoplay; clipboard-write; encrypted-media; gyroscope; picture-in-picture; web-share\" referrerpolicy=\"strict-origin-when-cross-origin\" allowfullscreen><\/iframe>\n<\/div><\/figure>\n<\/div>\n\n\n\n\n\n\n\n<p class=\"has-text-align-center\"><strong>\u00bfQuieres cambiar de siglo? Sigue conociendo de la musica aqui: <a href=\"https:\/\/relatoshibridos.cl\/ElOyente\/el-encanto-de-los-2000\/\">https:\/\/relatoshibridos.cl\/ElOyente\/el-encanto-de-los-2000\/<\/a><\/strong><\/p>\n<\/div>\n\n\n\n<p>Lorem Ipsum has been the industry&#8217;s standard dummy text ever since the 1500s.<\/p>\n","protected":false},"excerpt":{"rendered":"<p>Los Tres Nada m\u00e1s emblem\u00e1tico de los a\u00f1os 90 que los MTV Unplugged, con Los Tres como la primera banda chilena en realizarlo, marcando un hito cultural en aquellos a\u00f1os. Esta d\u00e9cada est\u00e1 marcada por el cambio generacional del pop, el surgimiento del grunge y del rock alternativo, junto con la aparici\u00f3n del rap norteamericano. [&hellip;]<\/p>\n","protected":false},"author":6,"featured_media":0,"parent":0,"menu_order":0,"comment_status":"closed","ping_status":"closed","template":"","meta":{"om_disable_all_campaigns":false,"pagelayer_contact_templates":[],"_pagelayer_content":"","footnotes":""},"class_list":["post-709","page","type-page","status-publish","hentry"],"yoast_head":"<!-- This site is optimized with the Yoast SEO plugin v27.1.1 - https:\/\/yoast.com\/product\/yoast-seo-wordpress\/ -->\n<title>los 90 unplugged y globalizaci\u00f3n<\/title>\n<meta name=\"description\" content=\"Explora la magia de los 90: grunge, pop, hip hop y los himnos que definieron una d\u00e9cada inolvidable en la historia de la m\u00fasica.\" \/>\n<meta name=\"robots\" content=\"index, follow, max-snippet:-1, max-image-preview:large, max-video-preview:-1\" \/>\n<link rel=\"canonical\" href=\"https:\/\/relatoshibridos.cl\/ElOyente\/los-90-unplugged-y-globalizacion\/\" \/>\n<meta property=\"og:locale\" content=\"es_ES\" \/>\n<meta property=\"og:type\" content=\"article\" \/>\n<meta property=\"og:title\" content=\"los 90 unplugged y globalizaci\u00f3n\" \/>\n<meta property=\"og:description\" content=\"Explora la magia de los 90: grunge, pop, hip hop y los himnos que definieron una d\u00e9cada inolvidable en la historia de la m\u00fasica.\" \/>\n<meta property=\"og:url\" content=\"https:\/\/relatoshibridos.cl\/ElOyente\/los-90-unplugged-y-globalizacion\/\" \/>\n<meta property=\"og:site_name\" content=\"El Oyente\" \/>\n<meta property=\"article:modified_time\" content=\"2025-10-21T19:24:08+00:00\" \/>\n<meta property=\"og:image\" content=\"https:\/\/upload.wikimedia.org\/wikipedia\/commons\/f\/f6\/Lostres.jpg?20071122035817\" \/>\n<meta name=\"twitter:card\" content=\"summary_large_image\" \/>\n<meta name=\"twitter:label1\" content=\"Tiempo de lectura\" \/>\n\t<meta name=\"twitter:data1\" content=\"4 minutos\" \/>\n<script type=\"application\/ld+json\" class=\"yoast-schema-graph\">{\"@context\":\"https:\/\/schema.org\",\"@graph\":[{\"@type\":\"WebPage\",\"@id\":\"https:\/\/relatoshibridos.cl\/ElOyente\/los-90-unplugged-y-globalizacion\/\",\"url\":\"https:\/\/relatoshibridos.cl\/ElOyente\/los-90-unplugged-y-globalizacion\/\",\"name\":\"los 90 unplugged y globalizaci\u00f3n\",\"isPartOf\":{\"@id\":\"https:\/\/relatoshibridos.cl\/ElOyente\/#website\"},\"primaryImageOfPage\":{\"@id\":\"https:\/\/relatoshibridos.cl\/ElOyente\/los-90-unplugged-y-globalizacion\/#primaryimage\"},\"image\":{\"@id\":\"https:\/\/relatoshibridos.cl\/ElOyente\/los-90-unplugged-y-globalizacion\/#primaryimage\"},\"thumbnailUrl\":\"https:\/\/upload.wikimedia.org\/wikipedia\/commons\/f\/f6\/Lostres.jpg?20071122035817\",\"datePublished\":\"2025-09-08T01:16:07+00:00\",\"dateModified\":\"2025-10-21T19:24:08+00:00\",\"description\":\"Explora la magia de los 90: grunge, pop, hip hop y los himnos que definieron una d\u00e9cada inolvidable en la historia de la m\u00fasica.\",\"breadcrumb\":{\"@id\":\"https:\/\/relatoshibridos.cl\/ElOyente\/los-90-unplugged-y-globalizacion\/#breadcrumb\"},\"inLanguage\":\"es\",\"potentialAction\":[{\"@type\":\"ReadAction\",\"target\":[\"https:\/\/relatoshibridos.cl\/ElOyente\/los-90-unplugged-y-globalizacion\/\"]}]},{\"@type\":\"ImageObject\",\"inLanguage\":\"es\",\"@id\":\"https:\/\/relatoshibridos.cl\/ElOyente\/los-90-unplugged-y-globalizacion\/#primaryimage\",\"url\":\"https:\/\/upload.wikimedia.org\/wikipedia\/commons\/f\/f6\/Lostres.jpg?20071122035817\",\"contentUrl\":\"https:\/\/upload.wikimedia.org\/wikipedia\/commons\/f\/f6\/Lostres.jpg?20071122035817\"},{\"@type\":\"BreadcrumbList\",\"@id\":\"https:\/\/relatoshibridos.cl\/ElOyente\/los-90-unplugged-y-globalizacion\/#breadcrumb\",\"itemListElement\":[{\"@type\":\"ListItem\",\"position\":1,\"name\":\"Portada\",\"item\":\"https:\/\/relatoshibridos.cl\/ElOyente\/\"},{\"@type\":\"ListItem\",\"position\":2,\"name\":\"Entrada: Los 90: Unplugged, fusiones y globalizaci\u00f3n musical\"}]},{\"@type\":\"WebSite\",\"@id\":\"https:\/\/relatoshibridos.cl\/ElOyente\/#website\",\"url\":\"https:\/\/relatoshibridos.cl\/ElOyente\/\",\"name\":\"El Oyente\",\"description\":\"En el Oyente viajamos a trav\u00e9s de las d\u00e9cadas para descubrir c\u00f3mo ha evolucionado el sonido que nos acompa\u00f1a. Desde los vibrantes a\u00f1os 70&#039;s hasta los virtuales 2020&#039;s, repasamos a los artistas m\u00e1s influyentes, los tracks que marcaron cada \u00e9poca y los g\u00e9neros que definieron tendencias.\",\"publisher\":{\"@id\":\"https:\/\/relatoshibridos.cl\/ElOyente\/#organization\"},\"potentialAction\":[{\"@type\":\"SearchAction\",\"target\":{\"@type\":\"EntryPoint\",\"urlTemplate\":\"https:\/\/relatoshibridos.cl\/ElOyente\/?s={search_term_string}\"},\"query-input\":{\"@type\":\"PropertyValueSpecification\",\"valueRequired\":true,\"valueName\":\"search_term_string\"}}],\"inLanguage\":\"es\"},{\"@type\":\"Organization\",\"@id\":\"https:\/\/relatoshibridos.cl\/ElOyente\/#organization\",\"name\":\"El Oyente\",\"url\":\"https:\/\/relatoshibridos.cl\/ElOyente\/\",\"logo\":{\"@type\":\"ImageObject\",\"inLanguage\":\"es\",\"@id\":\"https:\/\/relatoshibridos.cl\/ElOyente\/#\/schema\/logo\/image\/\",\"url\":\"https:\/\/relatoshibridos.cl\/ElOyente\/wp-content\/uploads\/2025\/08\/eloyo.png\",\"contentUrl\":\"https:\/\/relatoshibridos.cl\/ElOyente\/wp-content\/uploads\/2025\/08\/eloyo.png\",\"width\":855,\"height\":270,\"caption\":\"El Oyente\"},\"image\":{\"@id\":\"https:\/\/relatoshibridos.cl\/ElOyente\/#\/schema\/logo\/image\/\"}}]}<\/script>\n<!-- \/ Yoast SEO plugin. -->","yoast_head_json":{"title":"los 90 unplugged y globalizaci\u00f3n","description":"Explora la magia de los 90: grunge, pop, hip hop y los himnos que definieron una d\u00e9cada inolvidable en la historia de la m\u00fasica.","robots":{"index":"index","follow":"follow","max-snippet":"max-snippet:-1","max-image-preview":"max-image-preview:large","max-video-preview":"max-video-preview:-1"},"canonical":"https:\/\/relatoshibridos.cl\/ElOyente\/los-90-unplugged-y-globalizacion\/","og_locale":"es_ES","og_type":"article","og_title":"los 90 unplugged y globalizaci\u00f3n","og_description":"Explora la magia de los 90: grunge, pop, hip hop y los himnos que definieron una d\u00e9cada inolvidable en la historia de la m\u00fasica.","og_url":"https:\/\/relatoshibridos.cl\/ElOyente\/los-90-unplugged-y-globalizacion\/","og_site_name":"El Oyente","article_modified_time":"2025-10-21T19:24:08+00:00","og_image":[{"url":"https:\/\/upload.wikimedia.org\/wikipedia\/commons\/f\/f6\/Lostres.jpg?20071122035817","type":"","width":"","height":""}],"twitter_card":"summary_large_image","twitter_misc":{"Tiempo de lectura":"4 minutos"},"schema":{"@context":"https:\/\/schema.org","@graph":[{"@type":"WebPage","@id":"https:\/\/relatoshibridos.cl\/ElOyente\/los-90-unplugged-y-globalizacion\/","url":"https:\/\/relatoshibridos.cl\/ElOyente\/los-90-unplugged-y-globalizacion\/","name":"los 90 unplugged y globalizaci\u00f3n","isPartOf":{"@id":"https:\/\/relatoshibridos.cl\/ElOyente\/#website"},"primaryImageOfPage":{"@id":"https:\/\/relatoshibridos.cl\/ElOyente\/los-90-unplugged-y-globalizacion\/#primaryimage"},"image":{"@id":"https:\/\/relatoshibridos.cl\/ElOyente\/los-90-unplugged-y-globalizacion\/#primaryimage"},"thumbnailUrl":"https:\/\/upload.wikimedia.org\/wikipedia\/commons\/f\/f6\/Lostres.jpg?20071122035817","datePublished":"2025-09-08T01:16:07+00:00","dateModified":"2025-10-21T19:24:08+00:00","description":"Explora la magia de los 90: grunge, pop, hip hop y los himnos que definieron una d\u00e9cada inolvidable en la historia de la m\u00fasica.","breadcrumb":{"@id":"https:\/\/relatoshibridos.cl\/ElOyente\/los-90-unplugged-y-globalizacion\/#breadcrumb"},"inLanguage":"es","potentialAction":[{"@type":"ReadAction","target":["https:\/\/relatoshibridos.cl\/ElOyente\/los-90-unplugged-y-globalizacion\/"]}]},{"@type":"ImageObject","inLanguage":"es","@id":"https:\/\/relatoshibridos.cl\/ElOyente\/los-90-unplugged-y-globalizacion\/#primaryimage","url":"https:\/\/upload.wikimedia.org\/wikipedia\/commons\/f\/f6\/Lostres.jpg?20071122035817","contentUrl":"https:\/\/upload.wikimedia.org\/wikipedia\/commons\/f\/f6\/Lostres.jpg?20071122035817"},{"@type":"BreadcrumbList","@id":"https:\/\/relatoshibridos.cl\/ElOyente\/los-90-unplugged-y-globalizacion\/#breadcrumb","itemListElement":[{"@type":"ListItem","position":1,"name":"Portada","item":"https:\/\/relatoshibridos.cl\/ElOyente\/"},{"@type":"ListItem","position":2,"name":"Entrada: Los 90: Unplugged, fusiones y globalizaci\u00f3n musical"}]},{"@type":"WebSite","@id":"https:\/\/relatoshibridos.cl\/ElOyente\/#website","url":"https:\/\/relatoshibridos.cl\/ElOyente\/","name":"El Oyente","description":"En el Oyente viajamos a trav\u00e9s de las d\u00e9cadas para descubrir c\u00f3mo ha evolucionado el sonido que nos acompa\u00f1a. Desde los vibrantes a\u00f1os 70&#039;s hasta los virtuales 2020&#039;s, repasamos a los artistas m\u00e1s influyentes, los tracks que marcaron cada \u00e9poca y los g\u00e9neros que definieron tendencias.","publisher":{"@id":"https:\/\/relatoshibridos.cl\/ElOyente\/#organization"},"potentialAction":[{"@type":"SearchAction","target":{"@type":"EntryPoint","urlTemplate":"https:\/\/relatoshibridos.cl\/ElOyente\/?s={search_term_string}"},"query-input":{"@type":"PropertyValueSpecification","valueRequired":true,"valueName":"search_term_string"}}],"inLanguage":"es"},{"@type":"Organization","@id":"https:\/\/relatoshibridos.cl\/ElOyente\/#organization","name":"El Oyente","url":"https:\/\/relatoshibridos.cl\/ElOyente\/","logo":{"@type":"ImageObject","inLanguage":"es","@id":"https:\/\/relatoshibridos.cl\/ElOyente\/#\/schema\/logo\/image\/","url":"https:\/\/relatoshibridos.cl\/ElOyente\/wp-content\/uploads\/2025\/08\/eloyo.png","contentUrl":"https:\/\/relatoshibridos.cl\/ElOyente\/wp-content\/uploads\/2025\/08\/eloyo.png","width":855,"height":270,"caption":"El Oyente"},"image":{"@id":"https:\/\/relatoshibridos.cl\/ElOyente\/#\/schema\/logo\/image\/"}}]}},"_links":{"self":[{"href":"https:\/\/relatoshibridos.cl\/ElOyente\/wp-json\/wp\/v2\/pages\/709","targetHints":{"allow":["GET"]}}],"collection":[{"href":"https:\/\/relatoshibridos.cl\/ElOyente\/wp-json\/wp\/v2\/pages"}],"about":[{"href":"https:\/\/relatoshibridos.cl\/ElOyente\/wp-json\/wp\/v2\/types\/page"}],"author":[{"embeddable":true,"href":"https:\/\/relatoshibridos.cl\/ElOyente\/wp-json\/wp\/v2\/users\/6"}],"replies":[{"embeddable":true,"href":"https:\/\/relatoshibridos.cl\/ElOyente\/wp-json\/wp\/v2\/comments?post=709"}],"version-history":[{"count":5,"href":"https:\/\/relatoshibridos.cl\/ElOyente\/wp-json\/wp\/v2\/pages\/709\/revisions"}],"predecessor-version":[{"id":1107,"href":"https:\/\/relatoshibridos.cl\/ElOyente\/wp-json\/wp\/v2\/pages\/709\/revisions\/1107"}],"wp:attachment":[{"href":"https:\/\/relatoshibridos.cl\/ElOyente\/wp-json\/wp\/v2\/media?parent=709"}],"curies":[{"name":"wp","href":"https:\/\/api.w.org\/{rel}","templated":true}]}}