{"id":733,"date":"2025-09-08T02:10:00","date_gmt":"2025-09-08T02:10:00","guid":{"rendered":"https:\/\/relatoshibridos.cl\/ElOyente\/?page_id=733"},"modified":"2025-11-18T15:02:37","modified_gmt":"2025-11-18T15:02:37","slug":"la-decada-de-los-2000-en-la-musica-y-su-evolucion","status":"publish","type":"page","link":"https:\/\/relatoshibridos.cl\/ElOyente\/la-decada-de-los-2000-en-la-musica-y-su-evolucion\/","title":{"rendered":"Entrada: El cambio de siglo"},"content":{"rendered":"\n<h1>El cambio de siglo: la m\u00fasica como reflejo de un mosaico generacional &#8211; La D\u00e9cada de los 2000<\/h1>\n\n\n\n<div class=\"wp-block-group alignfull has-background has-global-padding is-layout-constrained wp-container-core-group-is-layout-facafb6f wp-block-group-is-layout-constrained\" style=\"background-color:#a2cb00;margin-top:0;margin-bottom:0;padding-top:var(--wp--preset--spacing--50);padding-right:var(--wp--preset--spacing--50);padding-bottom:var(--wp--preset--spacing--50);padding-left:var(--wp--preset--spacing--50)\">\n<div class=\"wp-block-columns alignwide is-layout-flex wp-container-core-columns-is-layout-d1c656ed wp-block-columns-is-layout-flex\">\n<div class=\"wp-block-column is-vertically-aligned-stretch is-layout-flow wp-block-column-is-layout-flow\" style=\"padding-right:0;flex-basis:60%\">\n<div class=\"wp-block-group is-vertical is-content-justification-stretch is-layout-flex wp-container-core-group-is-layout-ae24f51d wp-block-group-is-layout-flex\" style=\"min-height:100%\">\n<figure class=\"wp-block-image size-large is-style-rounded is-style-rounded--1\"><img decoding=\"async\" src=\"https:\/\/upload.wikimedia.org\/wikipedia\/commons\/e\/e2\/Britney_Spears_Navy.jpg?20091010034429\" alt=\"Britney Spears\" style=\"aspect-ratio:9\/16;object-fit:cover\"\/><\/figure>\n\n\n\n<p class=\"has-text-align-center has-heading-font-family has-large-font-size\">Britney Spears<\/p>\n<\/div>\n<\/div>\n\n\n\n<div class=\"wp-block-column is-layout-flow wp-block-column-is-layout-flow\" style=\"flex-basis:40%\">\n<div class=\"wp-block-group has-global-padding is-layout-constrained wp-block-group-is-layout-constrained\">\n<p class=\"has-heading-font-family has-large-font-size\" style=\"font-style:normal;font-weight:500;line-height:1.2\">La D\u00e9cada de los 2000<\/p>\n\n\n\n<p class=\"has-heading-font-family has-large-font-size\" style=\"font-style:normal;font-weight:500;line-height:1.2\">El cambio de siglo trajo consigo una revoluci\u00f3n musical marcada por la digitalizaci\u00f3n. El lanzamiento del Napster en 1999 \u2013sistema que permit\u00eda el intercambio masivo por MP3\u2013 signific\u00f3 una crisis in\u00e9dita para la industria, tan s\u00f3lo en Estados Unidos las ventas de CD se redujeron m\u00e1s de un 10% en 2002, lo que provoc\u00f3 la p\u00e9rdida de millones gracias a la pirater\u00eda.<br><br>Desde Apple, la forma de conseguir m\u00fasica era distinta, pues capitaliz\u00f3 esta transici\u00f3n con iTunes (2003) y el iPod. Por parte de internet, la llegada de Youtube (2005) abri\u00f3 a\u00fan m\u00e1s la esfera de posibilidades, a partir de ah\u00ed los videoclips dejaron de ser exclusivos de MTV y se volvieron virales en la red. Fue la primera vez que la m\u00fasica se consumi\u00f3 a escala global con un clic.<br><\/p>\n<\/div>\n<\/div>\n<\/div>\n<\/div>\n\n\n\n<div class=\"wp-block-group alignfull has-global-padding is-layout-constrained wp-container-core-group-is-layout-d89aad35 wp-block-group-is-layout-constrained\" style=\"margin-top:0;margin-bottom:0;padding-top:var(--wp--preset--spacing--50);padding-right:var(--wp--preset--spacing--50);padding-bottom:var(--wp--preset--spacing--50);padding-left:var(--wp--preset--spacing--50)\">\n<div class=\"wp-block-columns alignwide is-layout-flex wp-container-core-columns-is-layout-549b0c86 wp-block-columns-is-layout-flex\">\n<div class=\"wp-block-column has-global-padding is-content-justification-left is-layout-constrained wp-container-core-column-is-layout-4f15e8fe wp-block-column-is-layout-constrained\" style=\"flex-basis:40%\">\n<p class=\"has-heading-font-family\">En el contexto global, la \u00e9poca de los 2000\u2019s se vio enmarcada por un sinf\u00edn de&nbsp; crisis; los atentados del 11 de septiembre de 2001, la \u201cguerra contra el terrorismo\u201d \u2013invasiones a Afganistan e Irak\u2013, la crisis financiera del 2008 \u2013que dej\u00f3 a millones desempleados y en descontento social\u2013 alteraron e influyeron en el tono de la m\u00fasica. Se expandi\u00f3 el pop, se vociferaban cr\u00edticas desde el rap, barrios bajos con hip-hop&nbsp; y se atrincheraron en su letras los alternativos del rock, produciendo as\u00ed una corriente de escape en la m\u00fasica que se utilizaba para bailar, pero tambi\u00e9n para denunciar. En paralelo, la globalizaci\u00f3n cultural y el auge de internet facilitaron la circulaci\u00f3n de sonidos latinoamericanos y africanos hacia el mainstream, anticipando el mosaico musical del siglo XXI.<\/p>\n<\/div>\n\n\n\n<div class=\"wp-block-column is-layout-flow wp-container-core-column-is-layout-119bc444 wp-block-column-is-layout-flow\" style=\"flex-basis:60%\">\n<p class=\"has-heading-font-family has-x-large-font-size\" style=\"line-height:1.2\">En lo art\u00edstico, los g\u00e9neros predominantes fueron claros. El <strong>pop<\/strong> internacional brill\u00f3 con Britney Spears, Christina Aguilera y Justin Timberlake; <strong>Beyonc\u00e9<\/strong>, tras dejar Destiny\u2019s Child, se consolid\u00f3 como \u00edcono global.<\/p>\n\n\n\n<div class=\"wp-block-columns is-layout-flex wp-container-core-columns-is-layout-87beb0d0 wp-block-columns-is-layout-flex\">\n<div class=\"wp-block-column is-layout-flow wp-block-column-is-layout-flow\">\n<p class=\"has-heading-font-family wp-container-content-9cfa9a5a\">El <strong>hip hop<\/strong> vivi\u00f3 su \u00e9poca dorada: Eminem vend\u00eda millones con <em>The Eminem Show<\/em> (2002), mientras Jay-Z y Kanye West situaban el rap como motor cultural, abordando desigualdad, raza y consumo. El <strong>rock alternativo<\/strong> se reconfigur\u00f3 con Coldplay (<em>A Rush of Blood to the Head<\/em>, 2002), Linkin Park y el surgimiento del indie con The Strokes y Arctic Monkeys.<br><\/p>\n<\/div>\n\n\n\n<div class=\"wp-block-column is-layout-flow wp-block-column-is-layout-flow\">\n<p class=\"has-heading-font-family\">En <strong>Am\u00e9rica Latina<\/strong>, el gran protagonista fue el <strong>reguet\u00f3n<\/strong>. Daddy Yankee lanz\u00f3 <em>Barrio Fino<\/em> en 2004, con el hit \u201cGasolina\u201d, considerado por <em>Rolling Stone<\/em> como la canci\u00f3n que impuls\u00f3 al g\u00e9nero hacia el mainstream global (<a href=\"https:\/\/rollingstoneindia.com\/how-daddy-yankees-gasolina-fueled-reggaetons-global-takeover\/?utm_source=chatgpt.com\">Rolling Stone India<\/a>). <em>Pitchfork<\/em> record\u00f3 que el disco fue el primero de reguet\u00f3n en ocupar el #1 del Billboard Latin Albums y vendi\u00f3 m\u00e1s de 3 millones de copias en EE. UU., un r\u00e9cord para el g\u00e9nero (<a href=\"https:\/\/pitchfork.com\/reviews\/albums\/daddy-yankee-barrio-fino?utm_source=chatgpt.com\">Pitchfork<\/a>). NPR calific\u00f3 \u201cGasolina\u201d como el artefacto cultural que convirti\u00f3 al reguet\u00f3n de fen\u00f3meno marginal en potencia comercial (<a href=\"https:\/\/www.npr.org\/2023\/04\/13\/1169818599\/daddy-yankee-gasolina-national-recording-registry-reggaeton?utm_source=chatgpt.com\">NPR<\/a>).<br><\/p>\n<\/div>\n<\/div>\n<\/div>\n<\/div>\n<\/div>\n\n\n\n<div class=\"wp-block-group alignfull has-background has-global-padding is-layout-constrained wp-container-core-group-is-layout-669513ed wp-block-group-is-layout-constrained\" style=\"background-color:#bf229d;margin-top:0;margin-bottom:0;padding-top:var(--wp--preset--spacing--50);padding-right:var(--wp--preset--spacing--50);padding-bottom:var(--wp--preset--spacing--50);padding-left:var(--wp--preset--spacing--50)\">\n<div class=\"wp-block-columns alignwide is-layout-flex wp-container-core-columns-is-layout-1da03c2a wp-block-columns-is-layout-flex\">\n<div class=\"wp-block-column is-vertically-aligned-stretch is-layout-flow wp-block-column-is-layout-flow\" style=\"flex-basis:50%\">\n<div class=\"wp-block-group is-vertical is-content-justification-stretch is-layout-flex wp-container-core-group-is-layout-444d5ee8 wp-block-group-is-layout-flex\" style=\"min-height:100%\">\n<p class=\"has-heading-font-family has-large-font-size\" style=\"line-height:1.2\">En Chile, la m\u00fasica dialog\u00f3 con los movimientos sociales. Durante la Revoluci\u00f3n Ping\u00fcina de 2006, que moviliz\u00f3 a m\u00e1s de 600.000 estudiantes en demanda de una educaci\u00f3n p\u00fablica m\u00e1s justa y de mejores condiciones, surgieron afinidades con bandas nacionales como Los Bunkers, quienes retomaron la herencia de la Nueva Canci\u00f3n con un tono contestatario (Redalyc).<br><br>Al mismo tiempo, Kudai dio voz a una juventud marcada por transiciones y frustraciones, mientras que el hip hop se transform\u00f3 en un verdadero meg\u00e1fono de protesta, con ejemplos como Revoluci\u00f3n Ping\u00fcina de GuerrillerOkulto&nbsp; (<a href=\"https:\/\/soundsandcolours.com\/articles\/chile\/top-10-chilean-protest-songs-28270\/?utm_source=chatgpt.com\">Sounds and Colours<\/a>).<\/p>\n<\/div>\n<\/div>\n\n\n\n<div class=\"wp-block-column is-vertically-aligned-center is-layout-flow wp-block-column-is-layout-flow\" style=\"flex-basis:50%\">\n<figure class=\"wp-block-image size-large is-style-rounded is-style-rounded--2\"><img decoding=\"async\" src=\"https:\/\/upload.wikimedia.org\/wikipedia\/commons\/9\/98\/Los_Bunkers.jpg?20070104191407\" alt=\"Los Bunkers\" style=\"aspect-ratio:4\/3;object-fit:cover\"\/><\/figure>\n\n\n\n<p class=\"has-text-align-center has-heading-font-family has-large-font-size\">Los Bunkers<\/p>\n<\/div>\n<\/div>\n<\/div>\n\n\n\n<div class=\"wp-block-group alignfull has-global-padding is-layout-constrained wp-container-core-group-is-layout-7cd14b77 wp-block-group-is-layout-constrained\" style=\"margin-top:0;margin-bottom:0;padding-top:var(--wp--preset--spacing--60);padding-right:var(--wp--preset--spacing--60);padding-bottom:var(--wp--preset--spacing--60);padding-left:var(--wp--preset--spacing--60)\">\n<div class=\"wp-block-group alignwide is-layout-flow wp-block-group-is-layout-flow\">\n<p class=\"has-text-align-center has-heading-font-family has-large-font-size\" style=\"font-style:normal;font-weight:400;line-height:1.2\">Al concluir 2009, la m\u00fasica hab\u00eda cambiado para siempre: los discos dieron paso a las descargas digitales y el streaming incipiente; los g\u00e9neros se mezclaban con libertad; y Am\u00e9rica Latina dej\u00f3 de ser perif\u00e9rica para ocupar un espacio central en el mercado mundial.<br><br>La d\u00e9cada dej\u00f3 un legado doble: por un lado, la consolidaci\u00f3n de un consumo global, inmediato y digital; por otro, la constataci\u00f3n de que la m\u00fasica pod\u00eda ser tanto veh\u00edculo de evasi\u00f3n como herramienta de protesta. En el cambio de siglo, los 2000 demostraron que la m\u00fasica no solo acompa\u00f1aba la historia: la escrib\u00eda.<br><\/p>\n<\/div>\n<\/div>\n\n\n\n<div class=\"wp-block-group alignfull has-global-padding is-layout-constrained wp-container-core-group-is-layout-7cd14b77 wp-block-group-is-layout-constrained\" style=\"margin-top:0;margin-bottom:0;padding-top:var(--wp--preset--spacing--60);padding-right:var(--wp--preset--spacing--60);padding-bottom:var(--wp--preset--spacing--60);padding-left:var(--wp--preset--spacing--60)\">\n<div class=\"wp-block-group alignwide is-layout-flow wp-block-group-is-layout-flow\">\n<p class=\"has-text-align-center has-heading-font-family has-large-font-size\" style=\"font-style:normal;font-weight:400;line-height:1.2\"><br>\u00a1\u00a1Revisa nuestra selecci\u00f3n de videoclips recomendados por d\u00e9cada!!<br><br><\/p>\n<\/div>\n\n\n\n<figure class=\"wp-block-embed is-type-video is-provider-youtube wp-block-embed-youtube wp-embed-aspect-16-9 wp-has-aspect-ratio\"><div class=\"wp-block-embed__wrapper\">\n<iframe loading=\"lazy\" title=\"Beyonc\u00e9 - Single Ladies (Put a Ring on It) (Video Version)\" width=\"500\" height=\"281\" src=\"https:\/\/www.youtube.com\/embed\/4m1EFMoRFvY?feature=oembed\" frameborder=\"0\" allow=\"accelerometer; autoplay; clipboard-write; encrypted-media; gyroscope; picture-in-picture; web-share\" referrerpolicy=\"strict-origin-when-cross-origin\" allowfullscreen><\/iframe>\n<\/div><\/figure>\n\n\n\n<figure class=\"wp-block-embed is-type-video is-provider-youtube wp-block-embed-youtube wp-embed-aspect-16-9 wp-has-aspect-ratio\"><div class=\"wp-block-embed__wrapper\">\n<iframe loading=\"lazy\" title=\"Britney Spears - Oops!...I Did It Again (Official HD Video)\" width=\"500\" height=\"281\" src=\"https:\/\/www.youtube.com\/embed\/CduA0TULnow?feature=oembed\" frameborder=\"0\" allow=\"accelerometer; autoplay; clipboard-write; encrypted-media; gyroscope; picture-in-picture; web-share\" referrerpolicy=\"strict-origin-when-cross-origin\" allowfullscreen><\/iframe>\n<\/div><\/figure>\n\n\n\n<figure class=\"wp-block-embed is-type-video is-provider-youtube wp-block-embed-youtube wp-embed-aspect-4-3 wp-has-aspect-ratio\"><div class=\"wp-block-embed__wrapper\">\n<iframe loading=\"lazy\" title=\"*NSYNC - Bye Bye Bye (Official Video)\" width=\"500\" height=\"375\" src=\"https:\/\/www.youtube.com\/embed\/Eo-KmOd3i7s?feature=oembed\" frameborder=\"0\" allow=\"accelerometer; autoplay; clipboard-write; encrypted-media; gyroscope; picture-in-picture; web-share\" referrerpolicy=\"strict-origin-when-cross-origin\" allowfullscreen><\/iframe>\n<\/div><\/figure>\n\n\n\n\n\n\n\n<p class=\"has-text-align-center\"><strong>Deberias seguir leyendo y escuchando: <a href=\"https:\/\/relatoshibridos.cl\/ElOyente\/la-cultura-de-los-2010-en-la-musica\/\">https:\/\/relatoshibridos.cl\/ElOyente\/la-cultura-de-los-2010-en-la-musica\/<\/a><\/strong><\/p>\n<\/div>\n","protected":false},"excerpt":{"rendered":"<p>Britney Spears La D\u00e9cada de los 2000 El cambio de siglo trajo consigo una revoluci\u00f3n musical marcada por la digitalizaci\u00f3n. El lanzamiento del Napster en 1999 \u2013sistema que permit\u00eda el intercambio masivo por MP3\u2013 signific\u00f3 una crisis in\u00e9dita para la industria, tan s\u00f3lo en Estados Unidos las ventas de CD se redujeron m\u00e1s de un [&hellip;]<\/p>\n","protected":false},"author":1,"featured_media":0,"parent":0,"menu_order":0,"comment_status":"closed","ping_status":"closed","template":"","meta":{"om_disable_all_campaigns":false,"pagelayer_contact_templates":[],"_pagelayer_content":"","footnotes":""},"class_list":["post-733","page","type-page","status-publish","hentry"],"yoast_head":"<!-- This site is optimized with the Yoast SEO plugin v27.1.1 - https:\/\/yoast.com\/product\/yoast-seo-wordpress\/ -->\n<title>La D\u00e9cada de los 2000 en la M\u00fasica y su Evoluci\u00f3n<\/title>\n<meta name=\"description\" content=\"La D\u00e9cada de los 2000 en la M\u00fasica y su Evoluci\u00f3n, una \u00e9poca llena de cambios y mucho pop, muchos colores y sensaciones que traen consigo.\" \/>\n<meta name=\"robots\" content=\"index, follow, max-snippet:-1, max-image-preview:large, max-video-preview:-1\" \/>\n<link rel=\"canonical\" href=\"https:\/\/relatoshibridos.cl\/ElOyente\/la-decada-de-los-2000-en-la-musica-y-su-evolucion\/\" \/>\n<meta property=\"og:locale\" content=\"es_ES\" \/>\n<meta property=\"og:type\" content=\"article\" \/>\n<meta property=\"og:title\" content=\"La D\u00e9cada de los 2000 en la M\u00fasica y su Evoluci\u00f3n\" \/>\n<meta property=\"og:description\" content=\"La D\u00e9cada de los 2000 en la M\u00fasica y su Evoluci\u00f3n, una \u00e9poca llena de cambios y mucho pop, muchos colores y sensaciones que traen consigo.\" \/>\n<meta property=\"og:url\" content=\"https:\/\/relatoshibridos.cl\/ElOyente\/la-decada-de-los-2000-en-la-musica-y-su-evolucion\/\" \/>\n<meta property=\"og:site_name\" content=\"El Oyente\" \/>\n<meta property=\"article:modified_time\" content=\"2025-11-18T15:02:37+00:00\" \/>\n<meta property=\"og:image\" content=\"https:\/\/upload.wikimedia.org\/wikipedia\/commons\/e\/e2\/Britney_Spears_Navy.jpg?20091010034429\" \/>\n<meta name=\"twitter:card\" content=\"summary_large_image\" \/>\n<meta name=\"twitter:label1\" content=\"Tiempo de lectura\" \/>\n\t<meta name=\"twitter:data1\" content=\"4 minutos\" \/>\n<script type=\"application\/ld+json\" class=\"yoast-schema-graph\">{\"@context\":\"https:\/\/schema.org\",\"@graph\":[{\"@type\":\"WebPage\",\"@id\":\"https:\/\/relatoshibridos.cl\/ElOyente\/la-decada-de-los-2000-en-la-musica-y-su-evolucion\/\",\"url\":\"https:\/\/relatoshibridos.cl\/ElOyente\/la-decada-de-los-2000-en-la-musica-y-su-evolucion\/\",\"name\":\"La D\u00e9cada de los 2000 en la M\u00fasica y su Evoluci\u00f3n\",\"isPartOf\":{\"@id\":\"https:\/\/relatoshibridos.cl\/ElOyente\/#website\"},\"primaryImageOfPage\":{\"@id\":\"https:\/\/relatoshibridos.cl\/ElOyente\/la-decada-de-los-2000-en-la-musica-y-su-evolucion\/#primaryimage\"},\"image\":{\"@id\":\"https:\/\/relatoshibridos.cl\/ElOyente\/la-decada-de-los-2000-en-la-musica-y-su-evolucion\/#primaryimage\"},\"thumbnailUrl\":\"https:\/\/upload.wikimedia.org\/wikipedia\/commons\/e\/e2\/Britney_Spears_Navy.jpg?20091010034429\",\"datePublished\":\"2025-09-08T02:10:00+00:00\",\"dateModified\":\"2025-11-18T15:02:37+00:00\",\"description\":\"La D\u00e9cada de los 2000 en la M\u00fasica y su Evoluci\u00f3n, una \u00e9poca llena de cambios y mucho pop, muchos colores y sensaciones que traen consigo.\",\"breadcrumb\":{\"@id\":\"https:\/\/relatoshibridos.cl\/ElOyente\/la-decada-de-los-2000-en-la-musica-y-su-evolucion\/#breadcrumb\"},\"inLanguage\":\"es\",\"potentialAction\":[{\"@type\":\"ReadAction\",\"target\":[\"https:\/\/relatoshibridos.cl\/ElOyente\/la-decada-de-los-2000-en-la-musica-y-su-evolucion\/\"]}]},{\"@type\":\"ImageObject\",\"inLanguage\":\"es\",\"@id\":\"https:\/\/relatoshibridos.cl\/ElOyente\/la-decada-de-los-2000-en-la-musica-y-su-evolucion\/#primaryimage\",\"url\":\"https:\/\/upload.wikimedia.org\/wikipedia\/commons\/e\/e2\/Britney_Spears_Navy.jpg?20091010034429\",\"contentUrl\":\"https:\/\/upload.wikimedia.org\/wikipedia\/commons\/e\/e2\/Britney_Spears_Navy.jpg?20091010034429\"},{\"@type\":\"BreadcrumbList\",\"@id\":\"https:\/\/relatoshibridos.cl\/ElOyente\/la-decada-de-los-2000-en-la-musica-y-su-evolucion\/#breadcrumb\",\"itemListElement\":[{\"@type\":\"ListItem\",\"position\":1,\"name\":\"Portada\",\"item\":\"https:\/\/relatoshibridos.cl\/ElOyente\/\"},{\"@type\":\"ListItem\",\"position\":2,\"name\":\"Entrada: El cambio de siglo\"}]},{\"@type\":\"WebSite\",\"@id\":\"https:\/\/relatoshibridos.cl\/ElOyente\/#website\",\"url\":\"https:\/\/relatoshibridos.cl\/ElOyente\/\",\"name\":\"El Oyente\",\"description\":\"En el Oyente viajamos a trav\u00e9s de las d\u00e9cadas para descubrir c\u00f3mo ha evolucionado el sonido que nos acompa\u00f1a. Desde los vibrantes a\u00f1os 70&#039;s hasta los virtuales 2020&#039;s, repasamos a los artistas m\u00e1s influyentes, los tracks que marcaron cada \u00e9poca y los g\u00e9neros que definieron tendencias.\",\"publisher\":{\"@id\":\"https:\/\/relatoshibridos.cl\/ElOyente\/#organization\"},\"potentialAction\":[{\"@type\":\"SearchAction\",\"target\":{\"@type\":\"EntryPoint\",\"urlTemplate\":\"https:\/\/relatoshibridos.cl\/ElOyente\/?s={search_term_string}\"},\"query-input\":{\"@type\":\"PropertyValueSpecification\",\"valueRequired\":true,\"valueName\":\"search_term_string\"}}],\"inLanguage\":\"es\"},{\"@type\":\"Organization\",\"@id\":\"https:\/\/relatoshibridos.cl\/ElOyente\/#organization\",\"name\":\"El Oyente\",\"url\":\"https:\/\/relatoshibridos.cl\/ElOyente\/\",\"logo\":{\"@type\":\"ImageObject\",\"inLanguage\":\"es\",\"@id\":\"https:\/\/relatoshibridos.cl\/ElOyente\/#\/schema\/logo\/image\/\",\"url\":\"https:\/\/relatoshibridos.cl\/ElOyente\/wp-content\/uploads\/2025\/08\/eloyo.png\",\"contentUrl\":\"https:\/\/relatoshibridos.cl\/ElOyente\/wp-content\/uploads\/2025\/08\/eloyo.png\",\"width\":855,\"height\":270,\"caption\":\"El Oyente\"},\"image\":{\"@id\":\"https:\/\/relatoshibridos.cl\/ElOyente\/#\/schema\/logo\/image\/\"}}]}<\/script>\n<!-- \/ Yoast SEO plugin. -->","yoast_head_json":{"title":"La D\u00e9cada de los 2000 en la M\u00fasica y su Evoluci\u00f3n","description":"La D\u00e9cada de los 2000 en la M\u00fasica y su Evoluci\u00f3n, una \u00e9poca llena de cambios y mucho pop, muchos colores y sensaciones que traen consigo.","robots":{"index":"index","follow":"follow","max-snippet":"max-snippet:-1","max-image-preview":"max-image-preview:large","max-video-preview":"max-video-preview:-1"},"canonical":"https:\/\/relatoshibridos.cl\/ElOyente\/la-decada-de-los-2000-en-la-musica-y-su-evolucion\/","og_locale":"es_ES","og_type":"article","og_title":"La D\u00e9cada de los 2000 en la M\u00fasica y su Evoluci\u00f3n","og_description":"La D\u00e9cada de los 2000 en la M\u00fasica y su Evoluci\u00f3n, una \u00e9poca llena de cambios y mucho pop, muchos colores y sensaciones que traen consigo.","og_url":"https:\/\/relatoshibridos.cl\/ElOyente\/la-decada-de-los-2000-en-la-musica-y-su-evolucion\/","og_site_name":"El Oyente","article_modified_time":"2025-11-18T15:02:37+00:00","og_image":[{"url":"https:\/\/upload.wikimedia.org\/wikipedia\/commons\/e\/e2\/Britney_Spears_Navy.jpg?20091010034429","type":"","width":"","height":""}],"twitter_card":"summary_large_image","twitter_misc":{"Tiempo de lectura":"4 minutos"},"schema":{"@context":"https:\/\/schema.org","@graph":[{"@type":"WebPage","@id":"https:\/\/relatoshibridos.cl\/ElOyente\/la-decada-de-los-2000-en-la-musica-y-su-evolucion\/","url":"https:\/\/relatoshibridos.cl\/ElOyente\/la-decada-de-los-2000-en-la-musica-y-su-evolucion\/","name":"La D\u00e9cada de los 2000 en la M\u00fasica y su Evoluci\u00f3n","isPartOf":{"@id":"https:\/\/relatoshibridos.cl\/ElOyente\/#website"},"primaryImageOfPage":{"@id":"https:\/\/relatoshibridos.cl\/ElOyente\/la-decada-de-los-2000-en-la-musica-y-su-evolucion\/#primaryimage"},"image":{"@id":"https:\/\/relatoshibridos.cl\/ElOyente\/la-decada-de-los-2000-en-la-musica-y-su-evolucion\/#primaryimage"},"thumbnailUrl":"https:\/\/upload.wikimedia.org\/wikipedia\/commons\/e\/e2\/Britney_Spears_Navy.jpg?20091010034429","datePublished":"2025-09-08T02:10:00+00:00","dateModified":"2025-11-18T15:02:37+00:00","description":"La D\u00e9cada de los 2000 en la M\u00fasica y su Evoluci\u00f3n, una \u00e9poca llena de cambios y mucho pop, muchos colores y sensaciones que traen consigo.","breadcrumb":{"@id":"https:\/\/relatoshibridos.cl\/ElOyente\/la-decada-de-los-2000-en-la-musica-y-su-evolucion\/#breadcrumb"},"inLanguage":"es","potentialAction":[{"@type":"ReadAction","target":["https:\/\/relatoshibridos.cl\/ElOyente\/la-decada-de-los-2000-en-la-musica-y-su-evolucion\/"]}]},{"@type":"ImageObject","inLanguage":"es","@id":"https:\/\/relatoshibridos.cl\/ElOyente\/la-decada-de-los-2000-en-la-musica-y-su-evolucion\/#primaryimage","url":"https:\/\/upload.wikimedia.org\/wikipedia\/commons\/e\/e2\/Britney_Spears_Navy.jpg?20091010034429","contentUrl":"https:\/\/upload.wikimedia.org\/wikipedia\/commons\/e\/e2\/Britney_Spears_Navy.jpg?20091010034429"},{"@type":"BreadcrumbList","@id":"https:\/\/relatoshibridos.cl\/ElOyente\/la-decada-de-los-2000-en-la-musica-y-su-evolucion\/#breadcrumb","itemListElement":[{"@type":"ListItem","position":1,"name":"Portada","item":"https:\/\/relatoshibridos.cl\/ElOyente\/"},{"@type":"ListItem","position":2,"name":"Entrada: El cambio de siglo"}]},{"@type":"WebSite","@id":"https:\/\/relatoshibridos.cl\/ElOyente\/#website","url":"https:\/\/relatoshibridos.cl\/ElOyente\/","name":"El Oyente","description":"En el Oyente viajamos a trav\u00e9s de las d\u00e9cadas para descubrir c\u00f3mo ha evolucionado el sonido que nos acompa\u00f1a. Desde los vibrantes a\u00f1os 70&#039;s hasta los virtuales 2020&#039;s, repasamos a los artistas m\u00e1s influyentes, los tracks que marcaron cada \u00e9poca y los g\u00e9neros que definieron tendencias.","publisher":{"@id":"https:\/\/relatoshibridos.cl\/ElOyente\/#organization"},"potentialAction":[{"@type":"SearchAction","target":{"@type":"EntryPoint","urlTemplate":"https:\/\/relatoshibridos.cl\/ElOyente\/?s={search_term_string}"},"query-input":{"@type":"PropertyValueSpecification","valueRequired":true,"valueName":"search_term_string"}}],"inLanguage":"es"},{"@type":"Organization","@id":"https:\/\/relatoshibridos.cl\/ElOyente\/#organization","name":"El Oyente","url":"https:\/\/relatoshibridos.cl\/ElOyente\/","logo":{"@type":"ImageObject","inLanguage":"es","@id":"https:\/\/relatoshibridos.cl\/ElOyente\/#\/schema\/logo\/image\/","url":"https:\/\/relatoshibridos.cl\/ElOyente\/wp-content\/uploads\/2025\/08\/eloyo.png","contentUrl":"https:\/\/relatoshibridos.cl\/ElOyente\/wp-content\/uploads\/2025\/08\/eloyo.png","width":855,"height":270,"caption":"El Oyente"},"image":{"@id":"https:\/\/relatoshibridos.cl\/ElOyente\/#\/schema\/logo\/image\/"}}]}},"_links":{"self":[{"href":"https:\/\/relatoshibridos.cl\/ElOyente\/wp-json\/wp\/v2\/pages\/733","targetHints":{"allow":["GET"]}}],"collection":[{"href":"https:\/\/relatoshibridos.cl\/ElOyente\/wp-json\/wp\/v2\/pages"}],"about":[{"href":"https:\/\/relatoshibridos.cl\/ElOyente\/wp-json\/wp\/v2\/types\/page"}],"author":[{"embeddable":true,"href":"https:\/\/relatoshibridos.cl\/ElOyente\/wp-json\/wp\/v2\/users\/1"}],"replies":[{"embeddable":true,"href":"https:\/\/relatoshibridos.cl\/ElOyente\/wp-json\/wp\/v2\/comments?post=733"}],"version-history":[{"count":5,"href":"https:\/\/relatoshibridos.cl\/ElOyente\/wp-json\/wp\/v2\/pages\/733\/revisions"}],"predecessor-version":[{"id":1413,"href":"https:\/\/relatoshibridos.cl\/ElOyente\/wp-json\/wp\/v2\/pages\/733\/revisions\/1413"}],"wp:attachment":[{"href":"https:\/\/relatoshibridos.cl\/ElOyente\/wp-json\/wp\/v2\/media?parent=733"}],"curies":[{"name":"wp","href":"https:\/\/api.w.org\/{rel}","templated":true}]}}