{"id":745,"date":"2025-09-08T02:48:50","date_gmt":"2025-09-08T02:48:50","guid":{"rendered":"https:\/\/relatoshibridos.cl\/ElOyente\/?page_id=745"},"modified":"2025-10-21T19:22:49","modified_gmt":"2025-10-21T19:22:49","slug":"la-decada-de-los-2010","status":"publish","type":"page","link":"https:\/\/relatoshibridos.cl\/ElOyente\/la-decada-de-los-2010\/","title":{"rendered":"Entrada: Del Baby de Bieber al Despacito global"},"content":{"rendered":"\n<p>Lorem Ipsum has been the industry&#8217;s standard dummy text ever since the 1500s.<\/p>\n\n\n\n<h1>2010\u2019s: del Baby de Bieber al Despacito global &#8211; La D\u00e9cada de los 2010<\/h1>\n\n\n\n<p>Lorem Ipsum has been the industry&#8217;s standard dummy text ever since the 1500s.<\/p>\n\n\n\n<div class=\"wp-block-group alignfull has-background has-global-padding is-layout-constrained wp-container-core-group-is-layout-669513ed wp-block-group-is-layout-constrained\" style=\"background-color:#ebc22d;margin-top:0;margin-bottom:0;padding-top:var(--wp--preset--spacing--50);padding-right:var(--wp--preset--spacing--50);padding-bottom:var(--wp--preset--spacing--50);padding-left:var(--wp--preset--spacing--50)\">\n<div class=\"wp-block-columns alignwide is-layout-flex wp-container-core-columns-is-layout-1da03c2a wp-block-columns-is-layout-flex\">\n<div class=\"wp-block-column is-vertically-aligned-stretch is-layout-flow wp-block-column-is-layout-flow\" style=\"flex-basis:50%\">\n<div class=\"wp-block-group is-vertical is-content-justification-stretch is-layout-flex wp-container-core-group-is-layout-444d5ee8 wp-block-group-is-layout-flex\" style=\"min-height:100%\">\n<figure class=\"wp-block-image size-large is-style-rounded is-style-rounded--1\"><img decoding=\"async\" src=\"https:\/\/upload.wikimedia.org\/wikipedia\/commons\/thumb\/0\/0d\/Justin_Bieber_20161111_009-2_%28cropped%29.jpg\/960px-Justin_Bieber_20161111_009-2_%28cropped%29.jpg?20220416033631\" alt=\"Justin Bieber\" style=\"aspect-ratio:3\/4;object-fit:cover\"\/><\/figure>\n\n\n\n<p class=\"has-text-align-center has-heading-font-family has-large-font-size\">Justin Bieber<\/p>\n<\/div>\n<\/div>\n\n\n\n<div class=\"wp-block-column is-vertically-aligned-center is-layout-flow wp-block-column-is-layout-flow\" style=\"flex-basis:50%\">\n<p class=\"has-heading-font-family has-large-font-size\" style=\"line-height:1.2\">La d\u00e9cada de los 2010\u2019s marc\u00f3 un antes y un despu\u00e9s en la forma de consumir m\u00fasica. Si en los 2000\u2019s el MP3 y YouTube hab\u00edan iniciado la transici\u00f3n digital, los 2010\u2019s consolidaron definitivamente al streaming como la v\u00eda principal de acceso. Spotify, lanzado en 2008 y expandido globalmente en los a\u00f1os siguientes, super\u00f3 los 100 millones de usuarios en 2016 (Statista, 2016), desplazando la venta f\u00edsica y el formato de descarga.<br><br>Apple Music (2015) y el dominio de YouTube en la reproducci\u00f3n audiovisual hicieron que los charts globales ya no se midieran solo en ventas, sino en reproducciones. Este cambio estructural abri\u00f3 la puerta a fen\u00f3menos virales: un video en internet pod\u00eda llevar a un artista desconocido a lo m\u00e1s alto del ranking mundial (New York Times, 2018).<br><\/p>\n<\/div>\n<\/div>\n<\/div>\n\n\n\n<div class=\"wp-block-group alignfull has-global-padding is-layout-constrained wp-container-core-group-is-layout-d89aad35 wp-block-group-is-layout-constrained\" style=\"margin-top:0;margin-bottom:0;padding-top:var(--wp--preset--spacing--50);padding-right:var(--wp--preset--spacing--50);padding-bottom:var(--wp--preset--spacing--50);padding-left:var(--wp--preset--spacing--50)\">\n<div class=\"wp-block-columns alignwide is-layout-flex wp-container-core-columns-is-layout-549b0c86 wp-block-columns-is-layout-flex\">\n<div class=\"wp-block-column has-global-padding is-content-justification-left is-layout-constrained wp-container-core-column-is-layout-4f15e8fe wp-block-column-is-layout-constrained\" style=\"flex-basis:40%\">\n<p class=\"has-heading-font-family\">En el plano socio-pol\u00edtico, los 2010\u2019s fueron una d\u00e9cada atravesada por la hiperdigitalizaci\u00f3n, el auge de los movimientos sociales y un clima de polarizaci\u00f3n. La Primavera \u00c1rabe (2011), Occupy Wall Street y el fortalecimiento de causas como el feminismo (#MeToo, 2017) y Black Lives Matter encontraron en la m\u00fasica una herramienta de visibilizaci\u00f3n. Beyonc\u00e9 con <em>Formation<\/em> (2016) o Kendrick Lamar con <em>Alright<\/em> (2015) se transformaron en estandartes culturales de la lucha contra el racismo y la desigualdad (The Guardian, 2016; NPR, 2017). En Chile, el Estallido Social de 2019 reconfigur\u00f3 la relaci\u00f3n entre m\u00fasica y protesta, con la relectura de <em>El derecho de vivir en paz<\/em> de V\u00edctor Jara como himno colectivo y la masificaci\u00f3n de la performance feminista <em>Un violador en tu camino<\/em> de LasTesis, que trascendi\u00f3 fronteras (BBC, 2019; The New York Times, 2019). La m\u00fasica no solo acompa\u00f1\u00f3 el contexto, sino que lo narr\u00f3 y potenci\u00f3.<br><\/p>\n<\/div>\n\n\n\n<div class=\"wp-block-column is-layout-flow wp-container-core-column-is-layout-119bc444 wp-block-column-is-layout-flow\" style=\"flex-basis:60%\">\n<p class=\"has-heading-font-family has-x-large-font-size\" style=\"line-height:1.2\">En lo art\u00edstico, el pop internacional vivi\u00f3 una de sus etapas m\u00e1s prol\u00edficas. Taylor Swift transit\u00f3 del country al <em>stadium pop<\/em> con <em>1989<\/em> (2014), Lady Gaga rompi\u00f3 esquemas visuales y sonoros con <em>Born This Way<\/em> (2011) y Adele emocion\u00f3 al mundo con <em>Rolling in the Deep<\/em> (2010).<\/p>\n\n\n\n<div class=\"wp-block-columns is-layout-flex wp-container-core-columns-is-layout-87beb0d0 wp-block-columns-is-layout-flex\">\n<div class=\"wp-block-column is-layout-flow wp-block-column-is-layout-flow\">\n<p class=\"has-heading-font-family wp-container-content-9cfa9a5a\">Katy Perry domin\u00f3 las listas con <em>Teenage Dream<\/em> (2010), mientras Justin Bieber pas\u00f3 de fen\u00f3meno adolescente con <em>Baby<\/em> a consolidarse como \u00edcono pop global. Al mismo tiempo, el hip hop y el R&amp;B escalaron a la cima cultural con Drake, Kendrick Lamar y Kanye West, quienes marcaron agenda musical y pol\u00edtica (Pitchfork, 2015; Rolling Stone, 2018).<br><br>La explosi\u00f3n latina fue el otro gran punto de inflexi\u00f3n. Si el reguet\u00f3n ya hab\u00eda conquistado los 2000\u2019s, en los 2010\u2019s se volvi\u00f3 completamente global. <em>Despacito<\/em> (2017) de Luis Fonsi y Daddy Yankee, con remix junto a Justin Bieber, se convirti\u00f3 en el video m\u00e1s visto de la historia de YouTube, superando 7.000 millones de reproducciones (Billboard, 2019).<br><\/p>\n<\/div>\n\n\n\n<div class=\"wp-block-column is-layout-flow wp-block-column-is-layout-flow\">\n<p class=\"has-heading-font-family\">J Balvin internacionaliz\u00f3 el reguet\u00f3n con su propuesta est\u00e9tica y Bad Bunny irrumpi\u00f3 como una de las voces m\u00e1s influyentes de fin de d\u00e9cada, mezclando trap, reguet\u00f3n y discursos de g\u00e9nero (The Fader, 2019). En Chile, Mon Laferte alcanz\u00f3 reconocimiento internacional con <em>Am\u00e1rrame<\/em> (2017), mientras que el trap local liderado por Pablo Chill-E y Drefquila se transform\u00f3 en banda sonora de la juventud urbana y de la protesta social (Sounds and Colours, 2020).<\/p>\n\n\n\n<p class=\"has-heading-font-family\">Hacia el cierre de la d\u00e9cada, el K-pop irrumpi\u00f3 con fuerza. BTS y BLACKPINK se transformaron en fen\u00f3menos globales gracias a fandoms digitales masivos que movilizaban tendencias en Twitter y r\u00e9cords de reproducciones en YouTube (Billboard, 2018). El K-pop rompi\u00f3 la barrera ling\u00fc\u00edstica en Occidente y mostr\u00f3 c\u00f3mo la industria musical global pod\u00eda girar en torno a la potencia de comunidades digitales organizadas (The Atlantic, 2019).<\/p>\n<\/div>\n<\/div>\n<\/div>\n<\/div>\n<\/div>\n\n\n\n<div class=\"wp-block-media-text alignfull has-media-on-the-right is-stacked-on-mobile is-vertically-aligned-center is-style-default\" style=\"grid-template-columns:auto 30%\"><div class=\"wp-block-media-text__content\">\n<h2 class=\"wp-block-heading has-text-color has-x-large-font-size\" style=\"color:#000000\">Al finalizar 2019, la m\u00fasica ya no se conceb\u00eda sin el streaming, las redes sociales y el componente viral. Los 2010\u2019s consolidaron la globalizaci\u00f3n musical: el espa\u00f1ol y el coreano ingresaron a las listas angloparlantes, el trap y el reguet\u00f3n se establecieron como motores creativos y el pop aprendi\u00f3 a reinventarse frente a la diversidad de g\u00e9neros.<\/h2>\n<\/div><figure class=\"wp-block-media-text__media\"><img loading=\"lazy\" decoding=\"async\" width=\"677\" height=\"1024\" src=\"https:\/\/relatoshibridos.cl\/ElOyente\/wp-content\/uploads\/2025\/09\/bad-bunis-677x1024.jpg\" alt=\"\" class=\"wp-image-746 size-full\" srcset=\"https:\/\/relatoshibridos.cl\/ElOyente\/wp-content\/uploads\/2025\/09\/bad-bunis-677x1024.jpg 677w, https:\/\/relatoshibridos.cl\/ElOyente\/wp-content\/uploads\/2025\/09\/bad-bunis-198x300.jpg 198w, https:\/\/relatoshibridos.cl\/ElOyente\/wp-content\/uploads\/2025\/09\/bad-bunis-768x1162.jpg 768w, https:\/\/relatoshibridos.cl\/ElOyente\/wp-content\/uploads\/2025\/09\/bad-bunis.jpg 793w\" sizes=\"auto, (max-width: 677px) 100vw, 677px\" \/><\/figure><\/div>\n\n\n\n<p class=\"has-text-align-center\">A Bad Bunny le debe encantar esta cancion: <a href=\"https:\/\/www.youtube.com\/watch?v=dQw4w9WgXcQ\">https:\/\/www.youtube.com\/watch?v=dQw4w9WgXcQ<\/a><\/p>\n\n\n\n<p class=\"has-text-align-right has-heading-font-family has-large-font-size\">Bad Bunny<\/p>\n\n\n\n<div class=\"wp-block-group alignfull has-contrast-2-background-color has-background has-global-padding is-layout-constrained wp-container-core-group-is-layout-490fa1db wp-block-group-is-layout-constrained\" style=\"padding-top:var(--wp--preset--spacing--50);padding-right:var(--wp--preset--spacing--50);padding-bottom:var(--wp--preset--spacing--50);padding-left:var(--wp--preset--spacing--50)\">\n<div class=\"wp-block-group has-global-padding is-layout-constrained wp-container-core-group-is-layout-650790e1 wp-block-group-is-layout-constrained\">\n<h3 class=\"wp-block-heading has-text-align-center has-x-large-font-size\"><br>La D\u00e9cada de los 2010 dej\u00f3 como herencia un modelo donde la m\u00fasica se consume en tiempo real, con audiencias que no solo escuchan, sino que construyen fen\u00f3menos culturales. Los 2010\u2019s demostraron que la m\u00fasica no solo viaja m\u00e1s r\u00e1pido: tambi\u00e9n derriba fronteras, define movimientos sociales y moldea identidades globales.<\/h3>\n<\/div>\n<\/div>\n\n\n\n<div class=\"wp-block-group alignfull has-global-padding is-layout-constrained wp-container-core-group-is-layout-490fa1db wp-block-group-is-layout-constrained\" style=\"padding-top:var(--wp--preset--spacing--50);padding-right:var(--wp--preset--spacing--50);padding-bottom:var(--wp--preset--spacing--50);padding-left:var(--wp--preset--spacing--50)\">\n<div class=\"wp-block-group has-global-padding is-layout-constrained wp-container-core-group-is-layout-650790e1 wp-block-group-is-layout-constrained\">\n<h4 class=\"wp-block-heading has-text-align-center has-large-font-size\">\u00a1\u00a1Revisa nuestra selecci\u00f3n de videoclips recomendados por d\u00e9cada!!<\/h4>\n<\/div>\n\n\n\n<figure class=\"wp-block-embed aligncenter is-type-video is-provider-youtube wp-block-embed-youtube wp-embed-aspect-16-9 wp-has-aspect-ratio\"><div class=\"wp-block-embed__wrapper\">\n<iframe loading=\"lazy\" title=\"Beyonc\u00e9 - Formation (Official Video)\" width=\"500\" height=\"281\" src=\"https:\/\/www.youtube.com\/embed\/WDZJPJV__bQ?feature=oembed\" frameborder=\"0\" allow=\"accelerometer; autoplay; clipboard-write; encrypted-media; gyroscope; picture-in-picture; web-share\" referrerpolicy=\"strict-origin-when-cross-origin\" allowfullscreen><\/iframe>\n<\/div><\/figure>\n\n\n\n<figure class=\"wp-block-embed aligncenter is-type-video is-provider-youtube wp-block-embed-youtube wp-embed-aspect-16-9 wp-has-aspect-ratio\"><div class=\"wp-block-embed__wrapper\">\n<iframe loading=\"lazy\" title=\"PSY - GANGNAM STYLE(\uac15\ub0a8\uc2a4\ud0c0\uc77c) M\/V\" width=\"500\" height=\"281\" src=\"https:\/\/www.youtube.com\/embed\/9bZkp7q19f0?feature=oembed\" frameborder=\"0\" allow=\"accelerometer; autoplay; clipboard-write; encrypted-media; gyroscope; picture-in-picture; web-share\" referrerpolicy=\"strict-origin-when-cross-origin\" allowfullscreen><\/iframe>\n<\/div><\/figure>\n\n\n\n<figure class=\"wp-block-embed aligncenter is-type-video is-provider-youtube wp-block-embed-youtube wp-embed-aspect-16-9 wp-has-aspect-ratio\"><div class=\"wp-block-embed__wrapper\">\n<iframe loading=\"lazy\" title=\"Rihanna - We Found Love ft. Calvin Harris\" width=\"500\" height=\"281\" src=\"https:\/\/www.youtube.com\/embed\/tg00YEETFzg?feature=oembed\" frameborder=\"0\" allow=\"accelerometer; autoplay; clipboard-write; encrypted-media; gyroscope; picture-in-picture; web-share\" referrerpolicy=\"strict-origin-when-cross-origin\" allowfullscreen><\/iframe>\n<\/div><\/figure>\n\n\n\n\n\n\n\n<p class=\"has-text-align-center\"><strong>Pasate a leer:<a href=\" https:\/\/relatoshibridos.cl\/ElOyente\/la-decada-de-los-2020\/\"> https:\/\/relatoshibridos.cl\/ElOyente\/la-decada-de-los-2020\/<\/a><\/strong><\/p>\n<\/div>\n\n\n\n<p>Lorem Ipsum has been the industry&#8217;s standard dummy text ever since the 1500s.<\/p>\n","protected":false},"excerpt":{"rendered":"<p>Justin Bieber La d\u00e9cada de los 2010\u2019s marc\u00f3 un antes y un despu\u00e9s en la forma de consumir m\u00fasica. Si en los 2000\u2019s el MP3 y YouTube hab\u00edan iniciado la transici\u00f3n digital, los 2010\u2019s consolidaron definitivamente al streaming como la v\u00eda principal de acceso. Spotify, lanzado en 2008 y expandido globalmente en los a\u00f1os siguientes, [&hellip;]<\/p>\n","protected":false},"author":1,"featured_media":0,"parent":0,"menu_order":0,"comment_status":"closed","ping_status":"closed","template":"","meta":{"om_disable_all_campaigns":false,"pagelayer_contact_templates":[],"_pagelayer_content":"","footnotes":""},"class_list":["post-745","page","type-page","status-publish","hentry"],"yoast_head":"<!-- This site is optimized with the Yoast SEO plugin v27.1.1 - https:\/\/yoast.com\/product\/yoast-seo-wordpress\/ -->\n<title>La D\u00e9cada de los 2010 en la M\u00fasica y su Evoluci\u00f3n<\/title>\n<meta name=\"description\" content=\"La D\u00e9cada de los 2010 en la M\u00fasica y su Evoluci\u00f3n, Bieber, Despacito, el inicio del Kpop y el reguet\u00f3n a nivel mundial, ven y date una vuelta.\" \/>\n<meta name=\"robots\" content=\"index, follow, max-snippet:-1, max-image-preview:large, max-video-preview:-1\" \/>\n<link rel=\"canonical\" href=\"https:\/\/relatoshibridos.cl\/ElOyente\/la-decada-de-los-2010\/\" \/>\n<meta property=\"og:locale\" content=\"es_ES\" \/>\n<meta property=\"og:type\" content=\"article\" \/>\n<meta property=\"og:title\" content=\"La D\u00e9cada de los 2010 en la M\u00fasica y su Evoluci\u00f3n\" \/>\n<meta property=\"og:description\" content=\"La D\u00e9cada de los 2010 en la M\u00fasica y su Evoluci\u00f3n, Bieber, Despacito, el inicio del Kpop y el reguet\u00f3n a nivel mundial, ven y date una vuelta.\" \/>\n<meta property=\"og:url\" content=\"https:\/\/relatoshibridos.cl\/ElOyente\/la-decada-de-los-2010\/\" \/>\n<meta property=\"og:site_name\" content=\"El Oyente\" \/>\n<meta property=\"article:modified_time\" content=\"2025-10-21T19:22:49+00:00\" \/>\n<meta property=\"og:image\" content=\"https:\/\/upload.wikimedia.org\/wikipedia\/commons\/thumb\/0\/0d\/Justin_Bieber_20161111_009-2_%28cropped%29.jpg\/960px-Justin_Bieber_20161111_009-2_%28cropped%29.jpg?20220416033631\" \/>\n<meta name=\"twitter:card\" content=\"summary_large_image\" \/>\n<meta name=\"twitter:label1\" content=\"Tiempo de lectura\" \/>\n\t<meta name=\"twitter:data1\" content=\"4 minutos\" \/>\n<script type=\"application\/ld+json\" class=\"yoast-schema-graph\">{\"@context\":\"https:\/\/schema.org\",\"@graph\":[{\"@type\":\"WebPage\",\"@id\":\"https:\/\/relatoshibridos.cl\/ElOyente\/la-decada-de-los-2010\/\",\"url\":\"https:\/\/relatoshibridos.cl\/ElOyente\/la-decada-de-los-2010\/\",\"name\":\"La D\u00e9cada de los 2010 en la M\u00fasica y su Evoluci\u00f3n\",\"isPartOf\":{\"@id\":\"https:\/\/relatoshibridos.cl\/ElOyente\/#website\"},\"primaryImageOfPage\":{\"@id\":\"https:\/\/relatoshibridos.cl\/ElOyente\/la-decada-de-los-2010\/#primaryimage\"},\"image\":{\"@id\":\"https:\/\/relatoshibridos.cl\/ElOyente\/la-decada-de-los-2010\/#primaryimage\"},\"thumbnailUrl\":\"https:\/\/upload.wikimedia.org\/wikipedia\/commons\/thumb\/0\/0d\/Justin_Bieber_20161111_009-2_%28cropped%29.jpg\/960px-Justin_Bieber_20161111_009-2_%28cropped%29.jpg?20220416033631\",\"datePublished\":\"2025-09-08T02:48:50+00:00\",\"dateModified\":\"2025-10-21T19:22:49+00:00\",\"description\":\"La D\u00e9cada de los 2010 en la M\u00fasica y su Evoluci\u00f3n, Bieber, Despacito, el inicio del Kpop y el reguet\u00f3n a nivel mundial, ven y date una vuelta.\",\"breadcrumb\":{\"@id\":\"https:\/\/relatoshibridos.cl\/ElOyente\/la-decada-de-los-2010\/#breadcrumb\"},\"inLanguage\":\"es\",\"potentialAction\":[{\"@type\":\"ReadAction\",\"target\":[\"https:\/\/relatoshibridos.cl\/ElOyente\/la-decada-de-los-2010\/\"]}]},{\"@type\":\"ImageObject\",\"inLanguage\":\"es\",\"@id\":\"https:\/\/relatoshibridos.cl\/ElOyente\/la-decada-de-los-2010\/#primaryimage\",\"url\":\"https:\/\/upload.wikimedia.org\/wikipedia\/commons\/thumb\/0\/0d\/Justin_Bieber_20161111_009-2_%28cropped%29.jpg\/960px-Justin_Bieber_20161111_009-2_%28cropped%29.jpg?20220416033631\",\"contentUrl\":\"https:\/\/upload.wikimedia.org\/wikipedia\/commons\/thumb\/0\/0d\/Justin_Bieber_20161111_009-2_%28cropped%29.jpg\/960px-Justin_Bieber_20161111_009-2_%28cropped%29.jpg?20220416033631\"},{\"@type\":\"BreadcrumbList\",\"@id\":\"https:\/\/relatoshibridos.cl\/ElOyente\/la-decada-de-los-2010\/#breadcrumb\",\"itemListElement\":[{\"@type\":\"ListItem\",\"position\":1,\"name\":\"Portada\",\"item\":\"https:\/\/relatoshibridos.cl\/ElOyente\/\"},{\"@type\":\"ListItem\",\"position\":2,\"name\":\"Entrada: Del Baby de Bieber al Despacito global\"}]},{\"@type\":\"WebSite\",\"@id\":\"https:\/\/relatoshibridos.cl\/ElOyente\/#website\",\"url\":\"https:\/\/relatoshibridos.cl\/ElOyente\/\",\"name\":\"El Oyente\",\"description\":\"En el Oyente viajamos a trav\u00e9s de las d\u00e9cadas para descubrir c\u00f3mo ha evolucionado el sonido que nos acompa\u00f1a. Desde los vibrantes a\u00f1os 70&#039;s hasta los virtuales 2020&#039;s, repasamos a los artistas m\u00e1s influyentes, los tracks que marcaron cada \u00e9poca y los g\u00e9neros que definieron tendencias.\",\"publisher\":{\"@id\":\"https:\/\/relatoshibridos.cl\/ElOyente\/#organization\"},\"potentialAction\":[{\"@type\":\"SearchAction\",\"target\":{\"@type\":\"EntryPoint\",\"urlTemplate\":\"https:\/\/relatoshibridos.cl\/ElOyente\/?s={search_term_string}\"},\"query-input\":{\"@type\":\"PropertyValueSpecification\",\"valueRequired\":true,\"valueName\":\"search_term_string\"}}],\"inLanguage\":\"es\"},{\"@type\":\"Organization\",\"@id\":\"https:\/\/relatoshibridos.cl\/ElOyente\/#organization\",\"name\":\"El Oyente\",\"url\":\"https:\/\/relatoshibridos.cl\/ElOyente\/\",\"logo\":{\"@type\":\"ImageObject\",\"inLanguage\":\"es\",\"@id\":\"https:\/\/relatoshibridos.cl\/ElOyente\/#\/schema\/logo\/image\/\",\"url\":\"https:\/\/relatoshibridos.cl\/ElOyente\/wp-content\/uploads\/2025\/08\/eloyo.png\",\"contentUrl\":\"https:\/\/relatoshibridos.cl\/ElOyente\/wp-content\/uploads\/2025\/08\/eloyo.png\",\"width\":855,\"height\":270,\"caption\":\"El Oyente\"},\"image\":{\"@id\":\"https:\/\/relatoshibridos.cl\/ElOyente\/#\/schema\/logo\/image\/\"}}]}<\/script>\n<!-- \/ Yoast SEO plugin. -->","yoast_head_json":{"title":"La D\u00e9cada de los 2010 en la M\u00fasica y su Evoluci\u00f3n","description":"La D\u00e9cada de los 2010 en la M\u00fasica y su Evoluci\u00f3n, Bieber, Despacito, el inicio del Kpop y el reguet\u00f3n a nivel mundial, ven y date una vuelta.","robots":{"index":"index","follow":"follow","max-snippet":"max-snippet:-1","max-image-preview":"max-image-preview:large","max-video-preview":"max-video-preview:-1"},"canonical":"https:\/\/relatoshibridos.cl\/ElOyente\/la-decada-de-los-2010\/","og_locale":"es_ES","og_type":"article","og_title":"La D\u00e9cada de los 2010 en la M\u00fasica y su Evoluci\u00f3n","og_description":"La D\u00e9cada de los 2010 en la M\u00fasica y su Evoluci\u00f3n, Bieber, Despacito, el inicio del Kpop y el reguet\u00f3n a nivel mundial, ven y date una vuelta.","og_url":"https:\/\/relatoshibridos.cl\/ElOyente\/la-decada-de-los-2010\/","og_site_name":"El Oyente","article_modified_time":"2025-10-21T19:22:49+00:00","og_image":[{"url":"https:\/\/upload.wikimedia.org\/wikipedia\/commons\/thumb\/0\/0d\/Justin_Bieber_20161111_009-2_%28cropped%29.jpg\/960px-Justin_Bieber_20161111_009-2_%28cropped%29.jpg?20220416033631","type":"","width":"","height":""}],"twitter_card":"summary_large_image","twitter_misc":{"Tiempo de lectura":"4 minutos"},"schema":{"@context":"https:\/\/schema.org","@graph":[{"@type":"WebPage","@id":"https:\/\/relatoshibridos.cl\/ElOyente\/la-decada-de-los-2010\/","url":"https:\/\/relatoshibridos.cl\/ElOyente\/la-decada-de-los-2010\/","name":"La D\u00e9cada de los 2010 en la M\u00fasica y su Evoluci\u00f3n","isPartOf":{"@id":"https:\/\/relatoshibridos.cl\/ElOyente\/#website"},"primaryImageOfPage":{"@id":"https:\/\/relatoshibridos.cl\/ElOyente\/la-decada-de-los-2010\/#primaryimage"},"image":{"@id":"https:\/\/relatoshibridos.cl\/ElOyente\/la-decada-de-los-2010\/#primaryimage"},"thumbnailUrl":"https:\/\/upload.wikimedia.org\/wikipedia\/commons\/thumb\/0\/0d\/Justin_Bieber_20161111_009-2_%28cropped%29.jpg\/960px-Justin_Bieber_20161111_009-2_%28cropped%29.jpg?20220416033631","datePublished":"2025-09-08T02:48:50+00:00","dateModified":"2025-10-21T19:22:49+00:00","description":"La D\u00e9cada de los 2010 en la M\u00fasica y su Evoluci\u00f3n, Bieber, Despacito, el inicio del Kpop y el reguet\u00f3n a nivel mundial, ven y date una vuelta.","breadcrumb":{"@id":"https:\/\/relatoshibridos.cl\/ElOyente\/la-decada-de-los-2010\/#breadcrumb"},"inLanguage":"es","potentialAction":[{"@type":"ReadAction","target":["https:\/\/relatoshibridos.cl\/ElOyente\/la-decada-de-los-2010\/"]}]},{"@type":"ImageObject","inLanguage":"es","@id":"https:\/\/relatoshibridos.cl\/ElOyente\/la-decada-de-los-2010\/#primaryimage","url":"https:\/\/upload.wikimedia.org\/wikipedia\/commons\/thumb\/0\/0d\/Justin_Bieber_20161111_009-2_%28cropped%29.jpg\/960px-Justin_Bieber_20161111_009-2_%28cropped%29.jpg?20220416033631","contentUrl":"https:\/\/upload.wikimedia.org\/wikipedia\/commons\/thumb\/0\/0d\/Justin_Bieber_20161111_009-2_%28cropped%29.jpg\/960px-Justin_Bieber_20161111_009-2_%28cropped%29.jpg?20220416033631"},{"@type":"BreadcrumbList","@id":"https:\/\/relatoshibridos.cl\/ElOyente\/la-decada-de-los-2010\/#breadcrumb","itemListElement":[{"@type":"ListItem","position":1,"name":"Portada","item":"https:\/\/relatoshibridos.cl\/ElOyente\/"},{"@type":"ListItem","position":2,"name":"Entrada: Del Baby de Bieber al Despacito global"}]},{"@type":"WebSite","@id":"https:\/\/relatoshibridos.cl\/ElOyente\/#website","url":"https:\/\/relatoshibridos.cl\/ElOyente\/","name":"El Oyente","description":"En el Oyente viajamos a trav\u00e9s de las d\u00e9cadas para descubrir c\u00f3mo ha evolucionado el sonido que nos acompa\u00f1a. Desde los vibrantes a\u00f1os 70&#039;s hasta los virtuales 2020&#039;s, repasamos a los artistas m\u00e1s influyentes, los tracks que marcaron cada \u00e9poca y los g\u00e9neros que definieron tendencias.","publisher":{"@id":"https:\/\/relatoshibridos.cl\/ElOyente\/#organization"},"potentialAction":[{"@type":"SearchAction","target":{"@type":"EntryPoint","urlTemplate":"https:\/\/relatoshibridos.cl\/ElOyente\/?s={search_term_string}"},"query-input":{"@type":"PropertyValueSpecification","valueRequired":true,"valueName":"search_term_string"}}],"inLanguage":"es"},{"@type":"Organization","@id":"https:\/\/relatoshibridos.cl\/ElOyente\/#organization","name":"El Oyente","url":"https:\/\/relatoshibridos.cl\/ElOyente\/","logo":{"@type":"ImageObject","inLanguage":"es","@id":"https:\/\/relatoshibridos.cl\/ElOyente\/#\/schema\/logo\/image\/","url":"https:\/\/relatoshibridos.cl\/ElOyente\/wp-content\/uploads\/2025\/08\/eloyo.png","contentUrl":"https:\/\/relatoshibridos.cl\/ElOyente\/wp-content\/uploads\/2025\/08\/eloyo.png","width":855,"height":270,"caption":"El Oyente"},"image":{"@id":"https:\/\/relatoshibridos.cl\/ElOyente\/#\/schema\/logo\/image\/"}}]}},"_links":{"self":[{"href":"https:\/\/relatoshibridos.cl\/ElOyente\/wp-json\/wp\/v2\/pages\/745","targetHints":{"allow":["GET"]}}],"collection":[{"href":"https:\/\/relatoshibridos.cl\/ElOyente\/wp-json\/wp\/v2\/pages"}],"about":[{"href":"https:\/\/relatoshibridos.cl\/ElOyente\/wp-json\/wp\/v2\/types\/page"}],"author":[{"embeddable":true,"href":"https:\/\/relatoshibridos.cl\/ElOyente\/wp-json\/wp\/v2\/users\/1"}],"replies":[{"embeddable":true,"href":"https:\/\/relatoshibridos.cl\/ElOyente\/wp-json\/wp\/v2\/comments?post=745"}],"version-history":[{"count":6,"href":"https:\/\/relatoshibridos.cl\/ElOyente\/wp-json\/wp\/v2\/pages\/745\/revisions"}],"predecessor-version":[{"id":1386,"href":"https:\/\/relatoshibridos.cl\/ElOyente\/wp-json\/wp\/v2\/pages\/745\/revisions\/1386"}],"wp:attachment":[{"href":"https:\/\/relatoshibridos.cl\/ElOyente\/wp-json\/wp\/v2\/media?parent=745"}],"curies":[{"name":"wp","href":"https:\/\/api.w.org\/{rel}","templated":true}]}}