{"id":781,"date":"2025-09-08T03:32:03","date_gmt":"2025-09-08T03:32:03","guid":{"rendered":"https:\/\/relatoshibridos.cl\/ElOyente\/?page_id=781"},"modified":"2025-11-18T15:03:48","modified_gmt":"2025-11-18T15:03:48","slug":"la-decada-de-los-70","status":"publish","type":"page","link":"https:\/\/relatoshibridos.cl\/ElOyente\/la-decada-de-los-70\/","title":{"rendered":"Entrada: Cuando el mundo se visti\u00f3 de vinilo"},"content":{"rendered":"\n<h1>Los 70: Cuando el mundo se visti\u00f3 de vinilo &#8211; La d\u00e9cada de los 70<\/h1>\n\n\n\n<div class=\"wp-block-group alignfull has-contrast-2-background-color has-background has-global-padding is-layout-constrained wp-container-core-group-is-layout-669513ed wp-block-group-is-layout-constrained\" style=\"margin-top:0;margin-bottom:0;padding-top:var(--wp--preset--spacing--50);padding-right:var(--wp--preset--spacing--50);padding-bottom:var(--wp--preset--spacing--50);padding-left:var(--wp--preset--spacing--50)\">\n<div class=\"wp-block-columns alignwide is-layout-flex wp-container-core-columns-is-layout-1da03c2a wp-block-columns-is-layout-flex\">\n<div class=\"wp-block-column is-vertically-aligned-stretch is-layout-flow wp-block-column-is-layout-flow\" style=\"flex-basis:50%\">\n<div class=\"wp-block-group is-vertical is-content-justification-stretch is-layout-flex wp-container-core-group-is-layout-444d5ee8 wp-block-group-is-layout-flex\" style=\"min-height:100%\">\n<figure class=\"wp-block-image size-large is-resized is-style-rounded is-style-rounded--1\"><img decoding=\"async\" src=\"https:\/\/upload.wikimedia.org\/wikipedia\/commons\/b\/b4\/The_Thin_White_Duke_76.jpg?20110125015234\" alt=\"Una rampa a lo largo de una pared curva en el Museo Kiasma, Helsinki, Finlandia\" style=\"width:544px;height:auto\"\/><\/figure>\n\n\n\n<p class=\"has-text-align-center has-heading-font-family has-large-font-size\">David Bowie<\/p>\n<\/div>\n<\/div>\n\n\n\n<div class=\"wp-block-column is-vertically-aligned-center is-layout-flow wp-block-column-is-layout-flow\" style=\"flex-basis:50%\">\n<p class=\"has-heading-font-family has-x-large-font-size\" style=\"line-height:1.2\">La d\u00e9cada de los 70: Durante los a\u00f1os setenta existi\u00f3 un verdadero hervidero cultural, una \u00e9poca donde la m\u00fasica se pint\u00f3 de contrastes y resonancias de las tensiones sociales, luchas pol\u00edticas y deseos de liberaci\u00f3n. Entre las dictaduras latinoamericanas, la crisis econ\u00f3mica del viejo continente, el desencanto del p\u00fablico tras Vietnam y la explosi\u00f3n de movimientos juveniles, cada g\u00e9nero encontr\u00f3 el camino hacia la reinvenci\u00f3n.&nbsp;<br><\/p>\n<\/div>\n<\/div>\n<\/div>\n\n\n\n<div class=\"wp-block-group alignfull has-global-padding is-layout-constrained wp-container-core-group-is-layout-d89aad35 wp-block-group-is-layout-constrained\" style=\"margin-top:0;margin-bottom:0;padding-top:var(--wp--preset--spacing--50);padding-right:var(--wp--preset--spacing--50);padding-bottom:var(--wp--preset--spacing--50);padding-left:var(--wp--preset--spacing--50)\">\n<div class=\"wp-block-columns alignwide is-layout-flex wp-container-core-columns-is-layout-549b0c86 wp-block-columns-is-layout-flex\">\n<div class=\"wp-block-column has-global-padding is-content-justification-left is-layout-constrained wp-container-core-column-is-layout-4f15e8fe wp-block-column-is-layout-constrained\" style=\"flex-basis:40%\">\n<p class=\"has-heading-font-family\" style=\"font-size:clamp(0.875rem, 0.875rem + ((1vw - 0.2rem) * 0.542), 1.2rem);\">En el plano anglosaj\u00f3n, el rock encontr\u00f3 una diversidad de caminos. El punk, con bandas ic\u00f3nicas como Sex Pistols, The Clash y Ramones, logr\u00f3 irrumpir con un grito de rabia contra el sistema y la industria musical. Mientras que, desde el otro extremo, el rock progresivo de Pink Floyd, Deep Purple o Yes apost\u00f3 por la experimentaci\u00f3n y nuevos sonidos. Desde otra parada, el glam rock de David Bowie introdujo una forma de teatralidad en su m\u00fasica y en los escenarios.<\/p>\n<\/div>\n\n\n\n<div class=\"wp-block-column is-layout-flow wp-container-core-column-is-layout-119bc444 wp-block-column-is-layout-flow\" style=\"flex-basis:60%\">\n<p class=\"has-heading-font-family has-x-large-font-size\" style=\"line-height:1.2\">Es en medio de esa efervescencia donde se consolida la coronaci\u00f3n del monarca indiscutido de la d\u00e9cada. <\/p>\n\n\n\n<div class=\"wp-block-columns is-layout-flex wp-container-core-columns-is-layout-87beb0d0 wp-block-columns-is-layout-flex\">\n<div class=\"wp-block-column is-layout-flow wp-block-column-is-layout-flow\">\n<p class=\"has-heading-font-family wp-container-content-9cfa9a5a\">Queen, la m\u00edtica banda brit\u00e1nica liderada por el showman con la considerada mejor voz de la historia, Freddie Mercury, logr\u00f3 algo que pocos hubieran tenido el privilegio de so\u00f1ar.<br>Uni\u00f3 su virtud musical, un espect\u00e1culo visual y una conexi\u00f3n inquebrantable con el p\u00fablico a trav\u00e9s de himnos como Bohemian Rhapsody, una obra maestra que logr\u00f3 redefinir los l\u00edmites del rock conocido, combinando \u00f3pera, hard rock y balada en algo que signific\u00f3 un antes y un despu\u00e9s en la historia.<br><\/p>\n<\/div>\n\n\n\n<div class=\"wp-block-column is-layout-flow wp-block-column-is-layout-flow\">\n<p class=\"has-heading-font-family\">Con obras como Killer Queen, Somebody to Love, We Will Rock You o Don\u2019t Stop Me Now, la reina se consagr\u00f3 como el mayor exponente de la \u00e9poca, uniendo a millones de fan\u00e1ticos alrededor del mundo bajo la potencia de su m\u00fasica.&nbsp;<br><br>Al mismo tiempo, otros g\u00e9neros tambi\u00e9n lograron encontrar su sonido. El disco, de la mano de los Bee Gees y Donna Summer, encend\u00eda las pistas de baile en plena liberaci\u00f3n sexual, mientras que el funk y el soul de artistas como James Brown o Stevie Wonder reflejaban la incansable lucha afroamericana por la igualdad,&nbsp;<br><\/p>\n<\/div>\n<\/div>\n<\/div>\n<\/div>\n<\/div>\n\n\n\n<p class=\"has-text-align-right has-heading-font-family has-large-font-size\">Los Jaivas          <\/p>\n\n\n\n<div class=\"wp-block-media-text alignfull has-media-on-the-right is-stacked-on-mobile is-vertically-aligned-center is-style-default has-background\" style=\"background-color:#7b1fc2;grid-template-columns:auto 46%\"><div class=\"wp-block-media-text__content\">\n<h2 class=\"wp-block-heading has-text-color has-large-font-size\" style=\"color:#000000\">En el plano latinoamericano, la m\u00fasica adquiri\u00f3 un car\u00e1cter de resiliencia y resistencia. En Chile, artistas como V\u00edctor Jara o Los Jaivas transformaron la canci\u00f3n en un arma cultural en contra de la dictadura. Al otro lado de la cordillera, en Argentina, estrellas como Charly Garc\u00eda o Spinetta se convirtieron en refugio y expresi\u00f3n de una juventud cansada de ser sometida a represiones. En Cuba se combinaba poes\u00eda y compromiso pol\u00edtico a trav\u00e9s de las armon\u00edas de la Nueva Trova, Silvio Rodr\u00edguez y Pablo Milan\u00e9s.<\/h2>\n<\/div><figure class=\"wp-block-media-text__media\"><img loading=\"lazy\" decoding=\"async\" width=\"750\" height=\"683\" src=\"https:\/\/relatoshibridos.cl\/ElOyente\/wp-content\/uploads\/2025\/09\/Los_Jaivas_1972.jpg\" alt=\"\" class=\"wp-image-782 size-full\" srcset=\"https:\/\/relatoshibridos.cl\/ElOyente\/wp-content\/uploads\/2025\/09\/Los_Jaivas_1972.jpg 750w, https:\/\/relatoshibridos.cl\/ElOyente\/wp-content\/uploads\/2025\/09\/Los_Jaivas_1972-300x273.jpg 300w\" sizes=\"auto, (max-width: 750px) 100vw, 750px\" \/><\/figure><\/div>\n\n\n\n<div class=\"wp-block-group alignfull has-global-padding is-layout-constrained wp-container-core-group-is-layout-669513ed wp-block-group-is-layout-constrained\" style=\"margin-top:0;margin-bottom:0;padding-top:var(--wp--preset--spacing--50);padding-right:var(--wp--preset--spacing--50);padding-bottom:var(--wp--preset--spacing--50);padding-left:var(--wp--preset--spacing--50)\">\n<div class=\"wp-block-group is-vertical is-content-justification-center is-layout-flex wp-container-core-group-is-layout-ce155fab wp-block-group-is-layout-flex\">\n<h2 class=\"wp-block-heading has-text-align-center has-xx-large-font-size\">En definitiva, los setenta fueron una d\u00e9cada de m\u00faltiples voces unidas. Melod\u00edas de protesta, de fiesta, de ruptura y de esperanza en una \u00e9poca donde la m\u00fasica, m\u00e1s que un sonido, fue un lenguaje de libertad. &#8211; La d\u00e9cada de los 70<\/h2>\n<\/div>\n\n\n\n<p class=\"has-text-align-center\">\u00a1\u00a1Quieres escuchar algo entretenido, cliquea aqui!!<\/p>\n\n\n\n<p class=\"has-text-align-center\"><a href=\"https:\/\/www.youtube.com\/watch?v=dQw4w9WgXcQe\">https:\/\/www.youtube.com\/watch?v=dQw4w9WgXcQe<\/a><\/p>\n<\/div>\n\n\n\n<div class=\"wp-block-group alignfull has-global-padding is-layout-constrained wp-container-core-group-is-layout-669513ed wp-block-group-is-layout-constrained\" style=\"margin-top:0;margin-bottom:0;padding-top:var(--wp--preset--spacing--50);padding-right:var(--wp--preset--spacing--50);padding-bottom:var(--wp--preset--spacing--50);padding-left:var(--wp--preset--spacing--50)\">\n<div class=\"wp-block-group is-vertical is-content-justification-center is-layout-flex wp-container-core-group-is-layout-ce155fab wp-block-group-is-layout-flex\">\n<h2 class=\"wp-block-heading has-text-align-center has-large-font-size\">\u00a1\u00a1Revisa nuestra selecci\u00f3n de videoclips recomendados por d\u00e9cada!!<\/h2>\n<\/div>\n\n\n\n<div style=\"height:var(--wp--preset--spacing--30)\" aria-hidden=\"true\" class=\"wp-block-spacer\"><\/div>\n\n\n\n<figure class=\"wp-block-embed is-type-video is-provider-youtube wp-block-embed-youtube wp-embed-aspect-16-9 wp-has-aspect-ratio\"><div class=\"wp-block-embed__wrapper\">\n<iframe loading=\"lazy\" title=\"Queen \u2013 Bohemian Rhapsody (Official Video Remastered)\" width=\"500\" height=\"281\" src=\"https:\/\/www.youtube.com\/embed\/fJ9rUzIMcZQ?feature=oembed\" frameborder=\"0\" allow=\"accelerometer; autoplay; clipboard-write; encrypted-media; gyroscope; picture-in-picture; web-share\" referrerpolicy=\"strict-origin-when-cross-origin\" allowfullscreen><\/iframe>\n<\/div><\/figure>\n\n\n\n<figure class=\"wp-block-embed is-type-video is-provider-youtube wp-block-embed-youtube wp-embed-aspect-4-3 wp-has-aspect-ratio\"><div class=\"wp-block-embed__wrapper\">\n<iframe loading=\"lazy\" title=\"The Buggles - Video Killed The Radio Star (Official Music Video)\" width=\"500\" height=\"375\" src=\"https:\/\/www.youtube.com\/embed\/W8r-tXRLazs?feature=oembed\" frameborder=\"0\" allow=\"accelerometer; autoplay; clipboard-write; encrypted-media; gyroscope; picture-in-picture; web-share\" referrerpolicy=\"strict-origin-when-cross-origin\" allowfullscreen><\/iframe>\n<\/div><\/figure>\n\n\n\n<figure class=\"wp-block-embed is-type-video is-provider-youtube wp-block-embed-youtube wp-embed-aspect-16-9 wp-has-aspect-ratio\"><div class=\"wp-block-embed__wrapper\">\n<iframe loading=\"lazy\" title=\"Blondie - Heart Of Glass\" width=\"500\" height=\"281\" src=\"https:\/\/www.youtube.com\/embed\/WGU_4-5RaxU?feature=oembed\" frameborder=\"0\" allow=\"accelerometer; autoplay; clipboard-write; encrypted-media; gyroscope; picture-in-picture; web-share\" referrerpolicy=\"strict-origin-when-cross-origin\" allowfullscreen><\/iframe>\n<\/div><\/figure>\n\n\n\n<p>\u00bfQuieres seguir con los 80? : <\/p>\n\n\n\n\n\n\n\n<p class=\"has-text-align-center\"><strong>Si te gusto este contenido te recomendamos leer este: <a href=\"https:\/\/relatoshibridos.cl\/ElOyente\/sintetizadores-maquillajes-llamativos-y-heavy-metal-bienvenidos-a-los-80-la-decada-de-los-80-en-la-musica-y-su-evolucion\/\">https:\/\/relatoshibridos.cl\/ElOyente\/sintetizadores-maquillajes-llamativos-y-heavy-metal-bienvenidos-a-los-80-la-decada-de-los-80-en-la-musica-y-su-evolucion\/<\/a><\/strong><\/p>\n<\/div>\n","protected":false},"excerpt":{"rendered":"<p>David Bowie La d\u00e9cada de los 70: Durante los a\u00f1os setenta existi\u00f3 un verdadero hervidero cultural, una \u00e9poca donde la m\u00fasica se pint\u00f3 de contrastes y resonancias de las tensiones sociales, luchas pol\u00edticas y deseos de liberaci\u00f3n. Entre las dictaduras latinoamericanas, la crisis econ\u00f3mica del viejo continente, el desencanto del p\u00fablico tras Vietnam y la [&hellip;]<\/p>\n","protected":false},"author":1,"featured_media":0,"parent":0,"menu_order":0,"comment_status":"closed","ping_status":"closed","template":"","meta":{"om_disable_all_campaigns":false,"pagelayer_contact_templates":[],"_pagelayer_content":"","footnotes":""},"class_list":["post-781","page","type-page","status-publish","hentry"],"yoast_head":"<!-- This site is optimized with the Yoast SEO plugin v27.1.1 - https:\/\/yoast.com\/product\/yoast-seo-wordpress\/ -->\n<title>La d\u00e9cada de los 70<\/title>\n<meta name=\"description\" content=\"Explora La d\u00e9cada de los 70 cuando el mundo se visti\u00f3 de vinilo y descubra c\u00f3mo la m\u00fasica reflej\u00f3 tensiones sociales y pol\u00edticas.\" \/>\n<meta name=\"robots\" content=\"index, follow, max-snippet:-1, max-image-preview:large, max-video-preview:-1\" \/>\n<link rel=\"canonical\" href=\"https:\/\/relatoshibridos.cl\/ElOyente\/la-decada-de-los-70\/\" \/>\n<meta property=\"og:locale\" content=\"es_ES\" \/>\n<meta property=\"og:type\" content=\"article\" \/>\n<meta property=\"og:title\" content=\"La d\u00e9cada de los 70\" \/>\n<meta property=\"og:description\" content=\"Explora La d\u00e9cada de los 70 cuando el mundo se visti\u00f3 de vinilo y descubra c\u00f3mo la m\u00fasica reflej\u00f3 tensiones sociales y pol\u00edticas.\" \/>\n<meta property=\"og:url\" content=\"https:\/\/relatoshibridos.cl\/ElOyente\/la-decada-de-los-70\/\" \/>\n<meta property=\"og:site_name\" content=\"El Oyente\" \/>\n<meta property=\"article:modified_time\" content=\"2025-11-18T15:03:48+00:00\" \/>\n<meta property=\"og:image\" content=\"https:\/\/upload.wikimedia.org\/wikipedia\/commons\/b\/b4\/The_Thin_White_Duke_76.jpg?20110125015234\" \/>\n<meta name=\"twitter:card\" content=\"summary_large_image\" \/>\n<meta name=\"twitter:label1\" content=\"Tiempo de lectura\" \/>\n\t<meta name=\"twitter:data1\" content=\"3 minutos\" \/>\n<script type=\"application\/ld+json\" class=\"yoast-schema-graph\">{\"@context\":\"https:\/\/schema.org\",\"@graph\":[{\"@type\":\"WebPage\",\"@id\":\"https:\/\/relatoshibridos.cl\/ElOyente\/la-decada-de-los-70\/\",\"url\":\"https:\/\/relatoshibridos.cl\/ElOyente\/la-decada-de-los-70\/\",\"name\":\"La d\u00e9cada de los 70\",\"isPartOf\":{\"@id\":\"https:\/\/relatoshibridos.cl\/ElOyente\/#website\"},\"primaryImageOfPage\":{\"@id\":\"https:\/\/relatoshibridos.cl\/ElOyente\/la-decada-de-los-70\/#primaryimage\"},\"image\":{\"@id\":\"https:\/\/relatoshibridos.cl\/ElOyente\/la-decada-de-los-70\/#primaryimage\"},\"thumbnailUrl\":\"https:\/\/upload.wikimedia.org\/wikipedia\/commons\/b\/b4\/The_Thin_White_Duke_76.jpg?20110125015234\",\"datePublished\":\"2025-09-08T03:32:03+00:00\",\"dateModified\":\"2025-11-18T15:03:48+00:00\",\"description\":\"Explora La d\u00e9cada de los 70 cuando el mundo se visti\u00f3 de vinilo y descubra c\u00f3mo la m\u00fasica reflej\u00f3 tensiones sociales y pol\u00edticas.\",\"breadcrumb\":{\"@id\":\"https:\/\/relatoshibridos.cl\/ElOyente\/la-decada-de-los-70\/#breadcrumb\"},\"inLanguage\":\"es\",\"potentialAction\":[{\"@type\":\"ReadAction\",\"target\":[\"https:\/\/relatoshibridos.cl\/ElOyente\/la-decada-de-los-70\/\"]}]},{\"@type\":\"ImageObject\",\"inLanguage\":\"es\",\"@id\":\"https:\/\/relatoshibridos.cl\/ElOyente\/la-decada-de-los-70\/#primaryimage\",\"url\":\"https:\/\/upload.wikimedia.org\/wikipedia\/commons\/b\/b4\/The_Thin_White_Duke_76.jpg?20110125015234\",\"contentUrl\":\"https:\/\/upload.wikimedia.org\/wikipedia\/commons\/b\/b4\/The_Thin_White_Duke_76.jpg?20110125015234\"},{\"@type\":\"BreadcrumbList\",\"@id\":\"https:\/\/relatoshibridos.cl\/ElOyente\/la-decada-de-los-70\/#breadcrumb\",\"itemListElement\":[{\"@type\":\"ListItem\",\"position\":1,\"name\":\"Portada\",\"item\":\"https:\/\/relatoshibridos.cl\/ElOyente\/\"},{\"@type\":\"ListItem\",\"position\":2,\"name\":\"Entrada: Cuando el mundo se visti\u00f3 de vinilo\"}]},{\"@type\":\"WebSite\",\"@id\":\"https:\/\/relatoshibridos.cl\/ElOyente\/#website\",\"url\":\"https:\/\/relatoshibridos.cl\/ElOyente\/\",\"name\":\"El Oyente\",\"description\":\"En el Oyente viajamos a trav\u00e9s de las d\u00e9cadas para descubrir c\u00f3mo ha evolucionado el sonido que nos acompa\u00f1a. Desde los vibrantes a\u00f1os 70&#039;s hasta los virtuales 2020&#039;s, repasamos a los artistas m\u00e1s influyentes, los tracks que marcaron cada \u00e9poca y los g\u00e9neros que definieron tendencias.\",\"publisher\":{\"@id\":\"https:\/\/relatoshibridos.cl\/ElOyente\/#organization\"},\"potentialAction\":[{\"@type\":\"SearchAction\",\"target\":{\"@type\":\"EntryPoint\",\"urlTemplate\":\"https:\/\/relatoshibridos.cl\/ElOyente\/?s={search_term_string}\"},\"query-input\":{\"@type\":\"PropertyValueSpecification\",\"valueRequired\":true,\"valueName\":\"search_term_string\"}}],\"inLanguage\":\"es\"},{\"@type\":\"Organization\",\"@id\":\"https:\/\/relatoshibridos.cl\/ElOyente\/#organization\",\"name\":\"El Oyente\",\"url\":\"https:\/\/relatoshibridos.cl\/ElOyente\/\",\"logo\":{\"@type\":\"ImageObject\",\"inLanguage\":\"es\",\"@id\":\"https:\/\/relatoshibridos.cl\/ElOyente\/#\/schema\/logo\/image\/\",\"url\":\"https:\/\/relatoshibridos.cl\/ElOyente\/wp-content\/uploads\/2025\/08\/eloyo.png\",\"contentUrl\":\"https:\/\/relatoshibridos.cl\/ElOyente\/wp-content\/uploads\/2025\/08\/eloyo.png\",\"width\":855,\"height\":270,\"caption\":\"El Oyente\"},\"image\":{\"@id\":\"https:\/\/relatoshibridos.cl\/ElOyente\/#\/schema\/logo\/image\/\"}}]}<\/script>\n<!-- \/ Yoast SEO plugin. -->","yoast_head_json":{"title":"La d\u00e9cada de los 70","description":"Explora La d\u00e9cada de los 70 cuando el mundo se visti\u00f3 de vinilo y descubra c\u00f3mo la m\u00fasica reflej\u00f3 tensiones sociales y pol\u00edticas.","robots":{"index":"index","follow":"follow","max-snippet":"max-snippet:-1","max-image-preview":"max-image-preview:large","max-video-preview":"max-video-preview:-1"},"canonical":"https:\/\/relatoshibridos.cl\/ElOyente\/la-decada-de-los-70\/","og_locale":"es_ES","og_type":"article","og_title":"La d\u00e9cada de los 70","og_description":"Explora La d\u00e9cada de los 70 cuando el mundo se visti\u00f3 de vinilo y descubra c\u00f3mo la m\u00fasica reflej\u00f3 tensiones sociales y pol\u00edticas.","og_url":"https:\/\/relatoshibridos.cl\/ElOyente\/la-decada-de-los-70\/","og_site_name":"El Oyente","article_modified_time":"2025-11-18T15:03:48+00:00","og_image":[{"url":"https:\/\/upload.wikimedia.org\/wikipedia\/commons\/b\/b4\/The_Thin_White_Duke_76.jpg?20110125015234","type":"","width":"","height":""}],"twitter_card":"summary_large_image","twitter_misc":{"Tiempo de lectura":"3 minutos"},"schema":{"@context":"https:\/\/schema.org","@graph":[{"@type":"WebPage","@id":"https:\/\/relatoshibridos.cl\/ElOyente\/la-decada-de-los-70\/","url":"https:\/\/relatoshibridos.cl\/ElOyente\/la-decada-de-los-70\/","name":"La d\u00e9cada de los 70","isPartOf":{"@id":"https:\/\/relatoshibridos.cl\/ElOyente\/#website"},"primaryImageOfPage":{"@id":"https:\/\/relatoshibridos.cl\/ElOyente\/la-decada-de-los-70\/#primaryimage"},"image":{"@id":"https:\/\/relatoshibridos.cl\/ElOyente\/la-decada-de-los-70\/#primaryimage"},"thumbnailUrl":"https:\/\/upload.wikimedia.org\/wikipedia\/commons\/b\/b4\/The_Thin_White_Duke_76.jpg?20110125015234","datePublished":"2025-09-08T03:32:03+00:00","dateModified":"2025-11-18T15:03:48+00:00","description":"Explora La d\u00e9cada de los 70 cuando el mundo se visti\u00f3 de vinilo y descubra c\u00f3mo la m\u00fasica reflej\u00f3 tensiones sociales y pol\u00edticas.","breadcrumb":{"@id":"https:\/\/relatoshibridos.cl\/ElOyente\/la-decada-de-los-70\/#breadcrumb"},"inLanguage":"es","potentialAction":[{"@type":"ReadAction","target":["https:\/\/relatoshibridos.cl\/ElOyente\/la-decada-de-los-70\/"]}]},{"@type":"ImageObject","inLanguage":"es","@id":"https:\/\/relatoshibridos.cl\/ElOyente\/la-decada-de-los-70\/#primaryimage","url":"https:\/\/upload.wikimedia.org\/wikipedia\/commons\/b\/b4\/The_Thin_White_Duke_76.jpg?20110125015234","contentUrl":"https:\/\/upload.wikimedia.org\/wikipedia\/commons\/b\/b4\/The_Thin_White_Duke_76.jpg?20110125015234"},{"@type":"BreadcrumbList","@id":"https:\/\/relatoshibridos.cl\/ElOyente\/la-decada-de-los-70\/#breadcrumb","itemListElement":[{"@type":"ListItem","position":1,"name":"Portada","item":"https:\/\/relatoshibridos.cl\/ElOyente\/"},{"@type":"ListItem","position":2,"name":"Entrada: Cuando el mundo se visti\u00f3 de vinilo"}]},{"@type":"WebSite","@id":"https:\/\/relatoshibridos.cl\/ElOyente\/#website","url":"https:\/\/relatoshibridos.cl\/ElOyente\/","name":"El Oyente","description":"En el Oyente viajamos a trav\u00e9s de las d\u00e9cadas para descubrir c\u00f3mo ha evolucionado el sonido que nos acompa\u00f1a. Desde los vibrantes a\u00f1os 70&#039;s hasta los virtuales 2020&#039;s, repasamos a los artistas m\u00e1s influyentes, los tracks que marcaron cada \u00e9poca y los g\u00e9neros que definieron tendencias.","publisher":{"@id":"https:\/\/relatoshibridos.cl\/ElOyente\/#organization"},"potentialAction":[{"@type":"SearchAction","target":{"@type":"EntryPoint","urlTemplate":"https:\/\/relatoshibridos.cl\/ElOyente\/?s={search_term_string}"},"query-input":{"@type":"PropertyValueSpecification","valueRequired":true,"valueName":"search_term_string"}}],"inLanguage":"es"},{"@type":"Organization","@id":"https:\/\/relatoshibridos.cl\/ElOyente\/#organization","name":"El Oyente","url":"https:\/\/relatoshibridos.cl\/ElOyente\/","logo":{"@type":"ImageObject","inLanguage":"es","@id":"https:\/\/relatoshibridos.cl\/ElOyente\/#\/schema\/logo\/image\/","url":"https:\/\/relatoshibridos.cl\/ElOyente\/wp-content\/uploads\/2025\/08\/eloyo.png","contentUrl":"https:\/\/relatoshibridos.cl\/ElOyente\/wp-content\/uploads\/2025\/08\/eloyo.png","width":855,"height":270,"caption":"El Oyente"},"image":{"@id":"https:\/\/relatoshibridos.cl\/ElOyente\/#\/schema\/logo\/image\/"}}]}},"_links":{"self":[{"href":"https:\/\/relatoshibridos.cl\/ElOyente\/wp-json\/wp\/v2\/pages\/781","targetHints":{"allow":["GET"]}}],"collection":[{"href":"https:\/\/relatoshibridos.cl\/ElOyente\/wp-json\/wp\/v2\/pages"}],"about":[{"href":"https:\/\/relatoshibridos.cl\/ElOyente\/wp-json\/wp\/v2\/types\/page"}],"author":[{"embeddable":true,"href":"https:\/\/relatoshibridos.cl\/ElOyente\/wp-json\/wp\/v2\/users\/1"}],"replies":[{"embeddable":true,"href":"https:\/\/relatoshibridos.cl\/ElOyente\/wp-json\/wp\/v2\/comments?post=781"}],"version-history":[{"count":5,"href":"https:\/\/relatoshibridos.cl\/ElOyente\/wp-json\/wp\/v2\/pages\/781\/revisions"}],"predecessor-version":[{"id":1415,"href":"https:\/\/relatoshibridos.cl\/ElOyente\/wp-json\/wp\/v2\/pages\/781\/revisions\/1415"}],"wp:attachment":[{"href":"https:\/\/relatoshibridos.cl\/ElOyente\/wp-json\/wp\/v2\/media?parent=781"}],"curies":[{"name":"wp","href":"https:\/\/api.w.org\/{rel}","templated":true}]}}